{"id":24685,"date":"2025-11-28T12:01:07","date_gmt":"2025-11-28T11:01:07","guid":{"rendered":"https:\/\/vinothek-schmidli.ch\/?product=lagrein-riserva-linticlarus-doc-2021"},"modified":"2025-11-28T12:01:09","modified_gmt":"2025-11-28T11:01:09","slug":"lagrein-riserva-linticlarus-doc-2021","status":"publish","type":"product","link":"https:\/\/vinothek-schmidli.ch\/?product=lagrein-riserva-linticlarus-doc-2021","title":{"rendered":"Lagrein Riserva Linticlarus DOC 2021"},"content":{"rendered":"<table class=\"vino-product-specs\">\n<tbody>\n<tr>\n<th>Produzent<\/th>\n<td>Tiefenbrunner Schlosskellerei<\/td>\n<\/tr>\n<tr>\n<th>Land<\/th>\n<td>Italien<\/td>\n<\/tr>\n<tr>\n<th>Region<\/th>\n<td>S\u00fcdtirol<\/td>\n<\/tr>\n<tr>\n<th>Trauben<\/th>\n<td>Lagrein<\/td>\n<\/tr>\n<tr>\n<th>Inhalt<\/th>\n<td>75cl<\/td>\n<\/tr>\n<tr>\n<th>Jahrgang<\/th>\n<td>2021<\/td>\n<\/tr>\n<tr>\n<th>Volumen<\/th>\n<td>14.00<\/td>\n<\/tr>\n<tr class=\"vino-product-specs-desc\">\n<td colspan=\"2\">Vinifizierung: Maischeg\u00e4rung im Edelstahltank; anschlie\u00dfend biologischer S\u00e4ureabbau und 12-monatiger Ausbau im kleinen Eichenfass (Barrique); nach weiteren 6 Monaten im gro\u00dfen Holzfass noch ein Jahr in der Flasche gereift<\/p>\n<p>\nWeinbeschreibung: dunkelrubinrot in der Farbe und mit einem zarten Aroma nach Waldfr\u00fcchten und Kirschen pr\u00e4sentiert sich dieser typische S\u00fcdtiroler Wein. Feink\u00f6rnige, reife Tannine begleiten sein sch\u00f6nes S\u00e4urespiel und geben diesem Wein Kraft und Persistenz. Langer weicher Abgang.<\/td>\n<\/tr>\n<\/tbody>\n<\/table>\n","protected":false},"excerpt":{"rendered":"<p>Produzent Tiefenbrunner Schlosskellerei Land Italien Region S\u00fcdtirol Trauben Lagrein Inhalt 75cl Jahrgang 2021 Volumen 14.00 Vinifizierung: Maischeg\u00e4rung im Edelstahltank; anschlie\u00dfend biologischer S\u00e4ureabbau und 12-monatiger Ausbau im kleinen Eichenfass (Barrique); nach weiteren 6 Monaten im gro\u00dfen Holzfass noch ein Jahr in der Flasche gereift Weinbeschreibung: dunkelrubinrot [&hellip;]<\/p>\n","protected":false},"featured_media":24136,"template":"","meta":[],"product_brand":[1322],"product_cat":[947,963,999],"product_tag":[],"class_list":{"0":"post-24685","1":"product","2":"type-product","3":"status-publish","4":"has-post-thumbnail","6":"product_brand-tiefenbrunner-schlosskellerei","7":"product_cat-italien","8":"product_cat-rotwein","9":"product_cat-suedtirol","11":"first","12":"instock","13":"purchasable","14":"product-type-simple"},"_links":{"self":[{"href":"https:\/\/vinothek-schmidli.ch\/index.php?rest_route=\/wp\/v2\/product\/24685","targetHints":{"allow":["GET"]}}],"collection":[{"href":"https:\/\/vinothek-schmidli.ch\/index.php?rest_route=\/wp\/v2\/product"}],"about":[{"href":"https:\/\/vinothek-schmidli.ch\/index.php?rest_route=\/wp\/v2\/types\/product"}],"wp:featuredmedia":[{"embeddable":true,"href":"https:\/\/vinothek-schmidli.ch\/index.php?rest_route=\/wp\/v2\/media\/24136"}],"wp:attachment":[{"href":"https:\/\/vinothek-schmidli.ch\/index.php?rest_route=%2Fwp%2Fv2%2Fmedia&parent=24685"}],"wp:term":[{"taxonomy":"product_brand","embeddable":true,"href":"https:\/\/vinothek-schmidli.ch\/index.php?rest_route=%2Fwp%2Fv2%2Fproduct_brand&post=24685"},{"taxonomy":"product_cat","embeddable":true,"href":"https:\/\/vinothek-schmidli.ch\/index.php?rest_route=%2Fwp%2Fv2%2Fproduct_cat&post=24685"},{"taxonomy":"product_tag","embeddable":true,"href":"https:\/\/vinothek-schmidli.ch\/index.php?rest_route=%2Fwp%2Fv2%2Fproduct_tag&post=24685"}],"curies":[{"name":"wp","href":"https:\/\/api.w.org\/{rel}","templated":true}]}}