{"id":24689,"date":"2025-11-28T12:01:12","date_gmt":"2025-11-28T11:01:12","guid":{"rendered":"https:\/\/vinothek-schmidli.ch\/?product=cuvee-weiss-private-selection-aoc-2024"},"modified":"2025-11-28T12:01:12","modified_gmt":"2025-11-28T11:01:12","slug":"cuvee-weiss-private-selection-aoc-2024","status":"publish","type":"product","link":"https:\/\/vinothek-schmidli.ch\/?product=cuvee-weiss-private-selection-aoc-2024","title":{"rendered":"Cuv\u00e9e Weiss Private Selection AOC 2024"},"content":{"rendered":"<table class=\"vino-product-specs\">\n<tbody>\n<tr>\n<th>Produzent<\/th>\n<td>Vinothek Ren\u00e9 Schmidli<\/td>\n<\/tr>\n<tr>\n<th>Land<\/th>\n<td>Schweiz<\/td>\n<\/tr>\n<tr>\n<th>Region<\/th>\n<td>Aargau<\/td>\n<\/tr>\n<tr>\n<th>Trauben<\/th>\n<td>Blanc de Noir, Chardonnay, Pinot Blanc<\/td>\n<\/tr>\n<tr>\n<th>Inhalt<\/th>\n<td>75cl<\/td>\n<\/tr>\n<tr>\n<th>Jahrgang<\/th>\n<td>2024<\/td>\n<\/tr>\n<tr>\n<th>Volumen<\/th>\n<td>13.50<\/td>\n<\/tr>\n<tr class=\"vino-product-specs-desc\">\n<td colspan=\"2\">In Zusammenarbeit mit dem Weingut Baumgartner aus Tegerfelden<br \/>\nhaben wir unsere eigene Weisswein-Cuv\u00e9e kreiert. Die Private Selection Cuv\u00e9e Weiss vereint Regionalit\u00e4t und unsere Vorstellung an einen modernen Weisswein der vielf\u00e4llig genossen werden kann &#8211; ein Allesk\u00f6nner.<\/td>\n<\/tr>\n<\/tbody>\n<\/table>\n","protected":false},"excerpt":{"rendered":"<p>Produzent Vinothek Ren\u00e9 Schmidli Land Schweiz Region Aargau Trauben Blanc de Noir, Chardonnay, Pinot Blanc Inhalt 75cl Jahrgang 2024 Volumen 13.50 In Zusammenarbeit mit dem Weingut Baumgartner aus Tegerfelden haben wir unsere eigene Weisswein-Cuv\u00e9e kreiert. Die Private Selection Cuv\u00e9e Weiss vereint Regionalit\u00e4t und unsere Vorstellung [&hellip;]<\/p>\n","protected":false},"featured_media":24129,"template":"","meta":[],"product_brand":[1288],"product_cat":[1007,950,993],"product_tag":[],"class_list":{"0":"post-24689","1":"product","2":"type-product","3":"status-publish","4":"has-post-thumbnail","6":"product_brand-vinothek-rene-schmidli","7":"product_cat-aargau","8":"product_cat-schweiz","9":"product_cat-weisswein","11":"first","12":"instock","13":"purchasable","14":"product-type-simple"},"_links":{"self":[{"href":"https:\/\/vinothek-schmidli.ch\/index.php?rest_route=\/wp\/v2\/product\/24689","targetHints":{"allow":["GET"]}}],"collection":[{"href":"https:\/\/vinothek-schmidli.ch\/index.php?rest_route=\/wp\/v2\/product"}],"about":[{"href":"https:\/\/vinothek-schmidli.ch\/index.php?rest_route=\/wp\/v2\/types\/product"}],"wp:featuredmedia":[{"embeddable":true,"href":"https:\/\/vinothek-schmidli.ch\/index.php?rest_route=\/wp\/v2\/media\/24129"}],"wp:attachment":[{"href":"https:\/\/vinothek-schmidli.ch\/index.php?rest_route=%2Fwp%2Fv2%2Fmedia&parent=24689"}],"wp:term":[{"taxonomy":"product_brand","embeddable":true,"href":"https:\/\/vinothek-schmidli.ch\/index.php?rest_route=%2Fwp%2Fv2%2Fproduct_brand&post=24689"},{"taxonomy":"product_cat","embeddable":true,"href":"https:\/\/vinothek-schmidli.ch\/index.php?rest_route=%2Fwp%2Fv2%2Fproduct_cat&post=24689"},{"taxonomy":"product_tag","embeddable":true,"href":"https:\/\/vinothek-schmidli.ch\/index.php?rest_route=%2Fwp%2Fv2%2Fproduct_tag&post=24689"}],"curies":[{"name":"wp","href":"https:\/\/api.w.org\/{rel}","templated":true}]}}