{"id":24697,"date":"2025-11-28T12:01:12","date_gmt":"2025-11-28T11:01:12","guid":{"rendered":"https:\/\/vinothek-schmidli.ch\/?product=cicero-signum-completer-aoc-2023"},"modified":"2025-11-28T12:01:13","modified_gmt":"2025-11-28T11:01:13","slug":"cicero-signum-completer-aoc-2023","status":"publish","type":"product","link":"https:\/\/vinothek-schmidli.ch\/?product=cicero-signum-completer-aoc-2023","title":{"rendered":"Cicero Signum Completer AOC 2023"},"content":{"rendered":"<table class=\"vino-product-specs\">\n<tbody>\n<tr>\n<th>Produzent<\/th>\n<td>Divino<\/td>\n<\/tr>\n<tr>\n<th>Land<\/th>\n<td>Schweiz<\/td>\n<\/tr>\n<tr>\n<th>Region<\/th>\n<td>Graub\u00fcnden<\/td>\n<\/tr>\n<tr>\n<th>Trauben<\/th>\n<td>Completer<\/td>\n<\/tr>\n<tr>\n<th>Inhalt<\/th>\n<td>75cl<\/td>\n<\/tr>\n<tr>\n<th>Jahrgang<\/th>\n<td>2023<\/td>\n<\/tr>\n<tr>\n<th>Volumen<\/th>\n<td>14.00<\/td>\n<\/tr>\n<tr class=\"vino-product-specs-desc\">\n<td colspan=\"2\">ure Eleganz aus kraftvoller Natur. Die Rebsorte Completer pr\u00e4sentiert sich von ihrer besten Seite \u2013 mit viel Tiefe, Struktur und Raffinesse. Ein Ausdruck des sonnenverw\u00f6hnten B\u00fcndner Terroirs.<\/p>\n<p>Erstrahlend im Strohgelb pr\u00e4sentiert sich der Wein mit Aromen von karamellisierter Vanille, ger\u00f6steten Kaffeebohnen und frischen Limetten sowie zarte Nuancen von weissen Bl\u00fcten und Quitten sowie einer dezenten Rauchnote. Am Gaumen begeistert der Wein mit einem buttrig-cremigen Mundgef\u00fchl und vollem K\u00f6rper. Die Fassreifung verleiht dem Wein Struktur und Komplexit\u00e4t. Der Abgang ist gepr\u00e4gt von einem kraftvollen Extrakt, der die Eleganz und St\u00e4rke dieses aussergew\u00f6hnlichen Weins unterstreicht.<\/td>\n<\/tr>\n<\/tbody>\n<\/table>\n","protected":false},"excerpt":{"rendered":"<p>Produzent Divino Land Schweiz Region Graub\u00fcnden Trauben Completer Inhalt 75cl Jahrgang 2023 Volumen 14.00 ure Eleganz aus kraftvoller Natur. Die Rebsorte Completer pr\u00e4sentiert sich von ihrer besten Seite \u2013 mit viel Tiefe, Struktur und Raffinesse. Ein Ausdruck des sonnenverw\u00f6hnten B\u00fcndner Terroirs. Erstrahlend im Strohgelb pr\u00e4sentiert [&hellip;]<\/p>\n","protected":false},"featured_media":24107,"template":"","meta":[],"product_brand":[1328],"product_cat":[1343,950,993],"product_tag":[],"class_list":{"0":"post-24697","1":"product","2":"type-product","3":"status-publish","4":"has-post-thumbnail","6":"product_brand-divino","7":"product_cat-graubuenden","8":"product_cat-schweiz","9":"product_cat-weisswein","11":"first","12":"instock","13":"purchasable","14":"product-type-simple"},"_links":{"self":[{"href":"https:\/\/vinothek-schmidli.ch\/index.php?rest_route=\/wp\/v2\/product\/24697","targetHints":{"allow":["GET"]}}],"collection":[{"href":"https:\/\/vinothek-schmidli.ch\/index.php?rest_route=\/wp\/v2\/product"}],"about":[{"href":"https:\/\/vinothek-schmidli.ch\/index.php?rest_route=\/wp\/v2\/types\/product"}],"wp:featuredmedia":[{"embeddable":true,"href":"https:\/\/vinothek-schmidli.ch\/index.php?rest_route=\/wp\/v2\/media\/24107"}],"wp:attachment":[{"href":"https:\/\/vinothek-schmidli.ch\/index.php?rest_route=%2Fwp%2Fv2%2Fmedia&parent=24697"}],"wp:term":[{"taxonomy":"product_brand","embeddable":true,"href":"https:\/\/vinothek-schmidli.ch\/index.php?rest_route=%2Fwp%2Fv2%2Fproduct_brand&post=24697"},{"taxonomy":"product_cat","embeddable":true,"href":"https:\/\/vinothek-schmidli.ch\/index.php?rest_route=%2Fwp%2Fv2%2Fproduct_cat&post=24697"},{"taxonomy":"product_tag","embeddable":true,"href":"https:\/\/vinothek-schmidli.ch\/index.php?rest_route=%2Fwp%2Fv2%2Fproduct_tag&post=24697"}],"curies":[{"name":"wp","href":"https:\/\/api.w.org\/{rel}","templated":true}]}}