{"id":24718,"date":"2025-11-28T12:01:16","date_gmt":"2025-11-28T11:01:16","guid":{"rendered":"https:\/\/vinothek-schmidli.ch\/?product=rosato-rovere-doc-2023"},"modified":"2025-11-28T12:01:17","modified_gmt":"2025-11-28T11:01:17","slug":"rosato-rovere-doc-2023","status":"publish","type":"product","link":"https:\/\/vinothek-schmidli.ch\/?product=rosato-rovere-doc-2023","title":{"rendered":"Rosato Rovere DOC 2023"},"content":{"rendered":"<table class=\"vino-product-specs\">\n<tbody>\n<tr>\n<th>Produzent<\/th>\n<td>Guido Brivio<\/td>\n<\/tr>\n<tr>\n<th>Land<\/th>\n<td>Schweiz<\/td>\n<\/tr>\n<tr>\n<th>Region<\/th>\n<td>Tessin<\/td>\n<\/tr>\n<tr>\n<th>Trauben<\/th>\n<td>Merlot<\/td>\n<\/tr>\n<tr>\n<th>Inhalt<\/th>\n<td>75cl<\/td>\n<\/tr>\n<tr>\n<th>Jahrgang<\/th>\n<td>2023<\/td>\n<\/tr>\n<tr>\n<th>Volumen<\/th>\n<td>13.00<\/td>\n<\/tr>\n<tr class=\"vino-product-specs-desc\">\n<td colspan=\"2\">Der neue Rosato Rovere aus dem Hause Gialdi Vini erg\u00e4nzt das imposante Portfolio des Tessiner Winzers um eine weitere Attraktion. Der 100%ige Merlot im zarten Ros\u00e9 wurde in grossen Eichenf\u00e4ssern und in Barriques ausgebaut.<\/p>\n<p>\nZwiebelschalefarbenes Ros\u00e9. Kleine, rote Beeren, die an Himbeeren und Kirschen erinnern, paaren sich mit Mandelbl\u00fcten, sanften R\u00f6staromen und Akazien. Am Gaumen macht sich rasch eine ausgepr\u00e4gte Fruchtigkeit breit, nun auch Johannisbeeren und zitrische Noten, erg\u00e4nzt durch eine bezaubernde Frische, sanfte Toastingnoten und eine Spur Zimt, dahinter auch Vanille; aromatisch nicht nachlassend bis ins vibrierende, temperamentvolle Finale.<\/td>\n<\/tr>\n<\/tbody>\n<\/table>\n","protected":false},"excerpt":{"rendered":"<p>Produzent Guido Brivio Land Schweiz Region Tessin Trauben Merlot Inhalt 75cl Jahrgang 2023 Volumen 13.00 Der neue Rosato Rovere aus dem Hause Gialdi Vini erg\u00e4nzt das imposante Portfolio des Tessiner Winzers um eine weitere Attraktion. Der 100%ige Merlot im zarten Ros\u00e9 wurde in grossen Eichenf\u00e4ssern [&hellip;]<\/p>\n","protected":false},"featured_media":24106,"template":"","meta":[],"product_brand":[1261],"product_cat":[967,950,1017],"product_tag":[],"class_list":{"0":"post-24718","1":"product","2":"type-product","3":"status-publish","4":"has-post-thumbnail","6":"product_brand-guido-brivio","7":"product_cat-rose","8":"product_cat-schweiz","9":"product_cat-tessin","11":"first","12":"instock","13":"purchasable","14":"product-type-simple"},"_links":{"self":[{"href":"https:\/\/vinothek-schmidli.ch\/index.php?rest_route=\/wp\/v2\/product\/24718","targetHints":{"allow":["GET"]}}],"collection":[{"href":"https:\/\/vinothek-schmidli.ch\/index.php?rest_route=\/wp\/v2\/product"}],"about":[{"href":"https:\/\/vinothek-schmidli.ch\/index.php?rest_route=\/wp\/v2\/types\/product"}],"wp:featuredmedia":[{"embeddable":true,"href":"https:\/\/vinothek-schmidli.ch\/index.php?rest_route=\/wp\/v2\/media\/24106"}],"wp:attachment":[{"href":"https:\/\/vinothek-schmidli.ch\/index.php?rest_route=%2Fwp%2Fv2%2Fmedia&parent=24718"}],"wp:term":[{"taxonomy":"product_brand","embeddable":true,"href":"https:\/\/vinothek-schmidli.ch\/index.php?rest_route=%2Fwp%2Fv2%2Fproduct_brand&post=24718"},{"taxonomy":"product_cat","embeddable":true,"href":"https:\/\/vinothek-schmidli.ch\/index.php?rest_route=%2Fwp%2Fv2%2Fproduct_cat&post=24718"},{"taxonomy":"product_tag","embeddable":true,"href":"https:\/\/vinothek-schmidli.ch\/index.php?rest_route=%2Fwp%2Fv2%2Fproduct_tag&post=24718"}],"curies":[{"name":"wp","href":"https:\/\/api.w.org\/{rel}","templated":true}]}}