{"id":24870,"date":"2026-04-20T09:24:08","date_gmt":"2026-04-20T08:24:08","guid":{"rendered":"https:\/\/vinothek-schmidli.ch\/?product=prosecco-do-cuvee-nobile-brut-millesimato-doc"},"modified":"2026-04-20T09:24:08","modified_gmt":"2026-04-20T08:24:08","slug":"prosecco-do-cuvee-nobile-brut-millesimato-doc","status":"publish","type":"product","link":"https:\/\/vinothek-schmidli.ch\/?product=prosecco-do-cuvee-nobile-brut-millesimato-doc","title":{"rendered":"Prosecco d&#8217;O Cuv\u00e9e Nobile Brut Millesimato DOC"},"content":{"rendered":"<table class=\"vino-product-specs\">\n<tbody>\n<tr>\n<th>Produzent<\/th>\n<td>Fattoria Conca d&#8217;Oro<\/td>\n<\/tr>\n<tr>\n<th>Land<\/th>\n<td>Italien<\/td>\n<\/tr>\n<tr>\n<th>Region<\/th>\n<td>Veneto<\/td>\n<\/tr>\n<tr>\n<th>Trauben<\/th>\n<td>Prosecco Balbi<\/td>\n<\/tr>\n<tr>\n<th>Inhalt<\/th>\n<td>75 cl<\/td>\n<\/tr>\n<tr>\n<th>Jahrgang<\/th>\n<td><\/td>\n<\/tr>\n<tr>\n<th>Volumen<\/th>\n<td>11.50<\/td>\n<\/tr>\n<tr class=\"vino-product-specs-desc\">\n<td colspan=\"2\">Feine und sanfte Perlage Er zeigt ein frisches und fruchtiges Aroma<br \/>\nwelches an Grapefruit und gr\u00fcner Apfel erinnert. Blumige Ankl\u00e4nge<br \/>\nnach Akazienbl\u00fcten. Am Gaumen trocken und elegant.<\/td>\n<\/tr>\n<\/tbody>\n<\/table>\n","protected":false},"excerpt":{"rendered":"<p>Produzent Fattoria Conca d&#8217;Oro Land Italien Region Veneto Trauben Prosecco Balbi Inhalt 75 cl Jahrgang Volumen 11.50 Feine und sanfte Perlage Er zeigt ein frisches und fruchtiges Aroma welches an Grapefruit und gr\u00fcner Apfel erinnert. Blumige Ankl\u00e4nge nach Akazienbl\u00fcten. Am Gaumen trocken und elegant.<\/p>\n","protected":false},"featured_media":23987,"template":"","meta":[],"product_brand":[1060],"product_cat":[954,947,948],"product_tag":[],"class_list":{"0":"post-24870","1":"product","2":"type-product","3":"status-publish","4":"has-post-thumbnail","6":"product_brand-fattoria-conca-doro","7":"product_cat-champagner-schaumwein","8":"product_cat-italien","9":"product_cat-veneto","11":"first","12":"instock","13":"purchasable","14":"product-type-simple"},"_links":{"self":[{"href":"https:\/\/vinothek-schmidli.ch\/index.php?rest_route=\/wp\/v2\/product\/24870","targetHints":{"allow":["GET"]}}],"collection":[{"href":"https:\/\/vinothek-schmidli.ch\/index.php?rest_route=\/wp\/v2\/product"}],"about":[{"href":"https:\/\/vinothek-schmidli.ch\/index.php?rest_route=\/wp\/v2\/types\/product"}],"wp:featuredmedia":[{"embeddable":true,"href":"https:\/\/vinothek-schmidli.ch\/index.php?rest_route=\/wp\/v2\/media\/23987"}],"wp:attachment":[{"href":"https:\/\/vinothek-schmidli.ch\/index.php?rest_route=%2Fwp%2Fv2%2Fmedia&parent=24870"}],"wp:term":[{"taxonomy":"product_brand","embeddable":true,"href":"https:\/\/vinothek-schmidli.ch\/index.php?rest_route=%2Fwp%2Fv2%2Fproduct_brand&post=24870"},{"taxonomy":"product_cat","embeddable":true,"href":"https:\/\/vinothek-schmidli.ch\/index.php?rest_route=%2Fwp%2Fv2%2Fproduct_cat&post=24870"},{"taxonomy":"product_tag","embeddable":true,"href":"https:\/\/vinothek-schmidli.ch\/index.php?rest_route=%2Fwp%2Fv2%2Fproduct_tag&post=24870"}],"curies":[{"name":"wp","href":"https:\/\/api.w.org\/{rel}","templated":true}]}}