{"id":24880,"date":"2026-04-20T09:24:08","date_gmt":"2026-04-20T08:24:08","guid":{"rendered":"https:\/\/vinothek-schmidli.ch\/?product=porto-niepoort-vintage-2005"},"modified":"2026-04-20T09:24:10","modified_gmt":"2026-04-20T08:24:10","slug":"porto-niepoort-vintage-2005","status":"publish","type":"product","link":"https:\/\/vinothek-schmidli.ch\/?product=porto-niepoort-vintage-2005","title":{"rendered":"Porto Niepoort Vintage 2005"},"content":{"rendered":"<table class=\"vino-product-specs\">\n<tbody>\n<tr>\n<th>Produzent<\/th>\n<td>Niepoort<\/td>\n<\/tr>\n<tr>\n<th>Land<\/th>\n<td>Portugal<\/td>\n<\/tr>\n<tr>\n<th>Region<\/th>\n<td>Porto<\/td>\n<\/tr>\n<tr>\n<th>Trauben<\/th>\n<td>Periquita, Tinta C\u00e3o, Tinta Roriz, Tinta Barroca, Touriga Franca, Touriga Nacional<\/td>\n<\/tr>\n<tr>\n<th>Inhalt<\/th>\n<td>75 cl<\/td>\n<\/tr>\n<tr>\n<th>Jahrgang<\/th>\n<td><\/td>\n<\/tr>\n<tr>\n<th>Volumen<\/th>\n<td>20.00<\/td>\n<\/tr>\n<tr class=\"vino-product-specs-desc\">\n<td colspan=\"2\">Einer der besten Vintages der Welt. Im Glas dunkles, tiefes und dichtes Purpur, fast schwarz. In der Nase komplex und tiefgr\u00fcndig mit Aromen von Caramel, Feigen und kandierten Fr\u00fcchten. Am Gaumen dicht und kraftvoll, zugleich elegant, mit perfekter Tanninstruktur und Noten von Waldbeeren und Korinthen. Der Abgang ist aussergew\u00f6hnlich lang und bleibt eindr\u00fccklich h\u00e4ngen.<\/p>\n<p>Ein Portwein mit enormem Reifepotenzial, der jung bereits viel Frucht zeigt und auch nach Jahrzehnten noch erstklassig sein kann. Nach dem \u00d6ffnen empfiehlt sich Dekantieren und der Genuss innerhalb von zehn Tagen.<\/td>\n<\/tr>\n<\/tbody>\n<\/table>\n","protected":false},"excerpt":{"rendered":"<p>Produzent Niepoort Land Portugal Region Porto Trauben Periquita, Tinta C\u00e3o, Tinta Roriz, Tinta Barroca, Touriga Franca, Touriga Nacional Inhalt 75 cl Jahrgang Volumen 20.00 Einer der besten Vintages der Welt. Im Glas dunkles, tiefes und dichtes Purpur, fast schwarz. In der Nase komplex und tiefgr\u00fcndig [&hellip;]<\/p>\n","protected":false},"featured_media":24181,"template":"","meta":[],"product_brand":[1093],"product_cat":[985,976,965],"product_tag":[],"class_list":{"0":"post-24880","1":"product","2":"type-product","3":"status-publish","4":"has-post-thumbnail","6":"product_brand-niepoort","7":"product_cat-porto","8":"product_cat-portugal","9":"product_cat-suesswein","11":"first","12":"instock","13":"purchasable","14":"product-type-simple"},"_links":{"self":[{"href":"https:\/\/vinothek-schmidli.ch\/index.php?rest_route=\/wp\/v2\/product\/24880","targetHints":{"allow":["GET"]}}],"collection":[{"href":"https:\/\/vinothek-schmidli.ch\/index.php?rest_route=\/wp\/v2\/product"}],"about":[{"href":"https:\/\/vinothek-schmidli.ch\/index.php?rest_route=\/wp\/v2\/types\/product"}],"wp:featuredmedia":[{"embeddable":true,"href":"https:\/\/vinothek-schmidli.ch\/index.php?rest_route=\/wp\/v2\/media\/24181"}],"wp:attachment":[{"href":"https:\/\/vinothek-schmidli.ch\/index.php?rest_route=%2Fwp%2Fv2%2Fmedia&parent=24880"}],"wp:term":[{"taxonomy":"product_brand","embeddable":true,"href":"https:\/\/vinothek-schmidli.ch\/index.php?rest_route=%2Fwp%2Fv2%2Fproduct_brand&post=24880"},{"taxonomy":"product_cat","embeddable":true,"href":"https:\/\/vinothek-schmidli.ch\/index.php?rest_route=%2Fwp%2Fv2%2Fproduct_cat&post=24880"},{"taxonomy":"product_tag","embeddable":true,"href":"https:\/\/vinothek-schmidli.ch\/index.php?rest_route=%2Fwp%2Fv2%2Fproduct_tag&post=24880"}],"curies":[{"name":"wp","href":"https:\/\/api.w.org\/{rel}","templated":true}]}}