{"id":24889,"date":"2026-04-20T09:24:08","date_gmt":"2026-04-20T08:24:08","guid":{"rendered":"https:\/\/vinothek-schmidli.ch\/?product=moscato-spumante"},"modified":"2026-04-20T09:24:12","modified_gmt":"2026-04-20T08:24:12","slug":"moscato-spumante","status":"publish","type":"product","link":"https:\/\/vinothek-schmidli.ch\/?product=moscato-spumante","title":{"rendered":"Moscato Spumante"},"content":{"rendered":"<table class=\"vino-product-specs\">\n<tbody>\n<tr>\n<th>Produzent<\/th>\n<td>Fattoria Conca d&#8217;Oro<\/td>\n<\/tr>\n<tr>\n<th>Land<\/th>\n<td>Italien<\/td>\n<\/tr>\n<tr>\n<th>Region<\/th>\n<td>Veneto<\/td>\n<\/tr>\n<tr>\n<th>Trauben<\/th>\n<td>100 % Moscato<\/td>\n<\/tr>\n<tr>\n<th>Inhalt<\/th>\n<td>75cl<\/td>\n<\/tr>\n<tr>\n<th>Jahrgang<\/th>\n<td><\/td>\n<\/tr>\n<tr>\n<th>Volumen<\/th>\n<td>8.00<\/td>\n<\/tr>\n<tr class=\"vino-product-specs-desc\">\n<td colspan=\"2\">Dieser Moscato Spumante Dolce wird nach der Charmat Methode hergestellt und begeistert mit einer feinen, anhaltenden Perlage. In der Nase stark aromatisch mit Ankl\u00e4ngen von Rose und reifen Fr\u00fcchten. Am Gaumen zart, s\u00fcss und samtig.<\/p>\n<p>Ein ausgezeichneter Aperitif und ideal zu Desserts.<\/td>\n<\/tr>\n<\/tbody>\n<\/table>\n","protected":false},"excerpt":{"rendered":"<p>Produzent Fattoria Conca d&#8217;Oro Land Italien Region Veneto Trauben 100 % Moscato Inhalt 75cl Jahrgang Volumen 8.00 Dieser Moscato Spumante Dolce wird nach der Charmat Methode hergestellt und begeistert mit einer feinen, anhaltenden Perlage. In der Nase stark aromatisch mit Ankl\u00e4ngen von Rose und reifen [&hellip;]<\/p>\n","protected":false},"featured_media":23989,"template":"","meta":[],"product_brand":[1060],"product_cat":[954,947,948],"product_tag":[],"class_list":{"0":"post-24889","1":"product","2":"type-product","3":"status-publish","4":"has-post-thumbnail","6":"product_brand-fattoria-conca-doro","7":"product_cat-champagner-schaumwein","8":"product_cat-italien","9":"product_cat-veneto","11":"first","12":"instock","13":"purchasable","14":"product-type-simple"},"_links":{"self":[{"href":"https:\/\/vinothek-schmidli.ch\/index.php?rest_route=\/wp\/v2\/product\/24889","targetHints":{"allow":["GET"]}}],"collection":[{"href":"https:\/\/vinothek-schmidli.ch\/index.php?rest_route=\/wp\/v2\/product"}],"about":[{"href":"https:\/\/vinothek-schmidli.ch\/index.php?rest_route=\/wp\/v2\/types\/product"}],"wp:featuredmedia":[{"embeddable":true,"href":"https:\/\/vinothek-schmidli.ch\/index.php?rest_route=\/wp\/v2\/media\/23989"}],"wp:attachment":[{"href":"https:\/\/vinothek-schmidli.ch\/index.php?rest_route=%2Fwp%2Fv2%2Fmedia&parent=24889"}],"wp:term":[{"taxonomy":"product_brand","embeddable":true,"href":"https:\/\/vinothek-schmidli.ch\/index.php?rest_route=%2Fwp%2Fv2%2Fproduct_brand&post=24889"},{"taxonomy":"product_cat","embeddable":true,"href":"https:\/\/vinothek-schmidli.ch\/index.php?rest_route=%2Fwp%2Fv2%2Fproduct_cat&post=24889"},{"taxonomy":"product_tag","embeddable":true,"href":"https:\/\/vinothek-schmidli.ch\/index.php?rest_route=%2Fwp%2Fv2%2Fproduct_tag&post=24889"}],"curies":[{"name":"wp","href":"https:\/\/api.w.org\/{rel}","templated":true}]}}