{"id":24903,"date":"2026-04-20T09:24:14","date_gmt":"2026-04-20T08:24:14","guid":{"rendered":"https:\/\/vinothek-schmidli.ch\/?product=barolo-serralunga-dalba-docg-2018"},"modified":"2026-04-20T09:24:17","modified_gmt":"2026-04-20T08:24:17","slug":"barolo-serralunga-dalba-docg-2018","status":"publish","type":"product","link":"https:\/\/vinothek-schmidli.ch\/?product=barolo-serralunga-dalba-docg-2018","title":{"rendered":"Barolo Serralunga d&#8217;Alba DOCG 2018"},"content":{"rendered":"<table class=\"vino-product-specs\">\n<tbody>\n<tr>\n<th>Produzent<\/th>\n<td>Negro Angelo &#038; Figli<\/td>\n<\/tr>\n<tr>\n<th>Land<\/th>\n<td>Italien<\/td>\n<\/tr>\n<tr>\n<th>Region<\/th>\n<td>Piemont<\/td>\n<\/tr>\n<tr>\n<th>Trauben<\/th>\n<td>100% Nebiolo<\/td>\n<\/tr>\n<tr>\n<th>Inhalt<\/th>\n<td>75cl<\/td>\n<\/tr>\n<tr>\n<th>Jahrgang<\/th>\n<td>2018<\/td>\n<\/tr>\n<tr>\n<th>Volumen<\/th>\n<td>14.00<\/td>\n<\/tr>\n<tr class=\"vino-product-specs-desc\">\n<td colspan=\"2\">Dieser Wein stammt aus den Weinbergen der Gemeinde Serralunga d\u0092Alba in der Lage Baudana. Die B\u00f6den sind gepr\u00e4gt von alten Flussablagerungen und bestehen aus Mergel, kalkhaltigem Ton und Sandstein. In Kombination mit dem besonderen Mikroklima entstehen hier ideale Bedingungen f\u00fcr die edle Nebbiolo Traube. Die Lage z\u00e4hlt zu den renommiertesten der Barolo Region und ist bekannt f\u00fcr Weine mit Struktur, Tiefe und grossem Reifepotenzial.<\/p>\n<p>Im Glas zeigt sich dieser Barolo in einer tiefen granatroten Farbe. In der Nase wirkt er klar und intensiv mit Aromen von Veilchen erg\u00e4nzt durch Kirschen und dunkle Waldfr\u00fcchte. Am Gaumen pr\u00e4sentiert sich dieser Wein kraftvoll und ausgewogen mit elegant eingebundenen, seidenweichen Tanninen. <\/p>\n<p>Ein charaktervoller Barolo, der die Typizit\u00e4t von Serralunga d\u0092Alba eindrucksvoll widerspiegelt. Besonders passend zu Rindfleischgerichten, Schmorgerichten oder Tr\u00fcffelrisotto. Ein Wein f\u00fcr ruhige Genussmomente und besondere Anl\u00e4sse.<\/td>\n<\/tr>\n<\/tbody>\n<\/table>\n","protected":false},"excerpt":{"rendered":"<p>Produzent Negro Angelo &#038; Figli Land Italien Region Piemont Trauben 100% Nebiolo Inhalt 75cl Jahrgang 2018 Volumen 14.00 Dieser Wein stammt aus den Weinbergen der Gemeinde Serralunga d\u0092Alba in der Lage Baudana. Die B\u00f6den sind gepr\u00e4gt von alten Flussablagerungen und bestehen aus Mergel, kalkhaltigem Ton [&hellip;]<\/p>\n","protected":false},"featured_media":24016,"template":"","meta":[],"product_brand":[1069],"product_cat":[947,949,963],"product_tag":[],"class_list":{"0":"post-24903","1":"product","2":"type-product","3":"status-publish","4":"has-post-thumbnail","6":"product_brand-negro-angelo-figli","7":"product_cat-italien","8":"product_cat-piemont","9":"product_cat-rotwein","11":"first","12":"instock","13":"purchasable","14":"product-type-simple"},"_links":{"self":[{"href":"https:\/\/vinothek-schmidli.ch\/index.php?rest_route=\/wp\/v2\/product\/24903","targetHints":{"allow":["GET"]}}],"collection":[{"href":"https:\/\/vinothek-schmidli.ch\/index.php?rest_route=\/wp\/v2\/product"}],"about":[{"href":"https:\/\/vinothek-schmidli.ch\/index.php?rest_route=\/wp\/v2\/types\/product"}],"wp:featuredmedia":[{"embeddable":true,"href":"https:\/\/vinothek-schmidli.ch\/index.php?rest_route=\/wp\/v2\/media\/24016"}],"wp:attachment":[{"href":"https:\/\/vinothek-schmidli.ch\/index.php?rest_route=%2Fwp%2Fv2%2Fmedia&parent=24903"}],"wp:term":[{"taxonomy":"product_brand","embeddable":true,"href":"https:\/\/vinothek-schmidli.ch\/index.php?rest_route=%2Fwp%2Fv2%2Fproduct_brand&post=24903"},{"taxonomy":"product_cat","embeddable":true,"href":"https:\/\/vinothek-schmidli.ch\/index.php?rest_route=%2Fwp%2Fv2%2Fproduct_cat&post=24903"},{"taxonomy":"product_tag","embeddable":true,"href":"https:\/\/vinothek-schmidli.ch\/index.php?rest_route=%2Fwp%2Fv2%2Fproduct_tag&post=24903"}],"curies":[{"name":"wp","href":"https:\/\/api.w.org\/{rel}","templated":true}]}}