{"id":24906,"date":"2026-04-20T09:24:14","date_gmt":"2026-04-20T08:24:14","guid":{"rendered":"https:\/\/vinothek-schmidli.ch\/?product=alto-moncayo-do-2021"},"modified":"2026-04-20T09:24:18","modified_gmt":"2026-04-20T08:24:18","slug":"alto-moncayo-do-2021","status":"publish","type":"product","link":"https:\/\/vinothek-schmidli.ch\/?product=alto-moncayo-do-2021","title":{"rendered":"Alto Moncayo DO 2021"},"content":{"rendered":"<table class=\"vino-product-specs\">\n<tbody>\n<tr>\n<th>Produzent<\/th>\n<td>Bodegas Alto Moncayo<\/td>\n<\/tr>\n<tr>\n<th>Land<\/th>\n<td>Spanien<\/td>\n<\/tr>\n<tr>\n<th>Region<\/th>\n<td>Campo de Borja<\/td>\n<\/tr>\n<tr>\n<th>Trauben<\/th>\n<td>Garnacha<\/td>\n<\/tr>\n<tr>\n<th>Inhalt<\/th>\n<td>75cl<\/td>\n<\/tr>\n<tr>\n<th>Jahrgang<\/th>\n<td>2021<\/td>\n<\/tr>\n<tr>\n<th>Volumen<\/th>\n<td>16.00<\/td>\n<\/tr>\n<tr class=\"vino-product-specs-desc\">\n<td colspan=\"2\">Alto Moncayo ist das Flaggschiff des Weinguts und ein kraftvoller, hochwertiger Garnacha-Rotwein aus alten Reben. Die 40\u009670 Jahre alten Rebst\u00f6cke wachsen in H\u00f6henlagen zwischen 550 und 850 Metern und bringen besonders konzentrierte Trauben hervor. Der Wein reift 20 Monate in neuen franz\u00f6sischen und amerikanischen Eichenf\u00e4ssern.<\/p>\n<p>In der Nase ist er sehr komplex, mit Aromen von dunklen Fr\u00fcchten, Balsamico und feinen R\u00f6staromen. Am Gaumen zeigt er sich kr\u00e4ftig, saftig und gut strukturiert, zugleich seidig und elegant, mit reifen, angenehmen Tanninen. Ein intensiver, ausdrucksstarker Wein mit Tiefe, der Kraft und Finesse perfekt verbindet.<\/td>\n<\/tr>\n<\/tbody>\n<\/table>\n","protected":false},"excerpt":{"rendered":"<p>Produzent Bodegas Alto Moncayo Land Spanien Region Campo de Borja Trauben Garnacha Inhalt 75cl Jahrgang 2021 Volumen 16.00 Alto Moncayo ist das Flaggschiff des Weinguts und ein kraftvoller, hochwertiger Garnacha-Rotwein aus alten Reben. Die 40\u009670 Jahre alten Rebst\u00f6cke wachsen in H\u00f6henlagen zwischen 550 und 850 [&hellip;]<\/p>\n","protected":false},"featured_media":24068,"template":"","meta":[],"product_brand":[1146],"product_cat":[1006,963,960],"product_tag":[],"class_list":{"0":"post-24906","1":"product","2":"type-product","3":"status-publish","4":"has-post-thumbnail","6":"product_brand-bodegas-alto-moncayo","7":"product_cat-campo-de-borja","8":"product_cat-rotwein","9":"product_cat-spanien","11":"first","12":"instock","13":"purchasable","14":"product-type-simple"},"_links":{"self":[{"href":"https:\/\/vinothek-schmidli.ch\/index.php?rest_route=\/wp\/v2\/product\/24906","targetHints":{"allow":["GET"]}}],"collection":[{"href":"https:\/\/vinothek-schmidli.ch\/index.php?rest_route=\/wp\/v2\/product"}],"about":[{"href":"https:\/\/vinothek-schmidli.ch\/index.php?rest_route=\/wp\/v2\/types\/product"}],"wp:featuredmedia":[{"embeddable":true,"href":"https:\/\/vinothek-schmidli.ch\/index.php?rest_route=\/wp\/v2\/media\/24068"}],"wp:attachment":[{"href":"https:\/\/vinothek-schmidli.ch\/index.php?rest_route=%2Fwp%2Fv2%2Fmedia&parent=24906"}],"wp:term":[{"taxonomy":"product_brand","embeddable":true,"href":"https:\/\/vinothek-schmidli.ch\/index.php?rest_route=%2Fwp%2Fv2%2Fproduct_brand&post=24906"},{"taxonomy":"product_cat","embeddable":true,"href":"https:\/\/vinothek-schmidli.ch\/index.php?rest_route=%2Fwp%2Fv2%2Fproduct_cat&post=24906"},{"taxonomy":"product_tag","embeddable":true,"href":"https:\/\/vinothek-schmidli.ch\/index.php?rest_route=%2Fwp%2Fv2%2Fproduct_tag&post=24906"}],"curies":[{"name":"wp","href":"https:\/\/api.w.org\/{rel}","templated":true}]}}