{"id":24935,"date":"2026-04-20T09:24:27","date_gmt":"2026-04-20T08:24:27","guid":{"rendered":"https:\/\/vinothek-schmidli.ch\/?product=killermans-run-shiraz-2018"},"modified":"2026-04-20T09:24:28","modified_gmt":"2026-04-20T08:24:28","slug":"killermans-run-shiraz-2018","status":"publish","type":"product","link":"https:\/\/vinothek-schmidli.ch\/?product=killermans-run-shiraz-2018","title":{"rendered":"Killerman&#8217;s Run Shiraz  2018"},"content":{"rendered":"<table class=\"vino-product-specs\">\n<tbody>\n<tr>\n<th>Produzent<\/th>\n<td>Kilikanoon Winery<\/td>\n<\/tr>\n<tr>\n<th>Land<\/th>\n<td>Australien<\/td>\n<\/tr>\n<tr>\n<th>Region<\/th>\n<td>Clare Valley<\/td>\n<\/tr>\n<tr>\n<th>Trauben<\/th>\n<td>Shiraz<\/td>\n<\/tr>\n<tr>\n<th>Inhalt<\/th>\n<td>75cl<\/td>\n<\/tr>\n<tr>\n<th>Jahrgang<\/th>\n<td>2018<\/td>\n<\/tr>\n<tr>\n<th>Volumen<\/th>\n<td>14.50<\/td>\n<\/tr>\n<tr class=\"vino-product-specs-desc\">\n<td colspan=\"2\">Mr. Killerman, wie ihn der junger Mort Mitchell nannte, lebte allein in einem bescheidenen Blechschuppen in den H\u00fcgeln hinter der Kellert\u00fcr von Kilikanoon. V\u00f6llig autark baute er sein eigenes Obst und Gem\u00fcse an und durchstreifte das Tal f\u00fcr seine Mahlzeiten, wobei Kaninchen sein Lieblings-Gourmet-Genuss waren.<\/p>\n<p>Mort lernte diesen Mann aus dem Busch kennen und respektieren, lernte die Geheimnisse des Landes und wie man eins mit der Umwelt wird. Das Sortiment an zug\u00e4nglichen Weinen von Killerman&#8217;s Run zeigt das unverwechselbare und abwechslungsreiche Terroir des Clare Valley und die Kilikanoon-Philosophie von kompromissloser Qualit\u00e4t und Best\u00e4ndigkeit. <\/p>\n<p>\nHerstellung<br \/>\nShiraz aus dem ganzen Tal wurde separat vinifiziert und blieb es, bis der endg\u00fcltige Wein zusammengestellt war. Die 15-monatige Reifung in einer Auswahl gebrauchter franz\u00f6sischer Eichenf\u00e4ssern verleiht dem weichen, samtigen Gaumen Weichheit und Eleganz. Der Wein wurde ungesch\u00f6nt und ungefiltert abgef\u00fcllt, um das Mundgef\u00fchl und die Komplexit\u00e4t zus\u00e4tzlich zu verbessern. <\/p>\n<p>\nFarbe<br \/>\nDunkelrot mit tiefvioletten Farbt\u00f6nen.<\/p>\n<p>\nNase<br \/>\nDunkelrote Fr\u00fcchte, Pflaumen und Kirschen mit s\u00fc\u00dfer W\u00fcrze, Leder und Lakritz.<\/p>\n<p>\nGaumen<br \/>\nDie Aromen der Nase setzen sich bis zum Gaumen fort, wo sie in samtige Tannine geh\u00fcllt sind. Die gute Einbindung des Eichenholz verleiht einem sehr karaktervollen Wein Struktur und Ausgeglichenheit. <\/p>\n<p>\nKilikanoon Wines wurde 1997 von Kevin Mitchell gegr\u00fcndet und liegt im pittoresken Clare Valley, das f\u00fcr viele Kenner des australischen Weinbaus als eine der besten Weinbauzonen des f\u00fcnften Kontinents geh\u00f6rt. Die konstant hohe Qualit\u00e4t des Weinguts wurde schliesslich auch bei der MUNDUS Vini Fr\u00fchjahrsverkostung 2021 durch die Wahl zum besten Erzeuger ganz Australiens belohnt &#8211; dies zum f\u00fcnften mal in Folge. Dazu  kommen viele weitere internationale Auszeichnungen.<\/td>\n<\/tr>\n<\/tbody>\n<\/table>\n","protected":false},"excerpt":{"rendered":"<p>Produzent Kilikanoon Winery Land Australien Region Clare Valley Trauben Shiraz Inhalt 75cl Jahrgang 2018 Volumen 14.50 Mr. Killerman, wie ihn der junger Mort Mitchell nannte, lebte allein in einem bescheidenen Blechschuppen in den H\u00fcgeln hinter der Kellert\u00fcr von Kilikanoon. V\u00f6llig autark baute er sein eigenes [&hellip;]<\/p>\n","protected":false},"featured_media":24005,"template":"","meta":[],"product_brand":[1192],"product_cat":[1019,1020,963],"product_tag":[],"class_list":{"0":"post-24935","1":"product","2":"type-product","3":"status-publish","4":"has-post-thumbnail","6":"product_brand-kilikanoon-winery","7":"product_cat-australien","8":"product_cat-clare-valley","9":"product_cat-rotwein","11":"first","12":"instock","13":"purchasable","14":"product-type-simple"},"_links":{"self":[{"href":"https:\/\/vinothek-schmidli.ch\/index.php?rest_route=\/wp\/v2\/product\/24935","targetHints":{"allow":["GET"]}}],"collection":[{"href":"https:\/\/vinothek-schmidli.ch\/index.php?rest_route=\/wp\/v2\/product"}],"about":[{"href":"https:\/\/vinothek-schmidli.ch\/index.php?rest_route=\/wp\/v2\/types\/product"}],"wp:featuredmedia":[{"embeddable":true,"href":"https:\/\/vinothek-schmidli.ch\/index.php?rest_route=\/wp\/v2\/media\/24005"}],"wp:attachment":[{"href":"https:\/\/vinothek-schmidli.ch\/index.php?rest_route=%2Fwp%2Fv2%2Fmedia&parent=24935"}],"wp:term":[{"taxonomy":"product_brand","embeddable":true,"href":"https:\/\/vinothek-schmidli.ch\/index.php?rest_route=%2Fwp%2Fv2%2Fproduct_brand&post=24935"},{"taxonomy":"product_cat","embeddable":true,"href":"https:\/\/vinothek-schmidli.ch\/index.php?rest_route=%2Fwp%2Fv2%2Fproduct_cat&post=24935"},{"taxonomy":"product_tag","embeddable":true,"href":"https:\/\/vinothek-schmidli.ch\/index.php?rest_route=%2Fwp%2Fv2%2Fproduct_tag&post=24935"}],"curies":[{"name":"wp","href":"https:\/\/api.w.org\/{rel}","templated":true}]}}