{"id":24936,"date":"2026-04-20T09:24:27","date_gmt":"2026-04-20T08:24:27","guid":{"rendered":"https:\/\/vinothek-schmidli.ch\/?product=covenent-shiraz-2017"},"modified":"2026-04-20T09:24:28","modified_gmt":"2026-04-20T08:24:28","slug":"covenent-shiraz-2017","status":"publish","type":"product","link":"https:\/\/vinothek-schmidli.ch\/?product=covenent-shiraz-2017","title":{"rendered":"Covenent Shiraz  2017"},"content":{"rendered":"<table class=\"vino-product-specs\">\n<tbody>\n<tr>\n<th>Produzent<\/th>\n<td>Kilikanoon Winery<\/td>\n<\/tr>\n<tr>\n<th>Land<\/th>\n<td>Australien<\/td>\n<\/tr>\n<tr>\n<th>Region<\/th>\n<td>Clare Valley<\/td>\n<\/tr>\n<tr>\n<th>Trauben<\/th>\n<td>Shiraz<\/td>\n<\/tr>\n<tr>\n<th>Inhalt<\/th>\n<td>75cl<\/td>\n<\/tr>\n<tr>\n<th>Jahrgang<\/th>\n<td>2017<\/td>\n<\/tr>\n<tr>\n<th>Volumen<\/th>\n<td>14.50<\/td>\n<\/tr>\n<tr class=\"vino-product-specs-desc\">\n<td colspan=\"2\">Der Covenant Shiraz besteht aus mehreren Premium-Weinlagen und privaten Weinbergen im gesamten Clare Valley. <\/p>\n<p>\nHerstellung<br \/>\nSelektionierte Parzellen von Shiraz wurden getrennt \u00fcber eine Auswahl von Weinbergen geerntet und fermentiert. Danach wurden sie 18 Monate lang in neuen und gebrauchten kleiner franz\u00f6sischer Eichenf\u00e4sser reifen gelassen. Die Komplexit\u00e4t und das Alterungspotential der Weine werden durch die Abf\u00fcllung der ungesch\u00f6nten und ungefilterten endg\u00fcltigen Cuv\u00e9e weiter verbessert. <\/p>\n<p>\nFarbe<br \/>\nZiegelrote Farbe mit jugendlichen purpurroten Farbt\u00f6nen. <\/p>\n<p>\nNase<br \/>\nDie Nase sinkt in Aromen nach frischem Lakritz, reiferen Pflaumen, und einem Hauch von Sojasauce sowie leichten Rauchankl\u00e4ngen. <\/p>\n<p>\nGaumen<br \/>\nDer Gaumen ist reichhaltig mit geschmeidigen Tanninen und einem langen Abgang. Er \u00fcbertr\u00e4gt s\u00fcsse Pflaumen, frisches Lakritz und Sojasauce und bringt herzhaftes Fleisch und Wurstwaren in die Mischung. Die Pr\u00e4zision und Pers\u00f6nlichkeit der Region werden hier ganz typisch wahrgenommen.<\/p>\n<p>\nKilikanoon Wines wurde 1997 von Kevin Mitchell gegr\u00fcndet und liegt im pittoresken Clare Valley, das f\u00fcr viele Kenner des australischen Weinbaus als eine der besten Weinbauzonen des f\u00fcnften Kontinents geh\u00f6rt. Die konstant hohe Qualit\u00e4t des Weinguts wurde schliesslich auch bei der MUNDUS Vini Fr\u00fchjahrsverkostung 2021 durch die Wahl zum besten Erzeuger ganz Australiens belohnt &#8211; dies zum f\u00fcnften mal in Folge. Dazu  kommen viele weitere internationale Auszeichnungen.<\/td>\n<\/tr>\n<\/tbody>\n<\/table>\n","protected":false},"excerpt":{"rendered":"<p>Produzent Kilikanoon Winery Land Australien Region Clare Valley Trauben Shiraz Inhalt 75cl Jahrgang 2017 Volumen 14.50 Der Covenant Shiraz besteht aus mehreren Premium-Weinlagen und privaten Weinbergen im gesamten Clare Valley. Herstellung Selektionierte Parzellen von Shiraz wurden getrennt \u00fcber eine Auswahl von Weinbergen geerntet und fermentiert. [&hellip;]<\/p>\n","protected":false},"featured_media":24003,"template":"","meta":[],"product_brand":[1192],"product_cat":[1019,1020,963],"product_tag":[],"class_list":{"0":"post-24936","1":"product","2":"type-product","3":"status-publish","4":"has-post-thumbnail","6":"product_brand-kilikanoon-winery","7":"product_cat-australien","8":"product_cat-clare-valley","9":"product_cat-rotwein","11":"first","12":"instock","13":"purchasable","14":"product-type-simple"},"_links":{"self":[{"href":"https:\/\/vinothek-schmidli.ch\/index.php?rest_route=\/wp\/v2\/product\/24936","targetHints":{"allow":["GET"]}}],"collection":[{"href":"https:\/\/vinothek-schmidli.ch\/index.php?rest_route=\/wp\/v2\/product"}],"about":[{"href":"https:\/\/vinothek-schmidli.ch\/index.php?rest_route=\/wp\/v2\/types\/product"}],"wp:featuredmedia":[{"embeddable":true,"href":"https:\/\/vinothek-schmidli.ch\/index.php?rest_route=\/wp\/v2\/media\/24003"}],"wp:attachment":[{"href":"https:\/\/vinothek-schmidli.ch\/index.php?rest_route=%2Fwp%2Fv2%2Fmedia&parent=24936"}],"wp:term":[{"taxonomy":"product_brand","embeddable":true,"href":"https:\/\/vinothek-schmidli.ch\/index.php?rest_route=%2Fwp%2Fv2%2Fproduct_brand&post=24936"},{"taxonomy":"product_cat","embeddable":true,"href":"https:\/\/vinothek-schmidli.ch\/index.php?rest_route=%2Fwp%2Fv2%2Fproduct_cat&post=24936"},{"taxonomy":"product_tag","embeddable":true,"href":"https:\/\/vinothek-schmidli.ch\/index.php?rest_route=%2Fwp%2Fv2%2Fproduct_tag&post=24936"}],"curies":[{"name":"wp","href":"https:\/\/api.w.org\/{rel}","templated":true}]}}