{"id":24937,"date":"2026-04-20T09:24:27","date_gmt":"2026-04-20T08:24:27","guid":{"rendered":"https:\/\/vinothek-schmidli.ch\/?product=attunga-1965-shiraz-2014"},"modified":"2026-04-20T09:24:28","modified_gmt":"2026-04-20T08:24:28","slug":"attunga-1965-shiraz-2014","status":"publish","type":"product","link":"https:\/\/vinothek-schmidli.ch\/?product=attunga-1965-shiraz-2014","title":{"rendered":"Attunga 1965 Shiraz  2014"},"content":{"rendered":"<table class=\"vino-product-specs\">\n<tbody>\n<tr>\n<th>Produzent<\/th>\n<td>Kilikanoon Winery<\/td>\n<\/tr>\n<tr>\n<th>Land<\/th>\n<td>Australien<\/td>\n<\/tr>\n<tr>\n<th>Region<\/th>\n<td>Clare Valley<\/td>\n<\/tr>\n<tr>\n<th>Trauben<\/th>\n<td>Shiraz<\/td>\n<\/tr>\n<tr>\n<th>Inhalt<\/th>\n<td>75cl<\/td>\n<\/tr>\n<tr>\n<th>Jahrgang<\/th>\n<td>2014<\/td>\n<\/tr>\n<tr>\n<th>Volumen<\/th>\n<td>14.50<\/td>\n<\/tr>\n<tr class=\"vino-product-specs-desc\">\n<td colspan=\"2\">Dieser sehr geehrte Weinberg wurde 1865 gepflanzt und zeigt ein unglaubliches Erbe und die Geschichte des australischen Shiraz. Der Attunga Vineyard liegt n\u00f6rdlich oder in Auburn und produziert noch heute Trauben. In aussergew\u00f6hnlichen Jahren wird von diesem Weinberg ein noch aussergew\u00f6hnlicher Shiraz produziert, der Attunga 1865.<\/p>\n<p>\nHerstellung<br \/>\nMit einem Ertrag von lediglich etwas mehr als einer Tonne pro &#8222;acre&#8220; (0.4 Hektaren) in einem aussergw\u00f6hnlichen Jahr, produziert der Weinberg Trauben die klein, konzentriert und einzigartig sind. Traditionelle Kellertechniken, einschliesslich der Sortierung einzelner Beeren zur Erntezeit, stellen sicher, dass hier ein Shiraz von allerh\u00f6chster Qualit\u00e4t entsteht.<\/p>\n<p>\nFarbe<br \/>\nTiefrote Farbe mit leuchtend purpurroten Farbt\u00f6nen.<\/p>\n<p>\nNase<br \/>\nEine dunkle und vordernde Nase, Bitumen und Teer, Fenchel, Schokolade mit einem Hauch von Holzrauch die hervorragend miteinander verwoben sind. <\/p>\n<p>\nGaumen<br \/>\nOpulent strukturiert, jedoch mit \u00fcberraschender Ausgewogenheit und Ausgeglichenheit, kommen die Hauptaromen von dunkler Schokolade, Kirschpflaumen und Lakritz eindrucksvoll an und f\u00fchren nahtlos zu einem langen Abgang, der mit Rauchnoten, fein positionierten Tanninen und einer positiven S\u00e4urestruktur umwickelt ist. Ein Wein, den man jetzt geniessen kann. Mit weiterem Lagern, ein Wein, mit dem man die Ewigkeit feiern kann. <\/p>\n<p>\nKilikanoon Wines wurde 1997 von Kevin Mitchell gegr\u00fcndet und liegt im pittoresken Clare Valley, das f\u00fcr viele Kenner des australischen Weinbaus als eine der besten Weinbauzonen des f\u00fcnften Kontinents geh\u00f6rt. Die konstant hohe Qualit\u00e4t des Weinguts wurde schliesslich auch bei der MUNDUS Vini Fr\u00fchjahrsverkostung 2021 durch die Wahl zum besten Erzeuger ganz Australiens belohnt &#8211; dies zum f\u00fcnften mal in Folge. Dazu  kommen viele weitere internationale Auszeichnungen.<\/td>\n<\/tr>\n<\/tbody>\n<\/table>\n","protected":false},"excerpt":{"rendered":"<p>Produzent Kilikanoon Winery Land Australien Region Clare Valley Trauben Shiraz Inhalt 75cl Jahrgang 2014 Volumen 14.50 Dieser sehr geehrte Weinberg wurde 1865 gepflanzt und zeigt ein unglaubliches Erbe und die Geschichte des australischen Shiraz. Der Attunga Vineyard liegt n\u00f6rdlich oder in Auburn und produziert noch [&hellip;]<\/p>\n","protected":false},"featured_media":24001,"template":"","meta":[],"product_brand":[1192],"product_cat":[1019,1020,963],"product_tag":[],"class_list":{"0":"post-24937","1":"product","2":"type-product","3":"status-publish","4":"has-post-thumbnail","6":"product_brand-kilikanoon-winery","7":"product_cat-australien","8":"product_cat-clare-valley","9":"product_cat-rotwein","11":"first","12":"instock","13":"purchasable","14":"product-type-simple"},"_links":{"self":[{"href":"https:\/\/vinothek-schmidli.ch\/index.php?rest_route=\/wp\/v2\/product\/24937","targetHints":{"allow":["GET"]}}],"collection":[{"href":"https:\/\/vinothek-schmidli.ch\/index.php?rest_route=\/wp\/v2\/product"}],"about":[{"href":"https:\/\/vinothek-schmidli.ch\/index.php?rest_route=\/wp\/v2\/types\/product"}],"wp:featuredmedia":[{"embeddable":true,"href":"https:\/\/vinothek-schmidli.ch\/index.php?rest_route=\/wp\/v2\/media\/24001"}],"wp:attachment":[{"href":"https:\/\/vinothek-schmidli.ch\/index.php?rest_route=%2Fwp%2Fv2%2Fmedia&parent=24937"}],"wp:term":[{"taxonomy":"product_brand","embeddable":true,"href":"https:\/\/vinothek-schmidli.ch\/index.php?rest_route=%2Fwp%2Fv2%2Fproduct_brand&post=24937"},{"taxonomy":"product_cat","embeddable":true,"href":"https:\/\/vinothek-schmidli.ch\/index.php?rest_route=%2Fwp%2Fv2%2Fproduct_cat&post=24937"},{"taxonomy":"product_tag","embeddable":true,"href":"https:\/\/vinothek-schmidli.ch\/index.php?rest_route=%2Fwp%2Fv2%2Fproduct_tag&post=24937"}],"curies":[{"name":"wp","href":"https:\/\/api.w.org\/{rel}","templated":true}]}}