{"id":24941,"date":"2026-04-20T09:24:27","date_gmt":"2026-04-20T08:24:27","guid":{"rendered":"https:\/\/vinothek-schmidli.ch\/?product=prosecco-do-rose-brut-millesimato-do"},"modified":"2026-04-20T09:24:29","modified_gmt":"2026-04-20T08:24:29","slug":"prosecco-do-rose-brut-millesimato-do","status":"publish","type":"product","link":"https:\/\/vinothek-schmidli.ch\/?product=prosecco-do-rose-brut-millesimato-do","title":{"rendered":"Prosecco d&#8217;O Ros\u00e9 Brut Millesimato DO"},"content":{"rendered":"<table class=\"vino-product-specs\">\n<tbody>\n<tr>\n<th>Produzent<\/th>\n<td>Fattoria Conca d&#8217;Oro<\/td>\n<\/tr>\n<tr>\n<th>Land<\/th>\n<td>Italien<\/td>\n<\/tr>\n<tr>\n<th>Region<\/th>\n<td>Veneto<\/td>\n<\/tr>\n<tr>\n<th>Trauben<\/th>\n<td>Glera, Pinot Noir<\/td>\n<\/tr>\n<tr>\n<th>Inhalt<\/th>\n<td>75cl<\/td>\n<\/tr>\n<tr>\n<th>Jahrgang<\/th>\n<td><\/td>\n<\/tr>\n<tr>\n<th>Volumen<\/th>\n<td>11.50<\/td>\n<\/tr>\n<tr class=\"vino-product-specs-desc\">\n<td colspan=\"2\">Feine, anhaltende Perlage. In der Nase reif und fruchtig, mit Ankl\u00e4ngen an Apfel und rote Fr\u00fcchte. Gut ausbalanciert mit sch\u00f6ner Frische.<\/p>\n<p>Ein vielseitiger Ros\u00e9 f\u00fcr viele Gelegenheiten, passend zu ersten G\u00e4ngen sowie zu Fischgerichten oder hellem Fleisch.<\/td>\n<\/tr>\n<\/tbody>\n<\/table>\n","protected":false},"excerpt":{"rendered":"<p>Produzent Fattoria Conca d&#8217;Oro Land Italien Region Veneto Trauben Glera, Pinot Noir Inhalt 75cl Jahrgang Volumen 11.50 Feine, anhaltende Perlage. In der Nase reif und fruchtig, mit Ankl\u00e4ngen an Apfel und rote Fr\u00fcchte. Gut ausbalanciert mit sch\u00f6ner Frische. Ein vielseitiger Ros\u00e9 f\u00fcr viele Gelegenheiten, passend [&hellip;]<\/p>\n","protected":false},"featured_media":23991,"template":"","meta":[],"product_brand":[1060],"product_cat":[954,947,948],"product_tag":[],"class_list":{"0":"post-24941","1":"product","2":"type-product","3":"status-publish","4":"has-post-thumbnail","6":"product_brand-fattoria-conca-doro","7":"product_cat-champagner-schaumwein","8":"product_cat-italien","9":"product_cat-veneto","11":"first","12":"instock","13":"purchasable","14":"product-type-simple"},"_links":{"self":[{"href":"https:\/\/vinothek-schmidli.ch\/index.php?rest_route=\/wp\/v2\/product\/24941","targetHints":{"allow":["GET"]}}],"collection":[{"href":"https:\/\/vinothek-schmidli.ch\/index.php?rest_route=\/wp\/v2\/product"}],"about":[{"href":"https:\/\/vinothek-schmidli.ch\/index.php?rest_route=\/wp\/v2\/types\/product"}],"wp:featuredmedia":[{"embeddable":true,"href":"https:\/\/vinothek-schmidli.ch\/index.php?rest_route=\/wp\/v2\/media\/23991"}],"wp:attachment":[{"href":"https:\/\/vinothek-schmidli.ch\/index.php?rest_route=%2Fwp%2Fv2%2Fmedia&parent=24941"}],"wp:term":[{"taxonomy":"product_brand","embeddable":true,"href":"https:\/\/vinothek-schmidli.ch\/index.php?rest_route=%2Fwp%2Fv2%2Fproduct_brand&post=24941"},{"taxonomy":"product_cat","embeddable":true,"href":"https:\/\/vinothek-schmidli.ch\/index.php?rest_route=%2Fwp%2Fv2%2Fproduct_cat&post=24941"},{"taxonomy":"product_tag","embeddable":true,"href":"https:\/\/vinothek-schmidli.ch\/index.php?rest_route=%2Fwp%2Fv2%2Fproduct_tag&post=24941"}],"curies":[{"name":"wp","href":"https:\/\/api.w.org\/{rel}","templated":true}]}}