{"id":24951,"date":"2026-04-20T09:24:33","date_gmt":"2026-04-20T08:24:33","guid":{"rendered":"https:\/\/vinothek-schmidli.ch\/?product=atteca-armas-do-2021"},"modified":"2026-04-20T09:24:34","modified_gmt":"2026-04-20T08:24:34","slug":"atteca-armas-do-2021","status":"publish","type":"product","link":"https:\/\/vinothek-schmidli.ch\/?product=atteca-armas-do-2021","title":{"rendered":"Atteca Armas DO 2021"},"content":{"rendered":"<table class=\"vino-product-specs\">\n<tbody>\n<tr>\n<th>Produzent<\/th>\n<td>Bodegas Atteca<\/td>\n<\/tr>\n<tr>\n<th>Land<\/th>\n<td>Spanien<\/td>\n<\/tr>\n<tr>\n<th>Region<\/th>\n<td>Calatayud<\/td>\n<\/tr>\n<tr>\n<th>Trauben<\/th>\n<td>Garnacha<\/td>\n<\/tr>\n<tr>\n<th>Inhalt<\/th>\n<td>75cl<\/td>\n<\/tr>\n<tr>\n<th>Jahrgang<\/th>\n<td>2021<\/td>\n<\/tr>\n<tr>\n<th>Volumen<\/th>\n<td>15.50<\/td>\n<\/tr>\n<tr class=\"vino-product-specs-desc\">\n<td colspan=\"2\">Sehr alte, ausgew\u00e4hlte Garnacha-Weinberge produzieren Trauben mit reichen Aromen und Fruchtkonzentration. Nach 18 Monaten G\u00e4rung und Reifung in franz\u00f6sischen Eichenf\u00e4ssern f\u00fchrt eine begrenzte Produktion dieses exklusiven Weins.<\/p>\n<p>Dunkle Kirsche mit einer attraktiven Nase, in der die Aromen reifer Fr\u00fcchte hervortreten, die ger\u00f6steten und w\u00fcrzigen Noten einer langen Holzreifung (Pfeffer und Muskatnuss) und die mineralischen Erinnerungen an die Schieferb\u00f6den, in denen der Weinberg entsteht. Am Gaumen ist er schmackhaft und kraftvoll, fruchtig und elegant, fleischig und komplex, hervorragend getrunken, obwohl er grosses Reifungspotenzial zeigt.<\/p>\n<p>Ein Wein mit grosser Vielseitigkeit, der zu gegrilltem rotem Fleisch, Wildfleisch oder cremigem Reis, Wildeint\u00f6pfen, Gefl\u00fcgel, Braten, gep\u00f6keltem und blauschimmeligen K\u00e4se, Serrano-Schinken, Charcuterie, Pilze und Schweinefleisch kombiniert werden kann.<\/td>\n<\/tr>\n<\/tbody>\n<\/table>\n","protected":false},"excerpt":{"rendered":"<p>Produzent Bodegas Atteca Land Spanien Region Calatayud Trauben Garnacha Inhalt 75cl Jahrgang 2021 Volumen 15.50 Sehr alte, ausgew\u00e4hlte Garnacha-Weinberge produzieren Trauben mit reichen Aromen und Fruchtkonzentration. Nach 18 Monaten G\u00e4rung und Reifung in franz\u00f6sischen Eichenf\u00e4ssern f\u00fchrt eine begrenzte Produktion dieses exklusiven Weins. Dunkle Kirsche mit [&hellip;]<\/p>\n","protected":false},"featured_media":24069,"template":"","meta":[],"product_brand":[1203],"product_cat":[1023,963,960],"product_tag":[],"class_list":{"0":"post-24951","1":"product","2":"type-product","3":"status-publish","4":"has-post-thumbnail","6":"product_brand-bodegas-atteca","7":"product_cat-calatayud","8":"product_cat-rotwein","9":"product_cat-spanien","11":"first","12":"instock","13":"purchasable","14":"product-type-simple"},"_links":{"self":[{"href":"https:\/\/vinothek-schmidli.ch\/index.php?rest_route=\/wp\/v2\/product\/24951","targetHints":{"allow":["GET"]}}],"collection":[{"href":"https:\/\/vinothek-schmidli.ch\/index.php?rest_route=\/wp\/v2\/product"}],"about":[{"href":"https:\/\/vinothek-schmidli.ch\/index.php?rest_route=\/wp\/v2\/types\/product"}],"wp:featuredmedia":[{"embeddable":true,"href":"https:\/\/vinothek-schmidli.ch\/index.php?rest_route=\/wp\/v2\/media\/24069"}],"wp:attachment":[{"href":"https:\/\/vinothek-schmidli.ch\/index.php?rest_route=%2Fwp%2Fv2%2Fmedia&parent=24951"}],"wp:term":[{"taxonomy":"product_brand","embeddable":true,"href":"https:\/\/vinothek-schmidli.ch\/index.php?rest_route=%2Fwp%2Fv2%2Fproduct_brand&post=24951"},{"taxonomy":"product_cat","embeddable":true,"href":"https:\/\/vinothek-schmidli.ch\/index.php?rest_route=%2Fwp%2Fv2%2Fproduct_cat&post=24951"},{"taxonomy":"product_tag","embeddable":true,"href":"https:\/\/vinothek-schmidli.ch\/index.php?rest_route=%2Fwp%2Fv2%2Fproduct_tag&post=24951"}],"curies":[{"name":"wp","href":"https:\/\/api.w.org\/{rel}","templated":true}]}}