{"id":24952,"date":"2026-04-20T09:24:33","date_gmt":"2026-04-20T08:24:33","guid":{"rendered":"https:\/\/vinothek-schmidli.ch\/?product=la-vanidosa-n1-doc-2019"},"modified":"2026-04-20T09:24:34","modified_gmt":"2026-04-20T08:24:34","slug":"la-vanidosa-n1-doc-2019","status":"publish","type":"product","link":"https:\/\/vinothek-schmidli.ch\/?product=la-vanidosa-n1-doc-2019","title":{"rendered":"La Vanidosa N\u00b01 DOC 2019"},"content":{"rendered":"<table class=\"vino-product-specs\">\n<tbody>\n<tr>\n<th>Produzent<\/th>\n<td>Bodegas Mateos<\/td>\n<\/tr>\n<tr>\n<th>Land<\/th>\n<td>Spanien<\/td>\n<\/tr>\n<tr>\n<th>Region<\/th>\n<td>Rioja<\/td>\n<\/tr>\n<tr>\n<th>Trauben<\/th>\n<td>100% Garnacha<\/td>\n<\/tr>\n<tr>\n<th>Inhalt<\/th>\n<td>75cl<\/td>\n<\/tr>\n<tr>\n<th>Jahrgang<\/th>\n<td>2019<\/td>\n<\/tr>\n<tr>\n<th>Volumen<\/th>\n<td>15.00<\/td>\n<\/tr>\n<tr class=\"vino-product-specs-desc\">\n<td colspan=\"2\">Dieser kraftvolle Rotwein aus Spanien wird aus der Rebsorte Garnacha gekeltert. Der La Vanidosa No.1 ist ein Alte Welt-Wein im besten Sinne des Wortes, denn dieser Spanier verspr\u00fcht einen au\u00dfergew\u00f6hnlichen europ\u00e4ischen Charme, der ganz klar den Erfolg von Weinen aus der Alten Welt unterstreicht. Wenn sie perfekt ausgereift sind werden die Trauben f\u00fcr den La Vanidosa No.1 ohne die Hilfe grober und wenig selektiver Vollernter ausschlie\u00dflich h\u00e4ndisch geerntet. Nach der Lese gelangen die Weintrauben z\u00fcgig in die Kellerei. Hier werden sie selektiert und behutsam aufgebrochen. Es folgt die G\u00e4rung bei kontrollierten Temperaturen. Der Verg\u00e4rung schlie\u00dft sich eine Reifung \u00fcber 14 Monate in Barrique aus franz\u00f6sischer Eiche an.<\/p>\n<p>\nm Glas offeriert der La Vanidosa No.1 aus der Feder von Bodegas D. Mateos eine dichte, purpurrote Farbe. Nach dem ersten Schwenken, offenbart dieser Rotwein eine hohe Dichte und F\u00fclle, was sich in starken Kirchenfenstern am Glasrand zeigt. Die erste Nase des La Vanidosa No.1 pr\u00e4sentiert Noten von Brombeeren, Zwetschgen und Heidelbeeren. Den fruchtigen Teilen des Bouquets gesellen sich Noten des Fass-Ausbaus wie Zigarrenkistchen, Wacholder und Garrigue hinzu.<\/p>\n<p>\nDer La Vanidosa No.1 von Bodegas D. Mateos ist eine gute Wahl f\u00fcr alle Weinenthusiasten, die m\u00f6glichst wenig S\u00fc\u00dfe im Wein m\u00f6gen. Dabei zeigt er sich aber nie karg oder spr\u00f6de, wie man es nat\u00fcrlich bei einem Wein Premium- und Lagenweinsegment erwarten kann. Auf der Zunge zeichnet sich dieser druckvolle Rotwein durch eine ungemein dichte Textur aus. Durch die ausgeglichene Fruchts\u00e4ure schmeichelt der La Vanidosa No.1 mit weichem Gef\u00fchl am Gaumen, ohne es gleichzeitig an Frische missen zu lassen. Im Abgang begeistert dieser jugendliche Rotwein aus der Weinbauregion La Rioja schlie\u00dflich mit beachtlicher L\u00e4nge. Erneut zeigen sich wieder Ankl\u00e4nge an Brombeere und Schwarze Johannisbeere.<\/td>\n<\/tr>\n<\/tbody>\n<\/table>\n","protected":false},"excerpt":{"rendered":"<p>Produzent Bodegas Mateos Land Spanien Region Rioja Trauben 100% Garnacha Inhalt 75cl Jahrgang 2019 Volumen 15.00 Dieser kraftvolle Rotwein aus Spanien wird aus der Rebsorte Garnacha gekeltert. Der La Vanidosa No.1 ist ein Alte Welt-Wein im besten Sinne des Wortes, denn dieser Spanier verspr\u00fcht einen [&hellip;]<\/p>\n","protected":false},"featured_media":24012,"template":"","meta":[],"product_brand":[1207],"product_cat":[975,963,960],"product_tag":[],"class_list":{"0":"post-24952","1":"product","2":"type-product","3":"status-publish","4":"has-post-thumbnail","6":"product_brand-bodegas-mateos","7":"product_cat-rioja","8":"product_cat-rotwein","9":"product_cat-spanien","11":"first","12":"instock","13":"purchasable","14":"product-type-simple"},"_links":{"self":[{"href":"https:\/\/vinothek-schmidli.ch\/index.php?rest_route=\/wp\/v2\/product\/24952","targetHints":{"allow":["GET"]}}],"collection":[{"href":"https:\/\/vinothek-schmidli.ch\/index.php?rest_route=\/wp\/v2\/product"}],"about":[{"href":"https:\/\/vinothek-schmidli.ch\/index.php?rest_route=\/wp\/v2\/types\/product"}],"wp:featuredmedia":[{"embeddable":true,"href":"https:\/\/vinothek-schmidli.ch\/index.php?rest_route=\/wp\/v2\/media\/24012"}],"wp:attachment":[{"href":"https:\/\/vinothek-schmidli.ch\/index.php?rest_route=%2Fwp%2Fv2%2Fmedia&parent=24952"}],"wp:term":[{"taxonomy":"product_brand","embeddable":true,"href":"https:\/\/vinothek-schmidli.ch\/index.php?rest_route=%2Fwp%2Fv2%2Fproduct_brand&post=24952"},{"taxonomy":"product_cat","embeddable":true,"href":"https:\/\/vinothek-schmidli.ch\/index.php?rest_route=%2Fwp%2Fv2%2Fproduct_cat&post=24952"},{"taxonomy":"product_tag","embeddable":true,"href":"https:\/\/vinothek-schmidli.ch\/index.php?rest_route=%2Fwp%2Fv2%2Fproduct_tag&post=24952"}],"curies":[{"name":"wp","href":"https:\/\/api.w.org\/{rel}","templated":true}]}}