{"id":24963,"date":"2026-04-20T09:24:33","date_gmt":"2026-04-20T08:24:33","guid":{"rendered":"https:\/\/vinothek-schmidli.ch\/?product=skilly-valley-pinot-gris-2021"},"modified":"2026-04-20T09:24:36","modified_gmt":"2026-04-20T08:24:36","slug":"skilly-valley-pinot-gris-2021","status":"publish","type":"product","link":"https:\/\/vinothek-schmidli.ch\/?product=skilly-valley-pinot-gris-2021","title":{"rendered":"Skilly Valley Pinot Gris  2021"},"content":{"rendered":"<table class=\"vino-product-specs\">\n<tbody>\n<tr>\n<th>Produzent<\/th>\n<td>Kilikanoon Winery<\/td>\n<\/tr>\n<tr>\n<th>Land<\/th>\n<td>Australien<\/td>\n<\/tr>\n<tr>\n<th>Region<\/th>\n<td>Clare Valley<\/td>\n<\/tr>\n<tr>\n<th>Trauben<\/th>\n<td>Pinot Gris<\/td>\n<\/tr>\n<tr>\n<th>Inhalt<\/th>\n<td>75cl<\/td>\n<\/tr>\n<tr>\n<th>Jahrgang<\/th>\n<td>2021<\/td>\n<\/tr>\n<tr>\n<th>Volumen<\/th>\n<td>13.00<\/td>\n<\/tr>\n<tr class=\"vino-product-specs-desc\">\n<td colspan=\"2\">Aus Trauben, die haupts\u00e4chlich aus dem Weinberg Skilly Valley mit k\u00fchlem Klima in der N\u00e4he der malerischen Kellert\u00fcr von Kilikanoon stammt. Hinzu kommen noch Trauben aus dem h\u00f6hergelegenen Weinberg Trillians Hill in Penwortham. <\/p>\n<p>\nFarbe<br \/>\nBlasses Strohgelb mit einigen subtilen &#8222;Gris&#8220;-Farbt\u00f6nen. Brilliant in der Klarheit. <\/p>\n<p>\nNase<br \/>\nVorstechende Aromen von Birne, gr\u00fcnem Apfel, leichtem Zimtgew\u00fcrz und frischer Quitte beleben die Nase. <\/p>\n<p>\nGaumen<br \/>\nFrisch und lebendig mit einer abgerundeten Textur. Im Gaumen st\u00fctzt die Knackigkeit die frischen Aromen von gr\u00fcnen \u00c4pfeln, Birnen und \u0084gerade gepfl\u00fcckten\u0093 Quitten mit den exotischen, w\u00fcrzigen Untert\u00f6nen von Zimt und Nelken in einem langen und verw\u00f6hnenden Abgang. <\/p>\n<p>\nKilikanoon Wines wurde 1997 von Kevin Mitchell gegr\u00fcndet und liegt im pittoresken Clare Valley, das f\u00fcr viele Kenner des australischen Weinbaus als eine der besten Weinbauzonen des f\u00fcnften Kontinents geh\u00f6rt. Die konstant hohe Qualit\u00e4t des Weinguts wurde schliesslich auch bei der MUNDUS Vini Fr\u00fchjahrsverkostung 2021 durch die Wahl zum besten Erzeuger ganz Australiens belohnt &#8211; dies zum f\u00fcnften mal in Folge. Dazu  kommen viele weitere internationale Auszeichnungen.<\/td>\n<\/tr>\n<\/tbody>\n<\/table>\n","protected":false},"excerpt":{"rendered":"<p>Produzent Kilikanoon Winery Land Australien Region Clare Valley Trauben Pinot Gris Inhalt 75cl Jahrgang 2021 Volumen 13.00 Aus Trauben, die haupts\u00e4chlich aus dem Weinberg Skilly Valley mit k\u00fchlem Klima in der N\u00e4he der malerischen Kellert\u00fcr von Kilikanoon stammt. Hinzu kommen noch Trauben aus dem h\u00f6hergelegenen [&hellip;]<\/p>\n","protected":false},"featured_media":24006,"template":"","meta":[],"product_brand":[1192],"product_cat":[1019,1020,993],"product_tag":[],"class_list":{"0":"post-24963","1":"product","2":"type-product","3":"status-publish","4":"has-post-thumbnail","6":"product_brand-kilikanoon-winery","7":"product_cat-australien","8":"product_cat-clare-valley","9":"product_cat-weisswein","11":"first","12":"instock","13":"purchasable","14":"product-type-simple"},"_links":{"self":[{"href":"https:\/\/vinothek-schmidli.ch\/index.php?rest_route=\/wp\/v2\/product\/24963","targetHints":{"allow":["GET"]}}],"collection":[{"href":"https:\/\/vinothek-schmidli.ch\/index.php?rest_route=\/wp\/v2\/product"}],"about":[{"href":"https:\/\/vinothek-schmidli.ch\/index.php?rest_route=\/wp\/v2\/types\/product"}],"wp:featuredmedia":[{"embeddable":true,"href":"https:\/\/vinothek-schmidli.ch\/index.php?rest_route=\/wp\/v2\/media\/24006"}],"wp:attachment":[{"href":"https:\/\/vinothek-schmidli.ch\/index.php?rest_route=%2Fwp%2Fv2%2Fmedia&parent=24963"}],"wp:term":[{"taxonomy":"product_brand","embeddable":true,"href":"https:\/\/vinothek-schmidli.ch\/index.php?rest_route=%2Fwp%2Fv2%2Fproduct_brand&post=24963"},{"taxonomy":"product_cat","embeddable":true,"href":"https:\/\/vinothek-schmidli.ch\/index.php?rest_route=%2Fwp%2Fv2%2Fproduct_cat&post=24963"},{"taxonomy":"product_tag","embeddable":true,"href":"https:\/\/vinothek-schmidli.ch\/index.php?rest_route=%2Fwp%2Fv2%2Fproduct_tag&post=24963"}],"curies":[{"name":"wp","href":"https:\/\/api.w.org\/{rel}","templated":true}]}}