{"id":24977,"date":"2026-04-20T09:24:40","date_gmt":"2026-04-20T08:24:40","guid":{"rendered":"https:\/\/vinothek-schmidli.ch\/?product=terra-do-zambujeiro-2020"},"modified":"2026-04-20T09:24:41","modified_gmt":"2026-04-20T08:24:41","slug":"terra-do-zambujeiro-2020","status":"publish","type":"product","link":"https:\/\/vinothek-schmidli.ch\/?product=terra-do-zambujeiro-2020","title":{"rendered":"Terra do Zambujeiro  2020"},"content":{"rendered":"<table class=\"vino-product-specs\">\n<tbody>\n<tr>\n<th>Produzent<\/th>\n<td>Quinta do Zambujeiro<\/td>\n<\/tr>\n<tr>\n<th>Land<\/th>\n<td>Portugal<\/td>\n<\/tr>\n<tr>\n<th>Region<\/th>\n<td>Alentejo<\/td>\n<\/tr>\n<tr>\n<th>Trauben<\/th>\n<td>Aragones, Trincadeira, Castelao Frances, Cabernet Sauvignon, Alicante Bouschet<\/td>\n<\/tr>\n<tr>\n<th>Inhalt<\/th>\n<td>75cl<\/td>\n<\/tr>\n<tr>\n<th>Jahrgang<\/th>\n<td>2020<\/td>\n<\/tr>\n<tr>\n<th>Volumen<\/th>\n<td>15.00<\/td>\n<\/tr>\n<tr class=\"vino-product-specs-desc\">\n<td colspan=\"2\">Bet\u00f6rendes, vielschichtiges Bouquet. Es erinnert an schweren Bl\u00fctenduft,<br \/>\nrote Fr\u00fcchte, Orangen, Schwarztee, Zedernholz. Im Gaumen<br \/>\n\u00fcberrascht er trotz F\u00fclle und Schmelz mit Frische und Harmonie.<\/td>\n<\/tr>\n<\/tbody>\n<\/table>\n","protected":false},"excerpt":{"rendered":"<p>Produzent Quinta do Zambujeiro Land Portugal Region Alentejo Trauben Aragones, Trincadeira, Castelao Frances, Cabernet Sauvignon, Alicante Bouschet Inhalt 75cl Jahrgang 2020 Volumen 15.00 Bet\u00f6rendes, vielschichtiges Bouquet. Es erinnert an schweren Bl\u00fctenduft, rote Fr\u00fcchte, Orangen, Schwarztee, Zedernholz. Im Gaumen \u00fcberrascht er trotz F\u00fclle und Schmelz mit [&hellip;]<\/p>\n","protected":false},"featured_media":24191,"template":"","meta":[],"product_brand":[1081],"product_cat":[977,976,963],"product_tag":[],"class_list":{"0":"post-24977","1":"product","2":"type-product","3":"status-publish","4":"has-post-thumbnail","6":"product_brand-quinta-do-zambujeiro","7":"product_cat-alentejo","8":"product_cat-portugal","9":"product_cat-rotwein","11":"first","12":"instock","13":"purchasable","14":"product-type-simple"},"_links":{"self":[{"href":"https:\/\/vinothek-schmidli.ch\/index.php?rest_route=\/wp\/v2\/product\/24977","targetHints":{"allow":["GET"]}}],"collection":[{"href":"https:\/\/vinothek-schmidli.ch\/index.php?rest_route=\/wp\/v2\/product"}],"about":[{"href":"https:\/\/vinothek-schmidli.ch\/index.php?rest_route=\/wp\/v2\/types\/product"}],"wp:featuredmedia":[{"embeddable":true,"href":"https:\/\/vinothek-schmidli.ch\/index.php?rest_route=\/wp\/v2\/media\/24191"}],"wp:attachment":[{"href":"https:\/\/vinothek-schmidli.ch\/index.php?rest_route=%2Fwp%2Fv2%2Fmedia&parent=24977"}],"wp:term":[{"taxonomy":"product_brand","embeddable":true,"href":"https:\/\/vinothek-schmidli.ch\/index.php?rest_route=%2Fwp%2Fv2%2Fproduct_brand&post=24977"},{"taxonomy":"product_cat","embeddable":true,"href":"https:\/\/vinothek-schmidli.ch\/index.php?rest_route=%2Fwp%2Fv2%2Fproduct_cat&post=24977"},{"taxonomy":"product_tag","embeddable":true,"href":"https:\/\/vinothek-schmidli.ch\/index.php?rest_route=%2Fwp%2Fv2%2Fproduct_tag&post=24977"}],"curies":[{"name":"wp","href":"https:\/\/api.w.org\/{rel}","templated":true}]}}