{"id":24978,"date":"2026-04-20T09:24:40","date_gmt":"2026-04-20T08:24:40","guid":{"rendered":"https:\/\/vinothek-schmidli.ch\/?product=oseleta-igt-2009"},"modified":"2026-04-20T09:24:41","modified_gmt":"2026-04-20T08:24:41","slug":"oseleta-igt-2009","status":"publish","type":"product","link":"https:\/\/vinothek-schmidli.ch\/?product=oseleta-igt-2009","title":{"rendered":"Oseleta IGT 2009"},"content":{"rendered":"<table class=\"vino-product-specs\">\n<tbody>\n<tr>\n<th>Produzent<\/th>\n<td>Villabella<\/td>\n<\/tr>\n<tr>\n<th>Land<\/th>\n<td>Italien<\/td>\n<\/tr>\n<tr>\n<th>Region<\/th>\n<td>Veneto<\/td>\n<\/tr>\n<tr>\n<th>Trauben<\/th>\n<td>Oseleta<\/td>\n<\/tr>\n<tr>\n<th>Inhalt<\/th>\n<td>75cl<\/td>\n<\/tr>\n<tr>\n<th>Jahrgang<\/th>\n<td>2009<\/td>\n<\/tr>\n<tr>\n<th>Volumen<\/th>\n<td>15.00<\/td>\n<\/tr>\n<tr class=\"vino-product-specs-desc\">\n<td colspan=\"2\">Dieser Wein zeigt sich in einem tiefvioletten Rubinrot mit eleganten Granat Reflexen. In der Nase erinnert er an mazerierte rote Fr\u00fcchte und Blaubeermarmelade, begleitet von Noten von Schokolade, Veilchen, Heilkr\u00e4utern und feinen Gew\u00fcrzen.<\/p>\n<p>Am Gaumen wirkt er warm, weich und samtig. Die Aromen setzen sich klar fort mit reifen roten Fr\u00fcchten wie Kirsche, Schwarzkirsche und Pflaume, dazu Beerenmarmelade, Pfeifentabak und ein Hauch Walnuss. Die Tannine zeigen sich zun\u00e4chst pr\u00e4sent und werden mit l\u00e4ngerer Flaschenreife zunehmend weich und harmonisch.<\/td>\n<\/tr>\n<\/tbody>\n<\/table>\n","protected":false},"excerpt":{"rendered":"<p>Produzent Villabella Land Italien Region Veneto Trauben Oseleta Inhalt 75cl Jahrgang 2009 Volumen 15.00 Dieser Wein zeigt sich in einem tiefvioletten Rubinrot mit eleganten Granat Reflexen. In der Nase erinnert er an mazerierte rote Fr\u00fcchte und Blaubeermarmelade, begleitet von Noten von Schokolade, Veilchen, Heilkr\u00e4utern und [&hellip;]<\/p>\n","protected":false},"featured_media":24059,"template":"","meta":[],"product_brand":[700],"product_cat":[947,963,948],"product_tag":[],"class_list":{"0":"post-24978","1":"product","2":"type-product","3":"status-publish","4":"has-post-thumbnail","6":"product_brand-villabella","7":"product_cat-italien","8":"product_cat-rotwein","9":"product_cat-veneto","11":"first","12":"instock","13":"purchasable","14":"product-type-simple"},"_links":{"self":[{"href":"https:\/\/vinothek-schmidli.ch\/index.php?rest_route=\/wp\/v2\/product\/24978","targetHints":{"allow":["GET"]}}],"collection":[{"href":"https:\/\/vinothek-schmidli.ch\/index.php?rest_route=\/wp\/v2\/product"}],"about":[{"href":"https:\/\/vinothek-schmidli.ch\/index.php?rest_route=\/wp\/v2\/types\/product"}],"wp:featuredmedia":[{"embeddable":true,"href":"https:\/\/vinothek-schmidli.ch\/index.php?rest_route=\/wp\/v2\/media\/24059"}],"wp:attachment":[{"href":"https:\/\/vinothek-schmidli.ch\/index.php?rest_route=%2Fwp%2Fv2%2Fmedia&parent=24978"}],"wp:term":[{"taxonomy":"product_brand","embeddable":true,"href":"https:\/\/vinothek-schmidli.ch\/index.php?rest_route=%2Fwp%2Fv2%2Fproduct_brand&post=24978"},{"taxonomy":"product_cat","embeddable":true,"href":"https:\/\/vinothek-schmidli.ch\/index.php?rest_route=%2Fwp%2Fv2%2Fproduct_cat&post=24978"},{"taxonomy":"product_tag","embeddable":true,"href":"https:\/\/vinothek-schmidli.ch\/index.php?rest_route=%2Fwp%2Fv2%2Fproduct_tag&post=24978"}],"curies":[{"name":"wp","href":"https:\/\/api.w.org\/{rel}","templated":true}]}}