{"id":24982,"date":"2026-04-20T09:24:40","date_gmt":"2026-04-20T08:24:40","guid":{"rendered":"https:\/\/vinothek-schmidli.ch\/?product=petit-verdot-igt-2023"},"modified":"2026-04-20T09:24:42","modified_gmt":"2026-04-20T08:24:42","slug":"petit-verdot-igt-2023","status":"publish","type":"product","link":"https:\/\/vinothek-schmidli.ch\/?product=petit-verdot-igt-2023","title":{"rendered":"Petit Verdot IGT 2023"},"content":{"rendered":"<table class=\"vino-product-specs\">\n<tbody>\n<tr>\n<th>Produzent<\/th>\n<td>Ducato Grazioli<\/td>\n<\/tr>\n<tr>\n<th>Land<\/th>\n<td>Italien<\/td>\n<\/tr>\n<tr>\n<th>Region<\/th>\n<td>Lazio<\/td>\n<\/tr>\n<tr>\n<th>Trauben<\/th>\n<td>Petit Verdot<\/td>\n<\/tr>\n<tr>\n<th>Inhalt<\/th>\n<td>75 cl<\/td>\n<\/tr>\n<tr>\n<th>Jahrgang<\/th>\n<td>2023<\/td>\n<\/tr>\n<tr>\n<th>Volumen<\/th>\n<td>13.00<\/td>\n<\/tr>\n<tr class=\"vino-product-specs-desc\">\n<td colspan=\"2\">Dieser Wein steht f\u00fcr hohe Qualit\u00e4t und eine klare, konzentrierte Stilistik. In der Nase zeigt er sich intensiv und best\u00e4ndig mit Ankl\u00e4ngen reifer Fr\u00fcchte, Unterholz und Marmelade, fein erg\u00e4nzt von einer leichten Eichen Note.<\/p>\n<p>Am Gaumen wirkt er weich und konzentriert, harmonisch voll und sehr ausgewogen. Ein kr\u00e4ftiger, runder Wein mit anhaltendem Nachhall und sch\u00f6ner aromatischer Tiefe.<\/td>\n<\/tr>\n<\/tbody>\n<\/table>\n","protected":false},"excerpt":{"rendered":"<p>Produzent Ducato Grazioli Land Italien Region Lazio Trauben Petit Verdot Inhalt 75 cl Jahrgang 2023 Volumen 13.00 Dieser Wein steht f\u00fcr hohe Qualit\u00e4t und eine klare, konzentrierte Stilistik. In der Nase zeigt er sich intensiv und best\u00e4ndig mit Ankl\u00e4ngen reifer Fr\u00fcchte, Unterholz und Marmelade, fein [&hellip;]<\/p>\n","protected":false},"featured_media":24123,"template":"","meta":[],"product_brand":[1242],"product_cat":[947,1030,963],"product_tag":[],"class_list":{"0":"post-24982","1":"product","2":"type-product","3":"status-publish","4":"has-post-thumbnail","6":"product_brand-ducato-grazioli","7":"product_cat-italien","8":"product_cat-lazio","9":"product_cat-rotwein","11":"first","12":"instock","13":"purchasable","14":"product-type-simple"},"_links":{"self":[{"href":"https:\/\/vinothek-schmidli.ch\/index.php?rest_route=\/wp\/v2\/product\/24982","targetHints":{"allow":["GET"]}}],"collection":[{"href":"https:\/\/vinothek-schmidli.ch\/index.php?rest_route=\/wp\/v2\/product"}],"about":[{"href":"https:\/\/vinothek-schmidli.ch\/index.php?rest_route=\/wp\/v2\/types\/product"}],"wp:featuredmedia":[{"embeddable":true,"href":"https:\/\/vinothek-schmidli.ch\/index.php?rest_route=\/wp\/v2\/media\/24123"}],"wp:attachment":[{"href":"https:\/\/vinothek-schmidli.ch\/index.php?rest_route=%2Fwp%2Fv2%2Fmedia&parent=24982"}],"wp:term":[{"taxonomy":"product_brand","embeddable":true,"href":"https:\/\/vinothek-schmidli.ch\/index.php?rest_route=%2Fwp%2Fv2%2Fproduct_brand&post=24982"},{"taxonomy":"product_cat","embeddable":true,"href":"https:\/\/vinothek-schmidli.ch\/index.php?rest_route=%2Fwp%2Fv2%2Fproduct_cat&post=24982"},{"taxonomy":"product_tag","embeddable":true,"href":"https:\/\/vinothek-schmidli.ch\/index.php?rest_route=%2Fwp%2Fv2%2Fproduct_tag&post=24982"}],"curies":[{"name":"wp","href":"https:\/\/api.w.org\/{rel}","templated":true}]}}