{"id":24984,"date":"2026-04-20T09:24:40","date_gmt":"2026-04-20T08:24:40","guid":{"rendered":"https:\/\/vinothek-schmidli.ch\/?product=prosecco-docg-18-millesimato-extra-dry-docg"},"modified":"2026-04-20T09:24:43","modified_gmt":"2026-04-20T08:24:43","slug":"prosecco-docg-18-millesimato-extra-dry-docg","status":"publish","type":"product","link":"https:\/\/vinothek-schmidli.ch\/?product=prosecco-docg-18-millesimato-extra-dry-docg","title":{"rendered":"Prosecco DOCG 18 Millesimato Extra Dry DOCG"},"content":{"rendered":"<table class=\"vino-product-specs\">\n<tbody>\n<tr>\n<th>Produzent<\/th>\n<td>Fattoria Conca d&#8217;Oro<\/td>\n<\/tr>\n<tr>\n<th>Land<\/th>\n<td>Italien<\/td>\n<\/tr>\n<tr>\n<th>Region<\/th>\n<td>Veneto<\/td>\n<\/tr>\n<tr>\n<th>Trauben<\/th>\n<td>Glera<\/td>\n<\/tr>\n<tr>\n<th>Inhalt<\/th>\n<td>75cl<\/td>\n<\/tr>\n<tr>\n<th>Jahrgang<\/th>\n<td><\/td>\n<\/tr>\n<tr>\n<th>Volumen<\/th>\n<td>11.50<\/td>\n<\/tr>\n<tr class=\"vino-product-specs-desc\">\n<td colspan=\"2\">In der Nase frisch und fruchtig mit Ankl\u00e4ngen an gr\u00fcne \u00c4pfel, Grapefruit und Banane, dazu eine klare florale Note nach Akazienbl\u00fcten. Am Gaumen wirkt er harmonisch und samtig, mit sch\u00f6ner Frische und gutem Gleichgewicht.<\/p>\n<p>Ein ausgezeichneter Aperitif und passend f\u00fcr viele Gelegenheiten.<\/td>\n<\/tr>\n<\/tbody>\n<\/table>\n","protected":false},"excerpt":{"rendered":"<p>Produzent Fattoria Conca d&#8217;Oro Land Italien Region Veneto Trauben Glera Inhalt 75cl Jahrgang Volumen 11.50 In der Nase frisch und fruchtig mit Ankl\u00e4ngen an gr\u00fcne \u00c4pfel, Grapefruit und Banane, dazu eine klare florale Note nach Akazienbl\u00fcten. Am Gaumen wirkt er harmonisch und samtig, mit sch\u00f6ner [&hellip;]<\/p>\n","protected":false},"featured_media":23992,"template":"","meta":[],"product_brand":[1060],"product_cat":[954,947,948],"product_tag":[],"class_list":{"0":"post-24984","1":"product","2":"type-product","3":"status-publish","4":"has-post-thumbnail","6":"product_brand-fattoria-conca-doro","7":"product_cat-champagner-schaumwein","8":"product_cat-italien","9":"product_cat-veneto","11":"first","12":"instock","13":"purchasable","14":"product-type-simple"},"_links":{"self":[{"href":"https:\/\/vinothek-schmidli.ch\/index.php?rest_route=\/wp\/v2\/product\/24984","targetHints":{"allow":["GET"]}}],"collection":[{"href":"https:\/\/vinothek-schmidli.ch\/index.php?rest_route=\/wp\/v2\/product"}],"about":[{"href":"https:\/\/vinothek-schmidli.ch\/index.php?rest_route=\/wp\/v2\/types\/product"}],"wp:featuredmedia":[{"embeddable":true,"href":"https:\/\/vinothek-schmidli.ch\/index.php?rest_route=\/wp\/v2\/media\/23992"}],"wp:attachment":[{"href":"https:\/\/vinothek-schmidli.ch\/index.php?rest_route=%2Fwp%2Fv2%2Fmedia&parent=24984"}],"wp:term":[{"taxonomy":"product_brand","embeddable":true,"href":"https:\/\/vinothek-schmidli.ch\/index.php?rest_route=%2Fwp%2Fv2%2Fproduct_brand&post=24984"},{"taxonomy":"product_cat","embeddable":true,"href":"https:\/\/vinothek-schmidli.ch\/index.php?rest_route=%2Fwp%2Fv2%2Fproduct_cat&post=24984"},{"taxonomy":"product_tag","embeddable":true,"href":"https:\/\/vinothek-schmidli.ch\/index.php?rest_route=%2Fwp%2Fv2%2Fproduct_tag&post=24984"}],"curies":[{"name":"wp","href":"https:\/\/api.w.org\/{rel}","templated":true}]}}