{"id":24985,"date":"2026-04-20T09:24:40","date_gmt":"2026-04-20T08:24:40","guid":{"rendered":"https:\/\/vinothek-schmidli.ch\/?product=eins-zwei-zero-sparkling-riesling-alkoholfrei"},"modified":"2026-04-20T09:24:43","modified_gmt":"2026-04-20T08:24:43","slug":"eins-zwei-zero-sparkling-riesling-alkoholfrei","status":"publish","type":"product","link":"https:\/\/vinothek-schmidli.ch\/?product=eins-zwei-zero-sparkling-riesling-alkoholfrei","title":{"rendered":"Eins-Zwei-Zero Sparkling Riesling alkoholfrei"},"content":{"rendered":"<table class=\"vino-product-specs\">\n<tbody>\n<tr>\n<th>Produzent<\/th>\n<td>Leitz<\/td>\n<\/tr>\n<tr>\n<th>Land<\/th>\n<td>Deutschland<\/td>\n<\/tr>\n<tr>\n<th>Region<\/th>\n<td>Rheintal<\/td>\n<\/tr>\n<tr>\n<th>Trauben<\/th>\n<td>100 % Riesling<\/td>\n<\/tr>\n<tr>\n<th>Inhalt<\/th>\n<td>75cl<\/td>\n<\/tr>\n<tr>\n<th>Jahrgang<\/th>\n<td><\/td>\n<\/tr>\n<tr>\n<th>Volumen<\/th>\n<td>0.00<\/td>\n<\/tr>\n<tr class=\"vino-product-specs-desc\">\n<td colspan=\"2\">Dieser alkoholfreie Schaumwein zeigt sich frisch und lebendig. In der Nase Ankl\u00e4nge von Limetten, Noten von Rhabarber und roten \u00c4pfeln. Dazu kommen mineralische Akzente, die dem Wein Spannung und Ausdruck verleihen.<\/p>\n<p>Am Gaumen wirkt er trocken und pr\u00e4zise mit sch\u00f6ner Spritzigkeit und einem \u00fcberraschend langen Abgang. Die feine Perlage unterstreicht seine Leichtigkeit und macht ihn angenehm animierend.<\/p>\n<p>Ein moderner, alkoholfreier Sparkling mit Charakter, der besonders gut zur indischen K\u00fcche und asiatischen Gerichten passt.<\/td>\n<\/tr>\n<\/tbody>\n<\/table>\n","protected":false},"excerpt":{"rendered":"<p>Produzent Leitz Land Deutschland Region Rheintal Trauben 100 % Riesling Inhalt 75cl Jahrgang Volumen 0.00 Dieser alkoholfreie Schaumwein zeigt sich frisch und lebendig. In der Nase Ankl\u00e4nge von Limetten, Noten von Rhabarber und roten \u00c4pfeln. Dazu kommen mineralische Akzente, die dem Wein Spannung und Ausdruck [&hellip;]<\/p>\n","protected":false},"featured_media":24196,"template":"","meta":[],"product_brand":[1351],"product_cat":[1346,1368,1369],"product_tag":[],"class_list":{"0":"post-24985","1":"product","2":"type-product","3":"status-publish","4":"has-post-thumbnail","6":"product_brand-leitz","7":"product_cat-alkoholfrei","8":"product_cat-deutschland","9":"product_cat-rheintal","11":"first","12":"instock","13":"purchasable","14":"product-type-simple"},"_links":{"self":[{"href":"https:\/\/vinothek-schmidli.ch\/index.php?rest_route=\/wp\/v2\/product\/24985","targetHints":{"allow":["GET"]}}],"collection":[{"href":"https:\/\/vinothek-schmidli.ch\/index.php?rest_route=\/wp\/v2\/product"}],"about":[{"href":"https:\/\/vinothek-schmidli.ch\/index.php?rest_route=\/wp\/v2\/types\/product"}],"wp:featuredmedia":[{"embeddable":true,"href":"https:\/\/vinothek-schmidli.ch\/index.php?rest_route=\/wp\/v2\/media\/24196"}],"wp:attachment":[{"href":"https:\/\/vinothek-schmidli.ch\/index.php?rest_route=%2Fwp%2Fv2%2Fmedia&parent=24985"}],"wp:term":[{"taxonomy":"product_brand","embeddable":true,"href":"https:\/\/vinothek-schmidli.ch\/index.php?rest_route=%2Fwp%2Fv2%2Fproduct_brand&post=24985"},{"taxonomy":"product_cat","embeddable":true,"href":"https:\/\/vinothek-schmidli.ch\/index.php?rest_route=%2Fwp%2Fv2%2Fproduct_cat&post=24985"},{"taxonomy":"product_tag","embeddable":true,"href":"https:\/\/vinothek-schmidli.ch\/index.php?rest_route=%2Fwp%2Fv2%2Fproduct_tag&post=24985"}],"curies":[{"name":"wp","href":"https:\/\/api.w.org\/{rel}","templated":true}]}}