{"id":24986,"date":"2026-04-20T09:24:40","date_gmt":"2026-04-20T08:24:40","guid":{"rendered":"https:\/\/vinothek-schmidli.ch\/?product=eins-zwei-zero-blanc-de-blancs-alkoholfrei"},"modified":"2026-04-20T09:24:43","modified_gmt":"2026-04-20T08:24:43","slug":"eins-zwei-zero-blanc-de-blancs-alkoholfrei","status":"publish","type":"product","link":"https:\/\/vinothek-schmidli.ch\/?product=eins-zwei-zero-blanc-de-blancs-alkoholfrei","title":{"rendered":"Eins-Zwei-Zero Blanc de Blancs alkoholfrei"},"content":{"rendered":"<table class=\"vino-product-specs\">\n<tbody>\n<tr>\n<th>Produzent<\/th>\n<td>Leitz<\/td>\n<\/tr>\n<tr>\n<th>Land<\/th>\n<td>Deutschland<\/td>\n<\/tr>\n<tr>\n<th>Region<\/th>\n<td>Rheintal<\/td>\n<\/tr>\n<tr>\n<th>Trauben<\/th>\n<td>Cuv\u00e9e Weiss<\/td>\n<\/tr>\n<tr>\n<th>Inhalt<\/th>\n<td>75cl<\/td>\n<\/tr>\n<tr>\n<th>Jahrgang<\/th>\n<td><\/td>\n<\/tr>\n<tr>\n<th>Volumen<\/th>\n<td>0.00<\/td>\n<\/tr>\n<tr class=\"vino-product-specs-desc\">\n<td colspan=\"2\">Dieser alkoholfreie Weisswein stammt aus dem Hause Weingut Leitz, dessen Geschichte bis ins Jahr 1744 zur\u00fcckreicht und das heute zu den renommiertesten Deutschlands z\u00e4hlt. <\/p>\n<p>In der Nase zeigt er zart tropische Nuancen mit Ankl\u00e4ngen von Sternfrucht, dazu saftige Kr\u00e4uter, Honig und Stachelbeeren. Am Gaumen wirkt er lebendig und zug\u00e4nglich, mit sch\u00f6ner Frische, feinem Trinkfluss und einer klaren, harmonischen Art, die an klassische Weissweine erinnert.<\/p>\n<p>Ein unkomplizierter, ehrlicher alkoholfreier Weisswein mit Charakter.<\/td>\n<\/tr>\n<\/tbody>\n<\/table>\n","protected":false},"excerpt":{"rendered":"<p>Produzent Leitz Land Deutschland Region Rheintal Trauben Cuv\u00e9e Weiss Inhalt 75cl Jahrgang Volumen 0.00 Dieser alkoholfreie Weisswein stammt aus dem Hause Weingut Leitz, dessen Geschichte bis ins Jahr 1744 zur\u00fcckreicht und das heute zu den renommiertesten Deutschlands z\u00e4hlt. In der Nase zeigt er zart tropische [&hellip;]<\/p>\n","protected":false},"featured_media":24193,"template":"","meta":[],"product_brand":[1351],"product_cat":[1346,1368,1369],"product_tag":[],"class_list":{"0":"post-24986","1":"product","2":"type-product","3":"status-publish","4":"has-post-thumbnail","6":"product_brand-leitz","7":"product_cat-alkoholfrei","8":"product_cat-deutschland","9":"product_cat-rheintal","11":"first","12":"instock","13":"purchasable","14":"product-type-simple"},"_links":{"self":[{"href":"https:\/\/vinothek-schmidli.ch\/index.php?rest_route=\/wp\/v2\/product\/24986","targetHints":{"allow":["GET"]}}],"collection":[{"href":"https:\/\/vinothek-schmidli.ch\/index.php?rest_route=\/wp\/v2\/product"}],"about":[{"href":"https:\/\/vinothek-schmidli.ch\/index.php?rest_route=\/wp\/v2\/types\/product"}],"wp:featuredmedia":[{"embeddable":true,"href":"https:\/\/vinothek-schmidli.ch\/index.php?rest_route=\/wp\/v2\/media\/24193"}],"wp:attachment":[{"href":"https:\/\/vinothek-schmidli.ch\/index.php?rest_route=%2Fwp%2Fv2%2Fmedia&parent=24986"}],"wp:term":[{"taxonomy":"product_brand","embeddable":true,"href":"https:\/\/vinothek-schmidli.ch\/index.php?rest_route=%2Fwp%2Fv2%2Fproduct_brand&post=24986"},{"taxonomy":"product_cat","embeddable":true,"href":"https:\/\/vinothek-schmidli.ch\/index.php?rest_route=%2Fwp%2Fv2%2Fproduct_cat&post=24986"},{"taxonomy":"product_tag","embeddable":true,"href":"https:\/\/vinothek-schmidli.ch\/index.php?rest_route=%2Fwp%2Fv2%2Fproduct_tag&post=24986"}],"curies":[{"name":"wp","href":"https:\/\/api.w.org\/{rel}","templated":true}]}}