{"id":24989,"date":"2026-04-20T09:24:40","date_gmt":"2026-04-20T08:24:40","guid":{"rendered":"https:\/\/vinothek-schmidli.ch\/?product=amarone-valpolicella-classico-villabella-docg-2019"},"modified":"2026-04-20T09:24:44","modified_gmt":"2026-04-20T08:24:44","slug":"amarone-valpolicella-classico-villabella-docg-2019","status":"publish","type":"product","link":"https:\/\/vinothek-schmidli.ch\/?product=amarone-valpolicella-classico-villabella-docg-2019","title":{"rendered":"Amarone Valpolicella Classico Villabella DOCG 2019"},"content":{"rendered":"<table class=\"vino-product-specs\">\n<tbody>\n<tr>\n<th>Produzent<\/th>\n<td>Villabella<\/td>\n<\/tr>\n<tr>\n<th>Land<\/th>\n<td>Italien<\/td>\n<\/tr>\n<tr>\n<th>Region<\/th>\n<td>Veneto<\/td>\n<\/tr>\n<tr>\n<th>Trauben<\/th>\n<td>Corvina, Rondinella, Corvinone<\/td>\n<\/tr>\n<tr>\n<th>Inhalt<\/th>\n<td>75 cl<\/td>\n<\/tr>\n<tr>\n<th>Jahrgang<\/th>\n<td>2019<\/td>\n<\/tr>\n<tr>\n<th>Volumen<\/th>\n<td>15.00<\/td>\n<\/tr>\n<tr class=\"vino-product-specs-desc\">\n<td colspan=\"2\">Nach der Teiltrocknung in gut gel\u00fcfteten und klimatisierten<br \/>\nKammern wird dieser Amarone in traditionellen F\u00e4ssern aus slowenischer Eiche ausgebaut.<\/p>\n<p>Ein Wein mit typisch fruchtiger Blume von Kirsche und Amarelle;<br \/>\ner duftet nach Konfit\u00fcre aus kleinen Waldfr\u00fcchten, unter die sich elegante Erinnerungen an s\u00fcsse Gew\u00fcrze und zartbittere Schokolade mischen. Amarone ist ein Wein von grosser Struktur und mit einem gewaltigen Geschmacksreichtum.<\/td>\n<\/tr>\n<\/tbody>\n<\/table>\n","protected":false},"excerpt":{"rendered":"<p>Produzent Villabella Land Italien Region Veneto Trauben Corvina, Rondinella, Corvinone Inhalt 75 cl Jahrgang 2019 Volumen 15.00 Nach der Teiltrocknung in gut gel\u00fcfteten und klimatisierten Kammern wird dieser Amarone in traditionellen F\u00e4ssern aus slowenischer Eiche ausgebaut. Ein Wein mit typisch fruchtiger Blume von Kirsche und [&hellip;]<\/p>\n","protected":false},"featured_media":24048,"template":"","meta":[],"product_brand":[700],"product_cat":[947,963,948],"product_tag":[],"class_list":{"0":"post-24989","1":"product","2":"type-product","3":"status-publish","4":"has-post-thumbnail","6":"product_brand-villabella","7":"product_cat-italien","8":"product_cat-rotwein","9":"product_cat-veneto","11":"first","12":"instock","13":"purchasable","14":"product-type-simple"},"_links":{"self":[{"href":"https:\/\/vinothek-schmidli.ch\/index.php?rest_route=\/wp\/v2\/product\/24989","targetHints":{"allow":["GET"]}}],"collection":[{"href":"https:\/\/vinothek-schmidli.ch\/index.php?rest_route=\/wp\/v2\/product"}],"about":[{"href":"https:\/\/vinothek-schmidli.ch\/index.php?rest_route=\/wp\/v2\/types\/product"}],"wp:featuredmedia":[{"embeddable":true,"href":"https:\/\/vinothek-schmidli.ch\/index.php?rest_route=\/wp\/v2\/media\/24048"}],"wp:attachment":[{"href":"https:\/\/vinothek-schmidli.ch\/index.php?rest_route=%2Fwp%2Fv2%2Fmedia&parent=24989"}],"wp:term":[{"taxonomy":"product_brand","embeddable":true,"href":"https:\/\/vinothek-schmidli.ch\/index.php?rest_route=%2Fwp%2Fv2%2Fproduct_brand&post=24989"},{"taxonomy":"product_cat","embeddable":true,"href":"https:\/\/vinothek-schmidli.ch\/index.php?rest_route=%2Fwp%2Fv2%2Fproduct_cat&post=24989"},{"taxonomy":"product_tag","embeddable":true,"href":"https:\/\/vinothek-schmidli.ch\/index.php?rest_route=%2Fwp%2Fv2%2Fproduct_tag&post=24989"}],"curies":[{"name":"wp","href":"https:\/\/api.w.org\/{rel}","templated":true}]}}