{"id":24991,"date":"2026-04-20T09:24:46","date_gmt":"2026-04-20T08:24:46","guid":{"rendered":"https:\/\/vinothek-schmidli.ch\/?product=edelblut-pinot-noir-grand-cru-aoc-2022"},"modified":"2026-04-20T09:24:46","modified_gmt":"2026-04-20T08:24:46","slug":"edelblut-pinot-noir-grand-cru-aoc-2022","status":"publish","type":"product","link":"https:\/\/vinothek-schmidli.ch\/?product=edelblut-pinot-noir-grand-cru-aoc-2022","title":{"rendered":"Edelblut Pinot Noir Grand Cru AOC 2022"},"content":{"rendered":"<table class=\"vino-product-specs\">\n<tbody>\n<tr>\n<th>Produzent<\/th>\n<td>Baumgartner Weinbau<\/td>\n<\/tr>\n<tr>\n<th>Land<\/th>\n<td>Schweiz<\/td>\n<\/tr>\n<tr>\n<th>Region<\/th>\n<td>Aargau<\/td>\n<\/tr>\n<tr>\n<th>Trauben<\/th>\n<td>Pinot Noir<\/td>\n<\/tr>\n<tr>\n<th>Inhalt<\/th>\n<td>75cl<\/td>\n<\/tr>\n<tr>\n<th>Jahrgang<\/th>\n<td>2022<\/td>\n<\/tr>\n<tr>\n<th>Volumen<\/th>\n<td>13.50<\/td>\n<\/tr>\n<tr class=\"vino-product-specs-desc\">\n<td colspan=\"2\">Intensives, dunkles Rubinrot, vielschichtiges, komplexes Bukett, das dezente Holzaroma (wie Vanille- und R\u00f6staromen) ist fein eingebettet in ein kr\u00e4ftiges nach schwarzen Beeren, Himbeeren und Brombeeren riechendes Pinot noir &#8211; Bukett, voller, samtiger K\u00f6rper mit guter Tanninstruktur und ausgewogener S\u00e4ure.<\/td>\n<\/tr>\n<\/tbody>\n<\/table>\n","protected":false},"excerpt":{"rendered":"<p>Produzent Baumgartner Weinbau Land Schweiz Region Aargau Trauben Pinot Noir Inhalt 75cl Jahrgang 2022 Volumen 13.50 Intensives, dunkles Rubinrot, vielschichtiges, komplexes Bukett, das dezente Holzaroma (wie Vanille- und R\u00f6staromen) ist fein eingebettet in ein kr\u00e4ftiges nach schwarzen Beeren, Himbeeren und Brombeeren riechendes Pinot noir &#8211; [&hellip;]<\/p>\n","protected":false},"featured_media":24222,"template":"","meta":[],"product_brand":[1332],"product_cat":[1007,963,950],"product_tag":[],"class_list":{"0":"post-24991","1":"product","2":"type-product","3":"status-publish","4":"has-post-thumbnail","6":"product_brand-baumgartner-weinbau","7":"product_cat-aargau","8":"product_cat-rotwein","9":"product_cat-schweiz","11":"first","12":"instock","13":"purchasable","14":"product-type-simple"},"_links":{"self":[{"href":"https:\/\/vinothek-schmidli.ch\/index.php?rest_route=\/wp\/v2\/product\/24991","targetHints":{"allow":["GET"]}}],"collection":[{"href":"https:\/\/vinothek-schmidli.ch\/index.php?rest_route=\/wp\/v2\/product"}],"about":[{"href":"https:\/\/vinothek-schmidli.ch\/index.php?rest_route=\/wp\/v2\/types\/product"}],"wp:featuredmedia":[{"embeddable":true,"href":"https:\/\/vinothek-schmidli.ch\/index.php?rest_route=\/wp\/v2\/media\/24222"}],"wp:attachment":[{"href":"https:\/\/vinothek-schmidli.ch\/index.php?rest_route=%2Fwp%2Fv2%2Fmedia&parent=24991"}],"wp:term":[{"taxonomy":"product_brand","embeddable":true,"href":"https:\/\/vinothek-schmidli.ch\/index.php?rest_route=%2Fwp%2Fv2%2Fproduct_brand&post=24991"},{"taxonomy":"product_cat","embeddable":true,"href":"https:\/\/vinothek-schmidli.ch\/index.php?rest_route=%2Fwp%2Fv2%2Fproduct_cat&post=24991"},{"taxonomy":"product_tag","embeddable":true,"href":"https:\/\/vinothek-schmidli.ch\/index.php?rest_route=%2Fwp%2Fv2%2Fproduct_tag&post=24991"}],"curies":[{"name":"wp","href":"https:\/\/api.w.org\/{rel}","templated":true}]}}