{"id":24992,"date":"2026-04-20T09:24:46","date_gmt":"2026-04-20T08:24:46","guid":{"rendered":"https:\/\/vinothek-schmidli.ch\/?product=tio-martin-crianza-doc-2019"},"modified":"2026-04-20T09:24:47","modified_gmt":"2026-04-20T08:24:47","slug":"tio-martin-crianza-doc-2019","status":"publish","type":"product","link":"https:\/\/vinothek-schmidli.ch\/?product=tio-martin-crianza-doc-2019","title":{"rendered":"Tio Martin Crianza DOC 2019"},"content":{"rendered":"<table class=\"vino-product-specs\">\n<tbody>\n<tr>\n<th>Produzent<\/th>\n<td>Bodegas Mateos<\/td>\n<\/tr>\n<tr>\n<th>Land<\/th>\n<td>Spanien<\/td>\n<\/tr>\n<tr>\n<th>Region<\/th>\n<td>Rioja<\/td>\n<\/tr>\n<tr>\n<th>Trauben<\/th>\n<td>Tempranillo, Graciano, Mazuelo, Garnacha<\/td>\n<\/tr>\n<tr>\n<th>Inhalt<\/th>\n<td>75cl<\/td>\n<\/tr>\n<tr>\n<th>Jahrgang<\/th>\n<td>2019<\/td>\n<\/tr>\n<tr>\n<th>Volumen<\/th>\n<td>14.50<\/td>\n<\/tr>\n<tr class=\"vino-product-specs-desc\">\n<td colspan=\"2\">Brillante rubinrote Farbe mit mittlerer Tiefe und wenig Entwicklung, sauber. Intensive und komplexe Nase mit Aromen von dunklen Fr\u00fcchten (Brombeeren und Heidelbeeren) und Unterholz (Lavendel, Dill, Rosmarin). Noten von balsamischem Holz, die sich zu s\u00fc\u00dfen Gew\u00fcrzen (Vanille, Kokosnuss, Nelke) und dunkler Schokolade entwickeln. Am Gaumen zeigt sich Pers\u00f6nlichkeit und Charakter. Balsamische und mentholhaltige Elemente, die die Aromen des Kompotts aus schwarzen Fr\u00fcchten (Maraschino) hervorheben. Der Abgang ist lang mit leicht bitteren Noten des Eichenausbaus (Kakao, Kaffee), die den Mund s\u00e4ubern und zum Weitertrinken einladen.<\/td>\n<\/tr>\n<\/tbody>\n<\/table>\n","protected":false},"excerpt":{"rendered":"<p>Produzent Bodegas Mateos Land Spanien Region Rioja Trauben Tempranillo, Graciano, Mazuelo, Garnacha Inhalt 75cl Jahrgang 2019 Volumen 14.50 Brillante rubinrote Farbe mit mittlerer Tiefe und wenig Entwicklung, sauber. Intensive und komplexe Nase mit Aromen von dunklen Fr\u00fcchten (Brombeeren und Heidelbeeren) und Unterholz (Lavendel, Dill, Rosmarin). [&hellip;]<\/p>\n","protected":false},"featured_media":24011,"template":"","meta":[],"product_brand":[1207],"product_cat":[975,963,960],"product_tag":[],"class_list":{"0":"post-24992","1":"product","2":"type-product","3":"status-publish","4":"has-post-thumbnail","6":"product_brand-bodegas-mateos","7":"product_cat-rioja","8":"product_cat-rotwein","9":"product_cat-spanien","11":"first","12":"instock","13":"purchasable","14":"product-type-simple"},"_links":{"self":[{"href":"https:\/\/vinothek-schmidli.ch\/index.php?rest_route=\/wp\/v2\/product\/24992","targetHints":{"allow":["GET"]}}],"collection":[{"href":"https:\/\/vinothek-schmidli.ch\/index.php?rest_route=\/wp\/v2\/product"}],"about":[{"href":"https:\/\/vinothek-schmidli.ch\/index.php?rest_route=\/wp\/v2\/types\/product"}],"wp:featuredmedia":[{"embeddable":true,"href":"https:\/\/vinothek-schmidli.ch\/index.php?rest_route=\/wp\/v2\/media\/24011"}],"wp:attachment":[{"href":"https:\/\/vinothek-schmidli.ch\/index.php?rest_route=%2Fwp%2Fv2%2Fmedia&parent=24992"}],"wp:term":[{"taxonomy":"product_brand","embeddable":true,"href":"https:\/\/vinothek-schmidli.ch\/index.php?rest_route=%2Fwp%2Fv2%2Fproduct_brand&post=24992"},{"taxonomy":"product_cat","embeddable":true,"href":"https:\/\/vinothek-schmidli.ch\/index.php?rest_route=%2Fwp%2Fv2%2Fproduct_cat&post=24992"},{"taxonomy":"product_tag","embeddable":true,"href":"https:\/\/vinothek-schmidli.ch\/index.php?rest_route=%2Fwp%2Fv2%2Fproduct_tag&post=24992"}],"curies":[{"name":"wp","href":"https:\/\/api.w.org\/{rel}","templated":true}]}}