{"id":24993,"date":"2026-04-20T09:24:46","date_gmt":"2026-04-20T08:24:46","guid":{"rendered":"https:\/\/vinothek-schmidli.ch\/?product=la-mateo-coleccion-de-familia-vendimia-doc-2020"},"modified":"2026-04-20T09:24:47","modified_gmt":"2026-04-20T08:24:47","slug":"la-mateo-coleccion-de-familia-vendimia-doc-2020","status":"publish","type":"product","link":"https:\/\/vinothek-schmidli.ch\/?product=la-mateo-coleccion-de-familia-vendimia-doc-2020","title":{"rendered":"La Mateo Coleccion de Familia Vendimia DOC 2020"},"content":{"rendered":"<table class=\"vino-product-specs\">\n<tbody>\n<tr>\n<th>Produzent<\/th>\n<td>Bodegas Mateos<\/td>\n<\/tr>\n<tr>\n<th>Land<\/th>\n<td>Spanien<\/td>\n<\/tr>\n<tr>\n<th>Region<\/th>\n<td>Rioja<\/td>\n<\/tr>\n<tr>\n<th>Trauben<\/th>\n<td>Tempranillo, Graciano, Garnacha<\/td>\n<\/tr>\n<tr>\n<th>Inhalt<\/th>\n<td>75cl<\/td>\n<\/tr>\n<tr>\n<th>Jahrgang<\/th>\n<td>2020<\/td>\n<\/tr>\n<tr>\n<th>Volumen<\/th>\n<td>14.50<\/td>\n<\/tr>\n<tr class=\"vino-product-specs-desc\">\n<td colspan=\"2\">Leuchtendes Rubinrot mit einer hohen Robe und wenig Entwicklung. Sehr intensive Aromen von schwarzen Johannisbeeren und reifen Fr\u00fcchten (Erdbeere, Brombeere und Pflaume), begleitet von Gew\u00fcrzen und s\u00fc\u00dfen Noten von ger\u00f6stetem Holz. Im Mund ausgewogen, schmackhaft, lang und mit einem breiten, cremigen und balsamischen Abgang.<\/td>\n<\/tr>\n<\/tbody>\n<\/table>\n","protected":false},"excerpt":{"rendered":"<p>Produzent Bodegas Mateos Land Spanien Region Rioja Trauben Tempranillo, Graciano, Garnacha Inhalt 75cl Jahrgang 2020 Volumen 14.50 Leuchtendes Rubinrot mit einer hohen Robe und wenig Entwicklung. Sehr intensive Aromen von schwarzen Johannisbeeren und reifen Fr\u00fcchten (Erdbeere, Brombeere und Pflaume), begleitet von Gew\u00fcrzen und s\u00fc\u00dfen Noten [&hellip;]<\/p>\n","protected":false},"featured_media":24013,"template":"","meta":[],"product_brand":[1207],"product_cat":[975,963,960],"product_tag":[],"class_list":{"0":"post-24993","1":"product","2":"type-product","3":"status-publish","4":"has-post-thumbnail","6":"product_brand-bodegas-mateos","7":"product_cat-rioja","8":"product_cat-rotwein","9":"product_cat-spanien","11":"first","12":"instock","13":"purchasable","14":"product-type-simple"},"_links":{"self":[{"href":"https:\/\/vinothek-schmidli.ch\/index.php?rest_route=\/wp\/v2\/product\/24993","targetHints":{"allow":["GET"]}}],"collection":[{"href":"https:\/\/vinothek-schmidli.ch\/index.php?rest_route=\/wp\/v2\/product"}],"about":[{"href":"https:\/\/vinothek-schmidli.ch\/index.php?rest_route=\/wp\/v2\/types\/product"}],"wp:featuredmedia":[{"embeddable":true,"href":"https:\/\/vinothek-schmidli.ch\/index.php?rest_route=\/wp\/v2\/media\/24013"}],"wp:attachment":[{"href":"https:\/\/vinothek-schmidli.ch\/index.php?rest_route=%2Fwp%2Fv2%2Fmedia&parent=24993"}],"wp:term":[{"taxonomy":"product_brand","embeddable":true,"href":"https:\/\/vinothek-schmidli.ch\/index.php?rest_route=%2Fwp%2Fv2%2Fproduct_brand&post=24993"},{"taxonomy":"product_cat","embeddable":true,"href":"https:\/\/vinothek-schmidli.ch\/index.php?rest_route=%2Fwp%2Fv2%2Fproduct_cat&post=24993"},{"taxonomy":"product_tag","embeddable":true,"href":"https:\/\/vinothek-schmidli.ch\/index.php?rest_route=%2Fwp%2Fv2%2Fproduct_tag&post=24993"}],"curies":[{"name":"wp","href":"https:\/\/api.w.org\/{rel}","templated":true}]}}