{"id":24996,"date":"2026-04-20T09:24:46","date_gmt":"2026-04-20T08:24:46","guid":{"rendered":"https:\/\/vinothek-schmidli.ch\/?product=demuerte-black-do-2019"},"modified":"2026-04-20T09:24:47","modified_gmt":"2026-04-20T08:24:47","slug":"demuerte-black-do-2019","status":"publish","type":"product","link":"https:\/\/vinothek-schmidli.ch\/?product=demuerte-black-do-2019","title":{"rendered":"Demuerte Black DO 2019"},"content":{"rendered":"<table class=\"vino-product-specs\">\n<tbody>\n<tr>\n<th>Produzent<\/th>\n<td>Winery ON<\/td>\n<\/tr>\n<tr>\n<th>Land<\/th>\n<td>Spanien<\/td>\n<\/tr>\n<tr>\n<th>Region<\/th>\n<td>Yecla<\/td>\n<\/tr>\n<tr>\n<th>Trauben<\/th>\n<td>Monastrell<\/td>\n<\/tr>\n<tr>\n<th>Inhalt<\/th>\n<td>75cl<\/td>\n<\/tr>\n<tr>\n<th>Jahrgang<\/th>\n<td>2019<\/td>\n<\/tr>\n<tr>\n<th>Volumen<\/th>\n<td>16.00<\/td>\n<\/tr>\n<tr class=\"vino-product-specs-desc\">\n<td colspan=\"2\">Der Demuerte BLACK Swarovski Yecla DO von der WineryOn Bodegas ist ein Ultrapremium-Wein in limitierter Auflage und exklusiver Aufmachung. Noch konzentrierter, noch vollmundiger als der GOLD und aus 100% Monastrell \u0084old vines\u0093. Ausgebaut w\u00e4hrend 20 Monaten in besten franz\u00f6sischen Barriques. Auf der Etikette zwei 6,40 mm Swarovski-Kristalle als leuchtende Augen f\u00fcr den Sch\u00e4del. Schlicht ein grossartiger Wein!<\/p>\n<p>\nDichtes granatrot mit purpurfarbenen Reflexen. In der Nase Aromen von reifen Waldbeeren, begleitet von Pflaumen und Kirschen, dazu leicht balsamische Noten und eine Spur Schokolade. Am Gaumen wirkt er sehr breit und f\u00fcllig und zeigt durch seinen kraftvollen K\u00f6rper auch Schmelz und einen guten Aromadruck. Langer und geschmeidiger Abgang mit sehr runden und harmonischen Tanninen. Trinkgenuss pur!<\/td>\n<\/tr>\n<\/tbody>\n<\/table>\n","protected":false},"excerpt":{"rendered":"<p>Produzent Winery ON Land Spanien Region Yecla Trauben Monastrell Inhalt 75cl Jahrgang 2019 Volumen 16.00 Der Demuerte BLACK Swarovski Yecla DO von der WineryOn Bodegas ist ein Ultrapremium-Wein in limitierter Auflage und exklusiver Aufmachung. Noch konzentrierter, noch vollmundiger als der GOLD und aus 100% Monastrell [&hellip;]<\/p>\n","protected":false},"featured_media":24079,"template":"","meta":[],"product_brand":[1197],"product_cat":[963,960,1021],"product_tag":[],"class_list":{"0":"post-24996","1":"product","2":"type-product","3":"status-publish","4":"has-post-thumbnail","6":"product_brand-winery-on","7":"product_cat-rotwein","8":"product_cat-spanien","9":"product_cat-yecla","11":"first","12":"instock","13":"purchasable","14":"product-type-simple"},"_links":{"self":[{"href":"https:\/\/vinothek-schmidli.ch\/index.php?rest_route=\/wp\/v2\/product\/24996","targetHints":{"allow":["GET"]}}],"collection":[{"href":"https:\/\/vinothek-schmidli.ch\/index.php?rest_route=\/wp\/v2\/product"}],"about":[{"href":"https:\/\/vinothek-schmidli.ch\/index.php?rest_route=\/wp\/v2\/types\/product"}],"wp:featuredmedia":[{"embeddable":true,"href":"https:\/\/vinothek-schmidli.ch\/index.php?rest_route=\/wp\/v2\/media\/24079"}],"wp:attachment":[{"href":"https:\/\/vinothek-schmidli.ch\/index.php?rest_route=%2Fwp%2Fv2%2Fmedia&parent=24996"}],"wp:term":[{"taxonomy":"product_brand","embeddable":true,"href":"https:\/\/vinothek-schmidli.ch\/index.php?rest_route=%2Fwp%2Fv2%2Fproduct_brand&post=24996"},{"taxonomy":"product_cat","embeddable":true,"href":"https:\/\/vinothek-schmidli.ch\/index.php?rest_route=%2Fwp%2Fv2%2Fproduct_cat&post=24996"},{"taxonomy":"product_tag","embeddable":true,"href":"https:\/\/vinothek-schmidli.ch\/index.php?rest_route=%2Fwp%2Fv2%2Fproduct_tag&post=24996"}],"curies":[{"name":"wp","href":"https:\/\/api.w.org\/{rel}","templated":true}]}}