{"id":25002,"date":"2026-04-20T09:24:46","date_gmt":"2026-04-20T08:24:46","guid":{"rendered":"https:\/\/vinothek-schmidli.ch\/?product=dominio-de-miros-do-2018"},"modified":"2026-04-20T09:24:49","modified_gmt":"2026-04-20T08:24:49","slug":"dominio-de-miros-do-2018","status":"publish","type":"product","link":"https:\/\/vinothek-schmidli.ch\/?product=dominio-de-miros-do-2018","title":{"rendered":"Dominio de Miros DO 2018"},"content":{"rendered":"<table class=\"vino-product-specs\">\n<tbody>\n<tr>\n<th>Produzent<\/th>\n<td>Bodegas Pe\u00f1afiel<\/td>\n<\/tr>\n<tr>\n<th>Land<\/th>\n<td>Spanien<\/td>\n<\/tr>\n<tr>\n<th>Region<\/th>\n<td>Ribera del Duero<\/td>\n<\/tr>\n<tr>\n<th>Trauben<\/th>\n<td>100% Tempranillo<\/td>\n<\/tr>\n<tr>\n<th>Inhalt<\/th>\n<td>75cl<\/td>\n<\/tr>\n<tr>\n<th>Jahrgang<\/th>\n<td>2018<\/td>\n<\/tr>\n<tr>\n<th>Volumen<\/th>\n<td>15.00<\/td>\n<\/tr>\n<tr class=\"vino-product-specs-desc\">\n<td colspan=\"2\">Dieser Wein steht f\u00fcr kompromisslose Exzellenz und entsteht aus einer strengen Auswahl jahrhundertealter Kelchreben, deren Trauben von Hand und einzeln gelesen werden. Die lange Reifezeit von 36 Monaten in sehr feink\u00f6rnigen franz\u00f6sischen Eichenf\u00e4ssern verleiht ihm Tiefe, Struktur und grosses Entwicklungspotenzial. Eine Limited Edition, geschaffen f\u00fcr Geduld und Reife.<\/p>\n<p>Im Glas zeigt er sich kirschrot mit violetten R\u00e4ndern. In der Nase vielschichtig und intensiv mit Aromen von Schwarzwaldfr\u00fcchten, begleitet von w\u00fcrzigen, balsamischen und ger\u00f6steten Akzenten. Noten von Kaffee, Toffee und feinen Gew\u00fcrzen sind harmonisch in die Holzaromatik eingebunden. Am Gaumen kraftvoll und zugleich elegant, mit dichter Struktur, reifen Tanninen und einem langen, nachhaltigen Nachgeschmack.<\/p>\n<p>Ein ausdrucksstarker, tiefgr\u00fcndiger Wein mit Charakter und Pr\u00e4senz, der Ruhe, Zeit und Aufmerksamkeit verdient.<\/td>\n<\/tr>\n<\/tbody>\n<\/table>\n","protected":false},"excerpt":{"rendered":"<p>Produzent Bodegas Pe\u00f1afiel Land Spanien Region Ribera del Duero Trauben 100% Tempranillo Inhalt 75cl Jahrgang 2018 Volumen 15.00 Dieser Wein steht f\u00fcr kompromisslose Exzellenz und entsteht aus einer strengen Auswahl jahrhundertealter Kelchreben, deren Trauben von Hand und einzeln gelesen werden. Die lange Reifezeit von 36 [&hellip;]<\/p>\n","protected":false},"featured_media":24092,"template":"","meta":[],"product_brand":[1264],"product_cat":[1012,963,960],"product_tag":[],"class_list":{"0":"post-25002","1":"product","2":"type-product","3":"status-publish","4":"has-post-thumbnail","6":"product_brand-bodegas-penafiel","7":"product_cat-ribera-del-duero","8":"product_cat-rotwein","9":"product_cat-spanien","11":"first","12":"instock","13":"purchasable","14":"product-type-simple"},"_links":{"self":[{"href":"https:\/\/vinothek-schmidli.ch\/index.php?rest_route=\/wp\/v2\/product\/25002","targetHints":{"allow":["GET"]}}],"collection":[{"href":"https:\/\/vinothek-schmidli.ch\/index.php?rest_route=\/wp\/v2\/product"}],"about":[{"href":"https:\/\/vinothek-schmidli.ch\/index.php?rest_route=\/wp\/v2\/types\/product"}],"wp:featuredmedia":[{"embeddable":true,"href":"https:\/\/vinothek-schmidli.ch\/index.php?rest_route=\/wp\/v2\/media\/24092"}],"wp:attachment":[{"href":"https:\/\/vinothek-schmidli.ch\/index.php?rest_route=%2Fwp%2Fv2%2Fmedia&parent=25002"}],"wp:term":[{"taxonomy":"product_brand","embeddable":true,"href":"https:\/\/vinothek-schmidli.ch\/index.php?rest_route=%2Fwp%2Fv2%2Fproduct_brand&post=25002"},{"taxonomy":"product_cat","embeddable":true,"href":"https:\/\/vinothek-schmidli.ch\/index.php?rest_route=%2Fwp%2Fv2%2Fproduct_cat&post=25002"},{"taxonomy":"product_tag","embeddable":true,"href":"https:\/\/vinothek-schmidli.ch\/index.php?rest_route=%2Fwp%2Fv2%2Fproduct_tag&post=25002"}],"curies":[{"name":"wp","href":"https:\/\/api.w.org\/{rel}","templated":true}]}}