{"id":25004,"date":"2026-04-20T09:24:46","date_gmt":"2026-04-20T08:24:46","guid":{"rendered":"https:\/\/vinothek-schmidli.ch\/?product=clio-do-2020"},"modified":"2026-04-20T09:24:49","modified_gmt":"2026-04-20T08:24:49","slug":"clio-do-2020","status":"publish","type":"product","link":"https:\/\/vinothek-schmidli.ch\/?product=clio-do-2020","title":{"rendered":"Clio DO 2020"},"content":{"rendered":"<table class=\"vino-product-specs\">\n<tbody>\n<tr>\n<th>Produzent<\/th>\n<td>Bodegas El Nido<\/td>\n<\/tr>\n<tr>\n<th>Land<\/th>\n<td>Spanien<\/td>\n<\/tr>\n<tr>\n<th>Region<\/th>\n<td>Jumilla<\/td>\n<\/tr>\n<tr>\n<th>Trauben<\/th>\n<td>Monastrell, Cabernet Sauvignon<\/td>\n<\/tr>\n<tr>\n<th>Inhalt<\/th>\n<td>150 cl<\/td>\n<\/tr>\n<tr>\n<th>Jahrgang<\/th>\n<td>2020<\/td>\n<\/tr>\n<tr>\n<th>Volumen<\/th>\n<td>15.50<\/td>\n<\/tr>\n<tr class=\"vino-product-specs-desc\">\n<td colspan=\"2\"><b>Vinifikation \/ Ausbau<\/b><br \/>\nHandernte. Lange Maischeverg\u00e4rung, Ausbau in amerikanischen und franz\u00f6sischen Barriques. Der ber\u00fchmte australische Winemaker Chris Ringland verpasst diesem Wein seine Handschrift.<\/p>\n<p>\n<b>Charakter<\/b><br \/>\nSattes, undurchdringliches Dunkelrot. Im Bouquet viel W\u00fcrzigkeit, dunkle Frucht und eine klassische R\u00f6staromatik mit Kokosnote vom amerikanischen Holz. Sehr reint\u00f6nig und intensiv. Volumin\u00f6ser Wein, mit viel Extrakts\u00fcsse und Gaumenfrucht aber auch mit seidig elegantem Tannin und einer k\u00fchl wirkenden Gaumenfrucht. Sehr gelungene Verbindung von Tradition und Moderne.<\/p>\n<p>\n<b>Trinkempfehlung \/ Konsumationshinweis<\/b><br \/>\nPasst hervorragend zu kr\u00e4ftigen Fleischgerichten, spanischem Jamon und anderen Tapas<\/td>\n<\/tr>\n<\/tbody>\n<\/table>\n","protected":false},"excerpt":{"rendered":"<p>Produzent Bodegas El Nido Land Spanien Region Jumilla Trauben Monastrell, Cabernet Sauvignon Inhalt 150 cl Jahrgang 2020 Volumen 15.50 Vinifikation \/ Ausbau Handernte. Lange Maischeverg\u00e4rung, Ausbau in amerikanischen und franz\u00f6sischen Barriques. Der ber\u00fchmte australische Winemaker Chris Ringland verpasst diesem Wein seine Handschrift. Charakter Sattes, undurchdringliches [&hellip;]<\/p>\n","protected":false},"featured_media":24090,"template":"","meta":[],"product_brand":[1255],"product_cat":[1000,963,960],"product_tag":[],"class_list":{"0":"post-25004","1":"product","2":"type-product","3":"status-publish","4":"has-post-thumbnail","6":"product_brand-bodegas-el-nido","7":"product_cat-jumilla","8":"product_cat-rotwein","9":"product_cat-spanien","11":"first","12":"instock","13":"purchasable","14":"product-type-simple"},"_links":{"self":[{"href":"https:\/\/vinothek-schmidli.ch\/index.php?rest_route=\/wp\/v2\/product\/25004","targetHints":{"allow":["GET"]}}],"collection":[{"href":"https:\/\/vinothek-schmidli.ch\/index.php?rest_route=\/wp\/v2\/product"}],"about":[{"href":"https:\/\/vinothek-schmidli.ch\/index.php?rest_route=\/wp\/v2\/types\/product"}],"wp:featuredmedia":[{"embeddable":true,"href":"https:\/\/vinothek-schmidli.ch\/index.php?rest_route=\/wp\/v2\/media\/24090"}],"wp:attachment":[{"href":"https:\/\/vinothek-schmidli.ch\/index.php?rest_route=%2Fwp%2Fv2%2Fmedia&parent=25004"}],"wp:term":[{"taxonomy":"product_brand","embeddable":true,"href":"https:\/\/vinothek-schmidli.ch\/index.php?rest_route=%2Fwp%2Fv2%2Fproduct_brand&post=25004"},{"taxonomy":"product_cat","embeddable":true,"href":"https:\/\/vinothek-schmidli.ch\/index.php?rest_route=%2Fwp%2Fv2%2Fproduct_cat&post=25004"},{"taxonomy":"product_tag","embeddable":true,"href":"https:\/\/vinothek-schmidli.ch\/index.php?rest_route=%2Fwp%2Fv2%2Fproduct_tag&post=25004"}],"curies":[{"name":"wp","href":"https:\/\/api.w.org\/{rel}","templated":true}]}}