{"id":25011,"date":"2026-04-20T09:24:53","date_gmt":"2026-04-20T08:24:53","guid":{"rendered":"https:\/\/vinothek-schmidli.ch\/?product=campale-chianti-colli-senesi-docg-2021"},"modified":"2026-04-20T09:24:53","modified_gmt":"2026-04-20T08:24:53","slug":"campale-chianti-colli-senesi-docg-2021","status":"publish","type":"product","link":"https:\/\/vinothek-schmidli.ch\/?product=campale-chianti-colli-senesi-docg-2021","title":{"rendered":"Campale Chianti Colli Senesi DOCG 2021"},"content":{"rendered":"<table class=\"vino-product-specs\">\n<tbody>\n<tr>\n<th>Produzent<\/th>\n<td>Colombaio di Santachiara<\/td>\n<\/tr>\n<tr>\n<th>Land<\/th>\n<td>Italien<\/td>\n<\/tr>\n<tr>\n<th>Region<\/th>\n<td>Toskana<\/td>\n<\/tr>\n<tr>\n<th>Trauben<\/th>\n<td>90% Sangiovese, 10% Merlot<\/td>\n<\/tr>\n<tr>\n<th>Inhalt<\/th>\n<td>75cl<\/td>\n<\/tr>\n<tr>\n<th>Jahrgang<\/th>\n<td>2021<\/td>\n<\/tr>\n<tr>\n<th>Volumen<\/th>\n<td>13.50<\/td>\n<\/tr>\n<tr class=\"vino-product-specs-desc\">\n<td colspan=\"2\">San Gimignano geh\u00f6rt mittlerweile zum Pflichtprogramm eines jeden Toscana Reisenden. Neben dem Charme des St\u00e4dtchen, mit seinen bereits aus der Ferne unverkennbaren T\u00fcrmchen, w\u00e4chst hier der erste DOCG Weisswein der Toscana: Vernaccia di San Gimignano DOCG. ll Colombaio di Santa Chiara setzt auf den biologischen An- und Ausbau der Weine. Die Ernte von Hand ist genauso selbstverst\u00e4ndlich wie der schonende Ausbau der Weine ohne jeglichen Einsatz von Pestiziden. Ein Versprechen f\u00fcr die Zukunft.<\/p>\n<p>\nDer Ausbau erfolgt in Edelstahl, Betonzisterne und 25 Prozent in Barriquef\u00e4ssern.<\/p>\n<p>\nIntensives, strahlendes Rubinrot, in der Nase delikate Kirsch- und Cassisaromen, begleitet von Zwetschken und Waldbeeren, typische Veilchennoten und w\u00fcrzig-kr\u00e4utrige Ankl\u00e4nge, Pfeffer und Wacholder. Am Gaumen ebenso w\u00fcrzig-fruchtig, saftig und vollmundig, mit feingliedriger S\u00e4ure und gut gut integriertem Tannin, insgesamt sehr ausgewogen, ein sehr typischer Chianti mit langem w\u00fcrzigen Nachklang.<\/td>\n<\/tr>\n<\/tbody>\n<\/table>\n","protected":false},"excerpt":{"rendered":"<p>Produzent Colombaio di Santachiara Land Italien Region Toskana Trauben 90% Sangiovese, 10% Merlot Inhalt 75cl Jahrgang 2021 Volumen 13.50 San Gimignano geh\u00f6rt mittlerweile zum Pflichtprogramm eines jeden Toscana Reisenden. Neben dem Charme des St\u00e4dtchen, mit seinen bereits aus der Ferne unverkennbaren T\u00fcrmchen, w\u00e4chst hier der [&hellip;]<\/p>\n","protected":false},"featured_media":23984,"template":"","meta":[],"product_brand":[1271],"product_cat":[947,963,981],"product_tag":[],"class_list":{"0":"post-25011","1":"product","2":"type-product","3":"status-publish","4":"has-post-thumbnail","6":"product_brand-colombaio-di-santachiara","7":"product_cat-italien","8":"product_cat-rotwein","9":"product_cat-toskana","11":"first","12":"instock","13":"purchasable","14":"product-type-simple"},"_links":{"self":[{"href":"https:\/\/vinothek-schmidli.ch\/index.php?rest_route=\/wp\/v2\/product\/25011","targetHints":{"allow":["GET"]}}],"collection":[{"href":"https:\/\/vinothek-schmidli.ch\/index.php?rest_route=\/wp\/v2\/product"}],"about":[{"href":"https:\/\/vinothek-schmidli.ch\/index.php?rest_route=\/wp\/v2\/types\/product"}],"wp:featuredmedia":[{"embeddable":true,"href":"https:\/\/vinothek-schmidli.ch\/index.php?rest_route=\/wp\/v2\/media\/23984"}],"wp:attachment":[{"href":"https:\/\/vinothek-schmidli.ch\/index.php?rest_route=%2Fwp%2Fv2%2Fmedia&parent=25011"}],"wp:term":[{"taxonomy":"product_brand","embeddable":true,"href":"https:\/\/vinothek-schmidli.ch\/index.php?rest_route=%2Fwp%2Fv2%2Fproduct_brand&post=25011"},{"taxonomy":"product_cat","embeddable":true,"href":"https:\/\/vinothek-schmidli.ch\/index.php?rest_route=%2Fwp%2Fv2%2Fproduct_cat&post=25011"},{"taxonomy":"product_tag","embeddable":true,"href":"https:\/\/vinothek-schmidli.ch\/index.php?rest_route=%2Fwp%2Fv2%2Fproduct_tag&post=25011"}],"curies":[{"name":"wp","href":"https:\/\/api.w.org\/{rel}","templated":true}]}}