{"id":25016,"date":"2026-04-20T09:24:53","date_gmt":"2026-04-20T08:24:53","guid":{"rendered":"https:\/\/vinothek-schmidli.ch\/?product=kelly-1932-grenache-2016"},"modified":"2026-04-20T09:24:54","modified_gmt":"2026-04-20T08:24:54","slug":"kelly-1932-grenache-2016","status":"publish","type":"product","link":"https:\/\/vinothek-schmidli.ch\/?product=kelly-1932-grenache-2016","title":{"rendered":"Kelly 1932 Grenache  2016"},"content":{"rendered":"<table class=\"vino-product-specs\">\n<tbody>\n<tr>\n<th>Produzent<\/th>\n<td>Kilikanoon Winery<\/td>\n<\/tr>\n<tr>\n<th>Land<\/th>\n<td>Australien<\/td>\n<\/tr>\n<tr>\n<th>Region<\/th>\n<td>Clare Valley<\/td>\n<\/tr>\n<tr>\n<th>Trauben<\/th>\n<td>Grenache<\/td>\n<\/tr>\n<tr>\n<th>Inhalt<\/th>\n<td>75cl<\/td>\n<\/tr>\n<tr>\n<th>Jahrgang<\/th>\n<td>2016<\/td>\n<\/tr>\n<tr>\n<th>Volumen<\/th>\n<td>14.50<\/td>\n<\/tr>\n<tr class=\"vino-product-specs-desc\">\n<td colspan=\"2\">Ein 100% Single Vinyard Grenache, handverlesen aus dem Weinberg &#8222;Kelly&#8220; in Sevenhill, gepflanzt im Jahr 1932. Die Reben werden traditionellerweise als Buschreben kultiviert.<\/p>\n<p>\nHerstellung<br \/>\nDer Kelly Grenache, ein wichtiger Wein im Kilikanoon Reserva-Portfolio, erh\u00e4lt im Keller maximale Aufmerksamkeit. Auch Sie wissen, dass grossartige Weine immer im Weinberg beginnen. Aber sobald diese kleine Single Vinyad Lese im Weingut ankommt, wird es offenen vinifiziert und eine l\u00e4ngere Zeit auf den Schalen gelassen. Der Ausbau erfolgt dann 15 Monate in Eichen Hogshead F\u00e4ssern (225-250lt). Das Abf\u00fcllen des Weins, sowohl ungefiltert als auch ohne Sch\u00f6nung, l\u00e4sst seine Komplexit\u00e4t wachsen.<\/p>\n<p>\nFarbe<br \/>\nLeuchtend rote Farbe mit jugendlichen purpurroten Farbt\u00f6nen.<\/p>\n<p>\nNase<br \/>\nIn der Nase steigen dunkle Kirschen, frische Erdbeeren, Cashewn\u00fcsse und Tr\u00fcffel\u00f6l auf, die von subtiler ger\u00f6steter Eiche untermauert werden. <\/p>\n<p>\nGaumen<br \/>\nReichhaltig w\u00fcrzig und strukturiert. Eine auff\u00e4lligen Anklang von dunklen Kirschen, dunkler Schokolade, Lakritz-Obert\u00f6nen, gew\u00fcrztem Fleisch und rauchigen Eichennoten rollt nahtlos in einen Abgang, der von kalkhaltigen runden Tanninen und perfekt eingebundenem S\u00e4urespiel.<\/p>\n<p>\nKilikanoon Wines wurde 1997 von Kevin Mitchell gegr\u00fcndet und liegt im pittoresken Clare Valley, das f\u00fcr viele Kenner des australischen Weinbaus als eine der besten Weinbauzonen des f\u00fcnften Kontinents geh\u00f6rt. Die konstant hohe Qualit\u00e4t des Weinguts wurde schliesslich auch bei der MUNDUS Vini Fr\u00fchjahrsverkostung 2021 durch die Wahl zum besten Erzeuger ganz Australiens belohnt &#8211; dies zum f\u00fcnften mal in Folge. Dazu  kommen viele weitere internationale Auszeichnungen.<\/td>\n<\/tr>\n<\/tbody>\n<\/table>\n","protected":false},"excerpt":{"rendered":"<p>Produzent Kilikanoon Winery Land Australien Region Clare Valley Trauben Grenache Inhalt 75cl Jahrgang 2016 Volumen 14.50 Ein 100% Single Vinyard Grenache, handverlesen aus dem Weinberg &#8222;Kelly&#8220; in Sevenhill, gepflanzt im Jahr 1932. Die Reben werden traditionellerweise als Buschreben kultiviert. Herstellung Der Kelly Grenache, ein wichtiger [&hellip;]<\/p>\n","protected":false},"featured_media":24004,"template":"","meta":[],"product_brand":[1192],"product_cat":[1019,1020,963],"product_tag":[],"class_list":{"0":"post-25016","1":"product","2":"type-product","3":"status-publish","4":"has-post-thumbnail","6":"product_brand-kilikanoon-winery","7":"product_cat-australien","8":"product_cat-clare-valley","9":"product_cat-rotwein","11":"first","12":"instock","13":"purchasable","14":"product-type-simple"},"_links":{"self":[{"href":"https:\/\/vinothek-schmidli.ch\/index.php?rest_route=\/wp\/v2\/product\/25016","targetHints":{"allow":["GET"]}}],"collection":[{"href":"https:\/\/vinothek-schmidli.ch\/index.php?rest_route=\/wp\/v2\/product"}],"about":[{"href":"https:\/\/vinothek-schmidli.ch\/index.php?rest_route=\/wp\/v2\/types\/product"}],"wp:featuredmedia":[{"embeddable":true,"href":"https:\/\/vinothek-schmidli.ch\/index.php?rest_route=\/wp\/v2\/media\/24004"}],"wp:attachment":[{"href":"https:\/\/vinothek-schmidli.ch\/index.php?rest_route=%2Fwp%2Fv2%2Fmedia&parent=25016"}],"wp:term":[{"taxonomy":"product_brand","embeddable":true,"href":"https:\/\/vinothek-schmidli.ch\/index.php?rest_route=%2Fwp%2Fv2%2Fproduct_brand&post=25016"},{"taxonomy":"product_cat","embeddable":true,"href":"https:\/\/vinothek-schmidli.ch\/index.php?rest_route=%2Fwp%2Fv2%2Fproduct_cat&post=25016"},{"taxonomy":"product_tag","embeddable":true,"href":"https:\/\/vinothek-schmidli.ch\/index.php?rest_route=%2Fwp%2Fv2%2Fproduct_tag&post=25016"}],"curies":[{"name":"wp","href":"https:\/\/api.w.org\/{rel}","templated":true}]}}