{"id":25017,"date":"2026-04-20T09:24:53","date_gmt":"2026-04-20T08:24:53","guid":{"rendered":"https:\/\/vinothek-schmidli.ch\/?product=salcheto-vino-nobile-di-montepulciano-docg-2020"},"modified":"2026-04-20T09:24:54","modified_gmt":"2026-04-20T08:24:54","slug":"salcheto-vino-nobile-di-montepulciano-docg-2020","status":"publish","type":"product","link":"https:\/\/vinothek-schmidli.ch\/?product=salcheto-vino-nobile-di-montepulciano-docg-2020","title":{"rendered":"Salcheto Vino Nobile di Montepulciano DOCG 2020"},"content":{"rendered":"<table class=\"vino-product-specs\">\n<tbody>\n<tr>\n<th>Produzent<\/th>\n<td>Salcheto<\/td>\n<\/tr>\n<tr>\n<th>Land<\/th>\n<td>Italien<\/td>\n<\/tr>\n<tr>\n<th>Region<\/th>\n<td>Toskana<\/td>\n<\/tr>\n<tr>\n<th>Trauben<\/th>\n<td>Prugnolo Gentile<\/td>\n<\/tr>\n<tr>\n<th>Inhalt<\/th>\n<td>75cl<\/td>\n<\/tr>\n<tr>\n<th>Jahrgang<\/th>\n<td>2020<\/td>\n<\/tr>\n<tr>\n<th>Volumen<\/th>\n<td>13.50<\/td>\n<\/tr>\n<tr class=\"vino-product-specs-desc\">\n<td colspan=\"2\">Fast erschlagend die Duftf\u00fclle des Vino Nobile. Ein Hauch von roten Fr\u00fcchten, einer leichten Holzw\u00fcrze und einer zarten Mandelnote.<\/td>\n<\/tr>\n<\/tbody>\n<\/table>\n","protected":false},"excerpt":{"rendered":"<p>Produzent Salcheto Land Italien Region Toskana Trauben Prugnolo Gentile Inhalt 75cl Jahrgang 2020 Volumen 13.50 Fast erschlagend die Duftf\u00fclle des Vino Nobile. Ein Hauch von roten Fr\u00fcchten, einer leichten Holzw\u00fcrze und einer zarten Mandelnote.<\/p>\n","protected":false},"featured_media":24186,"template":"","meta":[],"product_brand":[1274],"product_cat":[947,963,981],"product_tag":[],"class_list":{"0":"post-25017","1":"product","2":"type-product","3":"status-publish","4":"has-post-thumbnail","6":"product_brand-salcheto","7":"product_cat-italien","8":"product_cat-rotwein","9":"product_cat-toskana","11":"first","12":"instock","13":"purchasable","14":"product-type-simple"},"_links":{"self":[{"href":"https:\/\/vinothek-schmidli.ch\/index.php?rest_route=\/wp\/v2\/product\/25017","targetHints":{"allow":["GET"]}}],"collection":[{"href":"https:\/\/vinothek-schmidli.ch\/index.php?rest_route=\/wp\/v2\/product"}],"about":[{"href":"https:\/\/vinothek-schmidli.ch\/index.php?rest_route=\/wp\/v2\/types\/product"}],"wp:featuredmedia":[{"embeddable":true,"href":"https:\/\/vinothek-schmidli.ch\/index.php?rest_route=\/wp\/v2\/media\/24186"}],"wp:attachment":[{"href":"https:\/\/vinothek-schmidli.ch\/index.php?rest_route=%2Fwp%2Fv2%2Fmedia&parent=25017"}],"wp:term":[{"taxonomy":"product_brand","embeddable":true,"href":"https:\/\/vinothek-schmidli.ch\/index.php?rest_route=%2Fwp%2Fv2%2Fproduct_brand&post=25017"},{"taxonomy":"product_cat","embeddable":true,"href":"https:\/\/vinothek-schmidli.ch\/index.php?rest_route=%2Fwp%2Fv2%2Fproduct_cat&post=25017"},{"taxonomy":"product_tag","embeddable":true,"href":"https:\/\/vinothek-schmidli.ch\/index.php?rest_route=%2Fwp%2Fv2%2Fproduct_tag&post=25017"}],"curies":[{"name":"wp","href":"https:\/\/api.w.org\/{rel}","templated":true}]}}