{"id":25031,"date":"2026-04-20T09:24:59","date_gmt":"2026-04-20T08:24:59","guid":{"rendered":"https:\/\/vinothek-schmidli.ch\/?product=primitivo-salento-igt-2022"},"modified":"2026-04-20T09:24:59","modified_gmt":"2026-04-20T08:24:59","slug":"primitivo-salento-igt-2022","status":"publish","type":"product","link":"https:\/\/vinothek-schmidli.ch\/?product=primitivo-salento-igt-2022","title":{"rendered":"Primitivo Salento IGT 2022"},"content":{"rendered":"<table class=\"vino-product-specs\">\n<tbody>\n<tr>\n<th>Produzent<\/th>\n<td>Collefrisio<\/td>\n<\/tr>\n<tr>\n<th>Land<\/th>\n<td>Italien<\/td>\n<\/tr>\n<tr>\n<th>Region<\/th>\n<td>Apulien<\/td>\n<\/tr>\n<tr>\n<th>Trauben<\/th>\n<td>Primitivo<\/td>\n<\/tr>\n<tr>\n<th>Inhalt<\/th>\n<td>75cl<\/td>\n<\/tr>\n<tr>\n<th>Jahrgang<\/th>\n<td>2022<\/td>\n<\/tr>\n<tr>\n<th>Volumen<\/th>\n<td>15.00<\/td>\n<\/tr>\n<tr class=\"vino-product-specs-desc\">\n<td colspan=\"2\">Seitdem die Aufmerksamkeit, die seinem Anbau und seiner Verarbeitung gewidmet wird, zugenommen hat, l\u00f6st der Primitivo di Manduria bei Weinliebhabern auf der ganzen Welt wachsende Emotionen aus, so dass er unter dem Namen Zinfandel zu einem charakteristischen Merkmal des kalifornischen Weinbaus geworden ist. Unser Primitivo Salento IGT ist ein warmer und umh\u00fcllender Wein, ideal zu Fleisch, Wurstwaren und reifem K\u00e4se.<\/p>\n<p>\n12 Monate Reifung im Barrique. <br \/>\nntensives Rubinrot mit violetten Reflexen, die Nase ist sehr fruchtig mit \u00fcberwiegend roten Fr\u00fcchten wie Brombeeren, Blaubeeren, Pflaumen und Kakao. Im Mund ist er reichhaltig, fruchtig, mit gro\u00dfartigem K\u00f6rper und Struktur.<\/td>\n<\/tr>\n<\/tbody>\n<\/table>\n","protected":false},"excerpt":{"rendered":"<p>Produzent Collefrisio Land Italien Region Apulien Trauben Primitivo Inhalt 75cl Jahrgang 2022 Volumen 15.00 Seitdem die Aufmerksamkeit, die seinem Anbau und seiner Verarbeitung gewidmet wird, zugenommen hat, l\u00f6st der Primitivo di Manduria bei Weinliebhabern auf der ganzen Welt wachsende Emotionen aus, so dass er unter [&hellip;]<\/p>\n","protected":false},"featured_media":23982,"template":"","meta":[],"product_brand":[676],"product_cat":[988,947,963],"product_tag":[],"class_list":{"0":"post-25031","1":"product","2":"type-product","3":"status-publish","4":"has-post-thumbnail","6":"product_brand-collefrisio","7":"product_cat-apulien","8":"product_cat-italien","9":"product_cat-rotwein","11":"first","12":"instock","13":"purchasable","14":"product-type-simple"},"_links":{"self":[{"href":"https:\/\/vinothek-schmidli.ch\/index.php?rest_route=\/wp\/v2\/product\/25031","targetHints":{"allow":["GET"]}}],"collection":[{"href":"https:\/\/vinothek-schmidli.ch\/index.php?rest_route=\/wp\/v2\/product"}],"about":[{"href":"https:\/\/vinothek-schmidli.ch\/index.php?rest_route=\/wp\/v2\/types\/product"}],"wp:featuredmedia":[{"embeddable":true,"href":"https:\/\/vinothek-schmidli.ch\/index.php?rest_route=\/wp\/v2\/media\/23982"}],"wp:attachment":[{"href":"https:\/\/vinothek-schmidli.ch\/index.php?rest_route=%2Fwp%2Fv2%2Fmedia&parent=25031"}],"wp:term":[{"taxonomy":"product_brand","embeddable":true,"href":"https:\/\/vinothek-schmidli.ch\/index.php?rest_route=%2Fwp%2Fv2%2Fproduct_brand&post=25031"},{"taxonomy":"product_cat","embeddable":true,"href":"https:\/\/vinothek-schmidli.ch\/index.php?rest_route=%2Fwp%2Fv2%2Fproduct_cat&post=25031"},{"taxonomy":"product_tag","embeddable":true,"href":"https:\/\/vinothek-schmidli.ch\/index.php?rest_route=%2Fwp%2Fv2%2Fproduct_tag&post=25031"}],"curies":[{"name":"wp","href":"https:\/\/api.w.org\/{rel}","templated":true}]}}