{"id":25034,"date":"2026-04-20T09:24:59","date_gmt":"2026-04-20T08:24:59","guid":{"rendered":"https:\/\/vinothek-schmidli.ch\/?product=ciro-black-edition-vdt-2022"},"modified":"2026-04-20T09:25:00","modified_gmt":"2026-04-20T08:25:00","slug":"ciro-black-edition-vdt-2022","status":"publish","type":"product","link":"https:\/\/vinothek-schmidli.ch\/?product=ciro-black-edition-vdt-2022","title":{"rendered":"Ciro Black Edition vDt 2022"},"content":{"rendered":"<table class=\"vino-product-specs\">\n<tbody>\n<tr>\n<th>Produzent<\/th>\n<td>Terramagna<\/td>\n<\/tr>\n<tr>\n<th>Land<\/th>\n<td>Spanien<\/td>\n<\/tr>\n<tr>\n<th>Region<\/th>\n<td>La Mancha<\/td>\n<\/tr>\n<tr>\n<th>Trauben<\/th>\n<td>Tempranillo, Syrah, Cabernet-Sauvignon, Garnacha<\/td>\n<\/tr>\n<tr>\n<th>Inhalt<\/th>\n<td>75cl<\/td>\n<\/tr>\n<tr>\n<th>Jahrgang<\/th>\n<td>2022<\/td>\n<\/tr>\n<tr>\n<th>Volumen<\/th>\n<td>14.00<\/td>\n<\/tr>\n<tr class=\"vino-product-specs-desc\">\n<td colspan=\"2\">Dieser Rotwein zeigt sich \u00fcppig und zugleich samtig. Im Glas tiefrot mit granatroten Reflexen. In der Nase ist der Ausbau im Holz gut sp\u00fcrbar, mit feinen R\u00f6staromen und einem Hauch von Nelke.<br \/>\nAm Gaumen \u00fcberzeugt er mit reifer, dunkler Frucht, Noten von Pflaume und S\u00fcsskirsche sowie sch\u00f6n eingebundenen Tanninen. Der Stil ist intensiv, weich und rund.<\/p>\n<p>Ein charaktervoller, trockener Rotwein der Ruhe ausstrahlt und zum entspannten Geniessen einl\u00e4dt.<\/td>\n<\/tr>\n<\/tbody>\n<\/table>\n","protected":false},"excerpt":{"rendered":"<p>Produzent Terramagna Land Spanien Region La Mancha Trauben Tempranillo, Syrah, Cabernet-Sauvignon, Garnacha Inhalt 75cl Jahrgang 2022 Volumen 14.00 Dieser Rotwein zeigt sich \u00fcppig und zugleich samtig. Im Glas tiefrot mit granatroten Reflexen. In der Nase ist der Ausbau im Holz gut sp\u00fcrbar, mit feinen R\u00f6staromen [&hellip;]<\/p>\n","protected":false},"featured_media":24038,"template":"","meta":[],"product_brand":[1215],"product_cat":[1022,963,960],"product_tag":[],"class_list":{"0":"post-25034","1":"product","2":"type-product","3":"status-publish","4":"has-post-thumbnail","6":"product_brand-terramagna","7":"product_cat-la-mancha","8":"product_cat-rotwein","9":"product_cat-spanien","11":"first","12":"instock","13":"purchasable","14":"product-type-simple"},"_links":{"self":[{"href":"https:\/\/vinothek-schmidli.ch\/index.php?rest_route=\/wp\/v2\/product\/25034","targetHints":{"allow":["GET"]}}],"collection":[{"href":"https:\/\/vinothek-schmidli.ch\/index.php?rest_route=\/wp\/v2\/product"}],"about":[{"href":"https:\/\/vinothek-schmidli.ch\/index.php?rest_route=\/wp\/v2\/types\/product"}],"wp:featuredmedia":[{"embeddable":true,"href":"https:\/\/vinothek-schmidli.ch\/index.php?rest_route=\/wp\/v2\/media\/24038"}],"wp:attachment":[{"href":"https:\/\/vinothek-schmidli.ch\/index.php?rest_route=%2Fwp%2Fv2%2Fmedia&parent=25034"}],"wp:term":[{"taxonomy":"product_brand","embeddable":true,"href":"https:\/\/vinothek-schmidli.ch\/index.php?rest_route=%2Fwp%2Fv2%2Fproduct_brand&post=25034"},{"taxonomy":"product_cat","embeddable":true,"href":"https:\/\/vinothek-schmidli.ch\/index.php?rest_route=%2Fwp%2Fv2%2Fproduct_cat&post=25034"},{"taxonomy":"product_tag","embeddable":true,"href":"https:\/\/vinothek-schmidli.ch\/index.php?rest_route=%2Fwp%2Fv2%2Fproduct_tag&post=25034"}],"curies":[{"name":"wp","href":"https:\/\/api.w.org\/{rel}","templated":true}]}}