{"id":25036,"date":"2026-04-20T09:24:59","date_gmt":"2026-04-20T08:24:59","guid":{"rendered":"https:\/\/vinothek-schmidli.ch\/?product=esporao-reserva-doc-2022"},"modified":"2026-04-20T09:25:00","modified_gmt":"2026-04-20T08:25:00","slug":"esporao-reserva-doc-2022","status":"publish","type":"product","link":"https:\/\/vinothek-schmidli.ch\/?product=esporao-reserva-doc-2022","title":{"rendered":"Esporao Reserva DOC 2022"},"content":{"rendered":"<table class=\"vino-product-specs\">\n<tbody>\n<tr>\n<th>Produzent<\/th>\n<td>Esporao<\/td>\n<\/tr>\n<tr>\n<th>Land<\/th>\n<td>Portugal<\/td>\n<\/tr>\n<tr>\n<th>Region<\/th>\n<td>Alentejo<\/td>\n<\/tr>\n<tr>\n<th>Trauben<\/th>\n<td>Alicante Bouschet, Aragonez, Cabernet Sauvignon, Touriga Nacional, Trincadeira<\/td>\n<\/tr>\n<tr>\n<th>Inhalt<\/th>\n<td>75cl<\/td>\n<\/tr>\n<tr>\n<th>Jahrgang<\/th>\n<td>2022<\/td>\n<\/tr>\n<tr>\n<th>Volumen<\/th>\n<td>14.00<\/td>\n<\/tr>\n<tr class=\"vino-product-specs-desc\">\n<td colspan=\"2\">Der Espor\u00e3o Reserva war der erste Wein, der 1985 von Espor\u00e3o produziert wurde, mit dem Ziel, die besten Weine des Alentejo zu schaffen. Dieser Wein hat Espor\u00e3o dazu inspiriert, innovativ zu sein, zu wachsen und sich intensiv mit den Urspr\u00fcngen auseinanderzusetzen. Nachhaltige Anbaumethoden wurden eingef\u00fchrt, sowie die Weinberge auf biologischen Anbau umgestellt. Jedes Jahr wird ein neuer K\u00fcnstler eingeladen, die Etiketten zu gestalten. Jedes Werk erz\u00e4hlt eine Geschichte, die im Inneren des Weins vollendet wird.<\/td>\n<\/tr>\n<\/tbody>\n<\/table>\n","protected":false},"excerpt":{"rendered":"<p>Produzent Esporao Land Portugal Region Alentejo Trauben Alicante Bouschet, Aragonez, Cabernet Sauvignon, Touriga Nacional, Trincadeira Inhalt 75cl Jahrgang 2022 Volumen 14.00 Der Espor\u00e3o Reserva war der erste Wein, der 1985 von Espor\u00e3o produziert wurde, mit dem Ziel, die besten Weine des Alentejo zu schaffen. Dieser [&hellip;]<\/p>\n","protected":false},"featured_media":22530,"template":"","meta":[],"product_brand":[1297],"product_cat":[977,976,963],"product_tag":[],"class_list":{"0":"post-25036","1":"product","2":"type-product","3":"status-publish","4":"has-post-thumbnail","6":"product_brand-esporao","7":"product_cat-alentejo","8":"product_cat-portugal","9":"product_cat-rotwein","11":"first","12":"instock","13":"purchasable","14":"product-type-simple"},"_links":{"self":[{"href":"https:\/\/vinothek-schmidli.ch\/index.php?rest_route=\/wp\/v2\/product\/25036","targetHints":{"allow":["GET"]}}],"collection":[{"href":"https:\/\/vinothek-schmidli.ch\/index.php?rest_route=\/wp\/v2\/product"}],"about":[{"href":"https:\/\/vinothek-schmidli.ch\/index.php?rest_route=\/wp\/v2\/types\/product"}],"wp:featuredmedia":[{"embeddable":true,"href":"https:\/\/vinothek-schmidli.ch\/index.php?rest_route=\/wp\/v2\/media\/22530"}],"wp:attachment":[{"href":"https:\/\/vinothek-schmidli.ch\/index.php?rest_route=%2Fwp%2Fv2%2Fmedia&parent=25036"}],"wp:term":[{"taxonomy":"product_brand","embeddable":true,"href":"https:\/\/vinothek-schmidli.ch\/index.php?rest_route=%2Fwp%2Fv2%2Fproduct_brand&post=25036"},{"taxonomy":"product_cat","embeddable":true,"href":"https:\/\/vinothek-schmidli.ch\/index.php?rest_route=%2Fwp%2Fv2%2Fproduct_cat&post=25036"},{"taxonomy":"product_tag","embeddable":true,"href":"https:\/\/vinothek-schmidli.ch\/index.php?rest_route=%2Fwp%2Fv2%2Fproduct_tag&post=25036"}],"curies":[{"name":"wp","href":"https:\/\/api.w.org\/{rel}","templated":true}]}}