{"id":25039,"date":"2026-04-20T09:24:59","date_gmt":"2026-04-20T08:24:59","guid":{"rendered":"https:\/\/vinothek-schmidli.ch\/?product=zambujeiro-vr-2020"},"modified":"2026-04-20T09:25:01","modified_gmt":"2026-04-20T08:25:01","slug":"zambujeiro-vr-2020","status":"publish","type":"product","link":"https:\/\/vinothek-schmidli.ch\/?product=zambujeiro-vr-2020","title":{"rendered":"Zambujeiro VR 2020"},"content":{"rendered":"<table class=\"vino-product-specs\">\n<tbody>\n<tr>\n<th>Produzent<\/th>\n<td>Quinta do Zambujeiro<\/td>\n<\/tr>\n<tr>\n<th>Land<\/th>\n<td>Portugal<\/td>\n<\/tr>\n<tr>\n<th>Region<\/th>\n<td>Alentejo<\/td>\n<\/tr>\n<tr>\n<th>Trauben<\/th>\n<td>Alicante Bouschet, Touriga Nacional, Aragonez<\/td>\n<\/tr>\n<tr>\n<th>Inhalt<\/th>\n<td>75 cl<\/td>\n<\/tr>\n<tr>\n<th>Jahrgang<\/th>\n<td>2020<\/td>\n<\/tr>\n<tr>\n<th>Volumen<\/th>\n<td>15.00<\/td>\n<\/tr>\n<tr class=\"vino-product-specs-desc\">\n<td colspan=\"2\">Handernte. Trauben werden nach dem Ernten von Hand selektioniert. Verg\u00e4rung in kleinen G\u00e4rtanks aus Eichenholz. Lange Mazeration von bis zu 6 Wochen. Ausbau w\u00e4hrend 26 Monaten in franz\u00f6sischen Barriques.<\/p>\n<p>\nKomplexes, sehr blumiges, ausgepr\u00e4gt schwarzbeeriges Aroma, unterlegt mit viel Mineralit\u00e4t und W\u00fcrze. Am Gaumen straff, und pr\u00e4zise mit viel \u00e4usserst feink\u00f6rnigem Tannin. Wieder dunkle Beeren, Trockenblumen, nasser Stein und Kr\u00e4uter. Viel Schmelz und Extrakt und ein langes Finale, wie man es sich von seinen Vorg\u00e4ngern bereits gew\u00f6hnt ist. Der 2005er Zambujeiro ist ein weiterer Beweis, dass auch im heissen Alentejo sehr raffinierte Weine mit perfekter phenolischer Reife entstehen k\u00f6nnen!<\/td>\n<\/tr>\n<\/tbody>\n<\/table>\n","protected":false},"excerpt":{"rendered":"<p>Produzent Quinta do Zambujeiro Land Portugal Region Alentejo Trauben Alicante Bouschet, Touriga Nacional, Aragonez Inhalt 75 cl Jahrgang 2020 Volumen 15.00 Handernte. Trauben werden nach dem Ernten von Hand selektioniert. Verg\u00e4rung in kleinen G\u00e4rtanks aus Eichenholz. Lange Mazeration von bis zu 6 Wochen. Ausbau w\u00e4hrend [&hellip;]<\/p>\n","protected":false},"featured_media":24192,"template":"","meta":[],"product_brand":[1081],"product_cat":[977,976,963],"product_tag":[],"class_list":{"0":"post-25039","1":"product","2":"type-product","3":"status-publish","4":"has-post-thumbnail","6":"product_brand-quinta-do-zambujeiro","7":"product_cat-alentejo","8":"product_cat-portugal","9":"product_cat-rotwein","11":"first","12":"instock","13":"purchasable","14":"product-type-simple"},"_links":{"self":[{"href":"https:\/\/vinothek-schmidli.ch\/index.php?rest_route=\/wp\/v2\/product\/25039","targetHints":{"allow":["GET"]}}],"collection":[{"href":"https:\/\/vinothek-schmidli.ch\/index.php?rest_route=\/wp\/v2\/product"}],"about":[{"href":"https:\/\/vinothek-schmidli.ch\/index.php?rest_route=\/wp\/v2\/types\/product"}],"wp:featuredmedia":[{"embeddable":true,"href":"https:\/\/vinothek-schmidli.ch\/index.php?rest_route=\/wp\/v2\/media\/24192"}],"wp:attachment":[{"href":"https:\/\/vinothek-schmidli.ch\/index.php?rest_route=%2Fwp%2Fv2%2Fmedia&parent=25039"}],"wp:term":[{"taxonomy":"product_brand","embeddable":true,"href":"https:\/\/vinothek-schmidli.ch\/index.php?rest_route=%2Fwp%2Fv2%2Fproduct_brand&post=25039"},{"taxonomy":"product_cat","embeddable":true,"href":"https:\/\/vinothek-schmidli.ch\/index.php?rest_route=%2Fwp%2Fv2%2Fproduct_cat&post=25039"},{"taxonomy":"product_tag","embeddable":true,"href":"https:\/\/vinothek-schmidli.ch\/index.php?rest_route=%2Fwp%2Fv2%2Fproduct_tag&post=25039"}],"curies":[{"name":"wp","href":"https:\/\/api.w.org\/{rel}","templated":true}]}}