{"id":25047,"date":"2026-04-20T09:24:59","date_gmt":"2026-04-20T08:24:59","guid":{"rendered":"https:\/\/vinothek-schmidli.ch\/?product=piacere-rouge-vdp-2023"},"modified":"2026-04-20T09:25:03","modified_gmt":"2026-04-20T08:25:03","slug":"piacere-rouge-vdp-2023","status":"publish","type":"product","link":"https:\/\/vinothek-schmidli.ch\/?product=piacere-rouge-vdp-2023","title":{"rendered":"Piacere Rouge VdP 2023"},"content":{"rendered":"<table class=\"vino-product-specs\">\n<tbody>\n<tr>\n<th>Produzent<\/th>\n<td>Cave Jolimont<\/td>\n<\/tr>\n<tr>\n<th>Land<\/th>\n<td>Schweiz<\/td>\n<\/tr>\n<tr>\n<th>Region<\/th>\n<td>Waadt<\/td>\n<\/tr>\n<tr>\n<th>Trauben<\/th>\n<td>Gamaret, Garanoir, Gamay<\/td>\n<\/tr>\n<tr>\n<th>Inhalt<\/th>\n<td>75cl<\/td>\n<\/tr>\n<tr>\n<th>Jahrgang<\/th>\n<td>2023<\/td>\n<\/tr>\n<tr>\n<th>Volumen<\/th>\n<td>12.80<\/td>\n<\/tr>\n<tr class=\"vino-product-specs-desc\">\n<td colspan=\"2\">Der Waadtl\u00e4nder mit italienischem Temperament! Nach der traditionellen Methode des &#8222;Governo&#8220; vinifiziert, welche auch Basis f\u00fcr die bekannten &#8222;Ripasso&#8220; Weine aus dem Veneto ist. Sattes, kr\u00e4ftiges Rubinrot. In der Nase Aromen von reifen Fr\u00fcchten, roten Beeren und Holznoten. Die Rebsorten Gamaret, Garanoir und Gamay verschmelzen zu einem harmonischen Gaumenerlebnis, getragen von einer seidigen Struktur. Begeisterung und viel Trinkfreude sind garantiert!<\/td>\n<\/tr>\n<\/tbody>\n<\/table>\n","protected":false},"excerpt":{"rendered":"<p>Produzent Cave Jolimont Land Schweiz Region Waadt Trauben Gamaret, Garanoir, Gamay Inhalt 75cl Jahrgang 2023 Volumen 12.80 Der Waadtl\u00e4nder mit italienischem Temperament! Nach der traditionellen Methode des &#8222;Governo&#8220; vinifiziert, welche auch Basis f\u00fcr die bekannten &#8222;Ripasso&#8220; Weine aus dem Veneto ist. Sattes, kr\u00e4ftiges Rubinrot. In [&hellip;]<\/p>\n","protected":false},"featured_media":24124,"template":"","meta":[],"product_brand":[1285],"product_cat":[963,950,980],"product_tag":[],"class_list":{"0":"post-25047","1":"product","2":"type-product","3":"status-publish","4":"has-post-thumbnail","6":"product_brand-cave-jolimont","7":"product_cat-rotwein","8":"product_cat-schweiz","9":"product_cat-waadt","11":"first","12":"instock","13":"purchasable","14":"product-type-simple"},"_links":{"self":[{"href":"https:\/\/vinothek-schmidli.ch\/index.php?rest_route=\/wp\/v2\/product\/25047","targetHints":{"allow":["GET"]}}],"collection":[{"href":"https:\/\/vinothek-schmidli.ch\/index.php?rest_route=\/wp\/v2\/product"}],"about":[{"href":"https:\/\/vinothek-schmidli.ch\/index.php?rest_route=\/wp\/v2\/types\/product"}],"wp:featuredmedia":[{"embeddable":true,"href":"https:\/\/vinothek-schmidli.ch\/index.php?rest_route=\/wp\/v2\/media\/24124"}],"wp:attachment":[{"href":"https:\/\/vinothek-schmidli.ch\/index.php?rest_route=%2Fwp%2Fv2%2Fmedia&parent=25047"}],"wp:term":[{"taxonomy":"product_brand","embeddable":true,"href":"https:\/\/vinothek-schmidli.ch\/index.php?rest_route=%2Fwp%2Fv2%2Fproduct_brand&post=25047"},{"taxonomy":"product_cat","embeddable":true,"href":"https:\/\/vinothek-schmidli.ch\/index.php?rest_route=%2Fwp%2Fv2%2Fproduct_cat&post=25047"},{"taxonomy":"product_tag","embeddable":true,"href":"https:\/\/vinothek-schmidli.ch\/index.php?rest_route=%2Fwp%2Fv2%2Fproduct_tag&post=25047"}],"curies":[{"name":"wp","href":"https:\/\/api.w.org\/{rel}","templated":true}]}}