{"id":25051,"date":"2026-04-20T09:25:06","date_gmt":"2026-04-20T08:25:06","guid":{"rendered":"https:\/\/vinothek-schmidli.ch\/?product=alfeo-bolgheri-superiore-doc-2022"},"modified":"2026-04-20T09:25:06","modified_gmt":"2026-04-20T08:25:06","slug":"alfeo-bolgheri-superiore-doc-2022","status":"publish","type":"product","link":"https:\/\/vinothek-schmidli.ch\/?product=alfeo-bolgheri-superiore-doc-2022","title":{"rendered":"Alfeo Bolgheri Superiore DOC 2022"},"content":{"rendered":"<table class=\"vino-product-specs\">\n<tbody>\n<tr>\n<th>Produzent<\/th>\n<td>Ceralti<\/td>\n<\/tr>\n<tr>\n<th>Land<\/th>\n<td>Italien<\/td>\n<\/tr>\n<tr>\n<th>Region<\/th>\n<td>Toskana<\/td>\n<\/tr>\n<tr>\n<th>Trauben<\/th>\n<td>Merlot, Cabernet Sauvignon, Cabernet Franc<\/td>\n<\/tr>\n<tr>\n<th>Inhalt<\/th>\n<td>75 cl<\/td>\n<\/tr>\n<tr>\n<th>Jahrgang<\/th>\n<td>2022<\/td>\n<\/tr>\n<tr>\n<th>Volumen<\/th>\n<td>14.00<\/td>\n<\/tr>\n<tr class=\"vino-product-specs-desc\">\n<td colspan=\"2\">Dieser Wein leuchtet intensiv rubinrot mit violetten Nuancen. Er reift 12 Monate im Barrique und nochmal dieselbe Zeit auf der Flasche. Er duftet intensiv nach roten und schwarzen Waldfr\u00fcchten mit leicht w\u00fcrzigen Komponenten. Am Gaumen ist der Wein angenehm dicht und volumin\u00f6s mit sch\u00f6nen Vanille- und R\u00f6staromen. Feingliedrige Gerbstoffe machen diesen Wein zum perfekten Genuss.<\/td>\n<\/tr>\n<\/tbody>\n<\/table>\n","protected":false},"excerpt":{"rendered":"<p>Produzent Ceralti Land Italien Region Toskana Trauben Merlot, Cabernet Sauvignon, Cabernet Franc Inhalt 75 cl Jahrgang 2022 Volumen 14.00 Dieser Wein leuchtet intensiv rubinrot mit violetten Nuancen. Er reift 12 Monate im Barrique und nochmal dieselbe Zeit auf der Flasche. Er duftet intensiv nach roten [&hellip;]<\/p>\n","protected":false},"featured_media":23973,"template":"","meta":[],"product_brand":[1096],"product_cat":[947,963,981],"product_tag":[],"class_list":{"0":"post-25051","1":"product","2":"type-product","3":"status-publish","4":"has-post-thumbnail","6":"product_brand-ceralti","7":"product_cat-italien","8":"product_cat-rotwein","9":"product_cat-toskana","11":"first","12":"instock","13":"purchasable","14":"product-type-simple"},"_links":{"self":[{"href":"https:\/\/vinothek-schmidli.ch\/index.php?rest_route=\/wp\/v2\/product\/25051","targetHints":{"allow":["GET"]}}],"collection":[{"href":"https:\/\/vinothek-schmidli.ch\/index.php?rest_route=\/wp\/v2\/product"}],"about":[{"href":"https:\/\/vinothek-schmidli.ch\/index.php?rest_route=\/wp\/v2\/types\/product"}],"wp:featuredmedia":[{"embeddable":true,"href":"https:\/\/vinothek-schmidli.ch\/index.php?rest_route=\/wp\/v2\/media\/23973"}],"wp:attachment":[{"href":"https:\/\/vinothek-schmidli.ch\/index.php?rest_route=%2Fwp%2Fv2%2Fmedia&parent=25051"}],"wp:term":[{"taxonomy":"product_brand","embeddable":true,"href":"https:\/\/vinothek-schmidli.ch\/index.php?rest_route=%2Fwp%2Fv2%2Fproduct_brand&post=25051"},{"taxonomy":"product_cat","embeddable":true,"href":"https:\/\/vinothek-schmidli.ch\/index.php?rest_route=%2Fwp%2Fv2%2Fproduct_cat&post=25051"},{"taxonomy":"product_tag","embeddable":true,"href":"https:\/\/vinothek-schmidli.ch\/index.php?rest_route=%2Fwp%2Fv2%2Fproduct_tag&post=25051"}],"curies":[{"name":"wp","href":"https:\/\/api.w.org\/{rel}","templated":true}]}}