{"id":25058,"date":"2026-04-20T09:25:06","date_gmt":"2026-04-20T08:25:06","guid":{"rendered":"https:\/\/vinothek-schmidli.ch\/?product=prosecco-bjrbo-5-5-extra-dry"},"modified":"2026-04-20T09:25:08","modified_gmt":"2026-04-20T08:25:08","slug":"prosecco-bjrbo-5-5-extra-dry","status":"publish","type":"product","link":"https:\/\/vinothek-schmidli.ch\/?product=prosecco-bjrbo-5-5-extra-dry","title":{"rendered":"Prosecco BJRBO 5.5 Extra Dry"},"content":{"rendered":"<table class=\"vino-product-specs\">\n<tbody>\n<tr>\n<th>Produzent<\/th>\n<td>Fattoria Conca d&#8217;Oro<\/td>\n<\/tr>\n<tr>\n<th>Land<\/th>\n<td>Italien<\/td>\n<\/tr>\n<tr>\n<th>Region<\/th>\n<td>Veneto<\/td>\n<\/tr>\n<tr>\n<th>Trauben<\/th>\n<td>Glera<\/td>\n<\/tr>\n<tr>\n<th>Inhalt<\/th>\n<td>75cl<\/td>\n<\/tr>\n<tr>\n<th>Jahrgang<\/th>\n<td><\/td>\n<\/tr>\n<tr>\n<th>Volumen<\/th>\n<td>5.50<\/td>\n<\/tr>\n<tr class=\"vino-product-specs-desc\">\n<td colspan=\"2\">Dieser Spumante steht f\u00fcr eine neue, leichtere Art zu geniessen. Hergestellt mit nur 5.5 Prozent Alkohol bietet er die frizzante Freude eines prickelnden Glases, wirkt dabei angenehm unkompliziert und leicht.<\/p>\n<p>In der Nase zeigt er einladende D\u00fcfte, am Gaumen \u00fcberzeugt er mit sch\u00f6ner Frische und lebendigem Trinkfluss. Ein Spumante, der Genuss und Leichtigkeit verbindet und sich perfekt eignet, wenn man bewusst etwas weniger Alkohol trinken m\u00f6chte, ohne auf das prickelnde Gef\u00fchl zu verzichten.<\/td>\n<\/tr>\n<\/tbody>\n<\/table>\n","protected":false},"excerpt":{"rendered":"<p>Produzent Fattoria Conca d&#8217;Oro Land Italien Region Veneto Trauben Glera Inhalt 75cl Jahrgang Volumen 5.50 Dieser Spumante steht f\u00fcr eine neue, leichtere Art zu geniessen. Hergestellt mit nur 5.5 Prozent Alkohol bietet er die frizzante Freude eines prickelnden Glases, wirkt dabei angenehm unkompliziert und leicht. [&hellip;]<\/p>\n","protected":false},"featured_media":24159,"template":"","meta":[],"product_brand":[1060],"product_cat":[947,948,993],"product_tag":[],"class_list":{"0":"post-25058","1":"product","2":"type-product","3":"status-publish","4":"has-post-thumbnail","6":"product_brand-fattoria-conca-doro","7":"product_cat-italien","8":"product_cat-veneto","9":"product_cat-weisswein","11":"first","12":"instock","13":"purchasable","14":"product-type-simple"},"_links":{"self":[{"href":"https:\/\/vinothek-schmidli.ch\/index.php?rest_route=\/wp\/v2\/product\/25058","targetHints":{"allow":["GET"]}}],"collection":[{"href":"https:\/\/vinothek-schmidli.ch\/index.php?rest_route=\/wp\/v2\/product"}],"about":[{"href":"https:\/\/vinothek-schmidli.ch\/index.php?rest_route=\/wp\/v2\/types\/product"}],"wp:featuredmedia":[{"embeddable":true,"href":"https:\/\/vinothek-schmidli.ch\/index.php?rest_route=\/wp\/v2\/media\/24159"}],"wp:attachment":[{"href":"https:\/\/vinothek-schmidli.ch\/index.php?rest_route=%2Fwp%2Fv2%2Fmedia&parent=25058"}],"wp:term":[{"taxonomy":"product_brand","embeddable":true,"href":"https:\/\/vinothek-schmidli.ch\/index.php?rest_route=%2Fwp%2Fv2%2Fproduct_brand&post=25058"},{"taxonomy":"product_cat","embeddable":true,"href":"https:\/\/vinothek-schmidli.ch\/index.php?rest_route=%2Fwp%2Fv2%2Fproduct_cat&post=25058"},{"taxonomy":"product_tag","embeddable":true,"href":"https:\/\/vinothek-schmidli.ch\/index.php?rest_route=%2Fwp%2Fv2%2Fproduct_tag&post=25058"}],"curies":[{"name":"wp","href":"https:\/\/api.w.org\/{rel}","templated":true}]}}