{"id":25062,"date":"2026-04-20T09:25:06","date_gmt":"2026-04-20T08:25:06","guid":{"rendered":"https:\/\/vinothek-schmidli.ch\/?product=ancora-vdp-2024"},"modified":"2026-04-20T09:25:09","modified_gmt":"2026-04-20T08:25:09","slug":"ancora-vdp-2024","status":"publish","type":"product","link":"https:\/\/vinothek-schmidli.ch\/?product=ancora-vdp-2024","title":{"rendered":"Ancora VdP 2024"},"content":{"rendered":"<table class=\"vino-product-specs\">\n<tbody>\n<tr>\n<th>Produzent<\/th>\n<td>Cave de Jolimont<\/td>\n<\/tr>\n<tr>\n<th>Land<\/th>\n<td>Schweiz<\/td>\n<\/tr>\n<tr>\n<th>Region<\/th>\n<td>Waadt<\/td>\n<\/tr>\n<tr>\n<th>Trauben<\/th>\n<td>Galotta, Merlot<\/td>\n<\/tr>\n<tr>\n<th>Inhalt<\/th>\n<td>75cl<\/td>\n<\/tr>\n<tr>\n<th>Jahrgang<\/th>\n<td>2024<\/td>\n<\/tr>\n<tr>\n<th>Volumen<\/th>\n<td>13.80<\/td>\n<\/tr>\n<tr class=\"vino-product-specs-desc\">\n<td colspan=\"2\">In der Farbe m\u00e4chtig tintig und tiefrot. In der Nase wunderbare Aromen von schwarzen Fr\u00fcchten (Kirsche, Brombeeren) und Gew\u00fcrzen (Nelken). Im Gaumen eine elegante Holznote und mit lieblichen Abgang endend.<\/p>\n<p>Geschichte:<br \/>\nGalotta ist eine Rotweinsorte aus der Schweiz. Es handelt sich um eine Neuz\u00fcchtung aus dem Jahr 1981 der Eidgen\u00f6ssischen Forschungsanstalt f\u00fcr Pflanzenbau Agroscope RAC Changins in Changins und Pully. Sie ist eine Kreuzung aus den roten Sorten Gamay und Ancellotta. Ab dem Jahr 1995 erfolgten in gr\u00f6sserem Stil Feldversuche in Weinbergen des Wallis, des Waadtlands und des Tessin. <\/p>\n<p>Die Cave de Jolimont befindet sich in Mont-sur-Rolle. Sie kellert und vermarktet Waadtl\u00e4nder Weine, insbesondere der Appellation La C\u00f4te, eine renommierte Appellation zwischen Lausanne und Genf. <\/p>\n<p>Die besten Trauben werden nach ihrer Herkunft und ihrer Qualit\u00e4t ausgew\u00e4hlt. Der renommierte \u00d6nologe Thierry Ciampi zeichnet die Weine der Cave de Jolimont aus. Die Vinifikation erfolgt in Respekt auf die Terroirs und sucht vor allem die Qualit\u00e4t des Produktes.<\/td>\n<\/tr>\n<\/tbody>\n<\/table>\n","protected":false},"excerpt":{"rendered":"<p>Produzent Cave de Jolimont Land Schweiz Region Waadt Trauben Galotta, Merlot Inhalt 75cl Jahrgang 2024 Volumen 13.80 In der Farbe m\u00e4chtig tintig und tiefrot. In der Nase wunderbare Aromen von schwarzen Fr\u00fcchten (Kirsche, Brombeeren) und Gew\u00fcrzen (Nelken). Im Gaumen eine elegante Holznote und mit lieblichen [&hellip;]<\/p>\n","protected":false},"featured_media":24455,"template":"","meta":[],"product_brand":[1320],"product_cat":[963,950,980],"product_tag":[],"class_list":{"0":"post-25062","1":"product","2":"type-product","3":"status-publish","4":"has-post-thumbnail","6":"product_brand-cave-de-jolimont","7":"product_cat-rotwein","8":"product_cat-schweiz","9":"product_cat-waadt","11":"first","12":"instock","13":"purchasable","14":"product-type-simple"},"_links":{"self":[{"href":"https:\/\/vinothek-schmidli.ch\/index.php?rest_route=\/wp\/v2\/product\/25062","targetHints":{"allow":["GET"]}}],"collection":[{"href":"https:\/\/vinothek-schmidli.ch\/index.php?rest_route=\/wp\/v2\/product"}],"about":[{"href":"https:\/\/vinothek-schmidli.ch\/index.php?rest_route=\/wp\/v2\/types\/product"}],"wp:featuredmedia":[{"embeddable":true,"href":"https:\/\/vinothek-schmidli.ch\/index.php?rest_route=\/wp\/v2\/media\/24455"}],"wp:attachment":[{"href":"https:\/\/vinothek-schmidli.ch\/index.php?rest_route=%2Fwp%2Fv2%2Fmedia&parent=25062"}],"wp:term":[{"taxonomy":"product_brand","embeddable":true,"href":"https:\/\/vinothek-schmidli.ch\/index.php?rest_route=%2Fwp%2Fv2%2Fproduct_brand&post=25062"},{"taxonomy":"product_cat","embeddable":true,"href":"https:\/\/vinothek-schmidli.ch\/index.php?rest_route=%2Fwp%2Fv2%2Fproduct_cat&post=25062"},{"taxonomy":"product_tag","embeddable":true,"href":"https:\/\/vinothek-schmidli.ch\/index.php?rest_route=%2Fwp%2Fv2%2Fproduct_tag&post=25062"}],"curies":[{"name":"wp","href":"https:\/\/api.w.org\/{rel}","templated":true}]}}