{"id":25065,"date":"2026-04-20T09:25:06","date_gmt":"2026-04-20T08:25:06","guid":{"rendered":"https:\/\/vinothek-schmidli.ch\/?product=tempranillo-18-months-whisky-barrel-aged-do-2021"},"modified":"2026-04-20T09:25:09","modified_gmt":"2026-04-20T08:25:09","slug":"tempranillo-18-months-whisky-barrel-aged-do-2021","status":"publish","type":"product","link":"https:\/\/vinothek-schmidli.ch\/?product=tempranillo-18-months-whisky-barrel-aged-do-2021","title":{"rendered":"Tempranillo 18 months Whisky Barrel aged DO 2021"},"content":{"rendered":"<table class=\"vino-product-specs\">\n<tbody>\n<tr>\n<th>Produzent<\/th>\n<td>Rodriguez &#038; Sanzo<\/td>\n<\/tr>\n<tr>\n<th>Land<\/th>\n<td>Spanien<\/td>\n<\/tr>\n<tr>\n<th>Region<\/th>\n<td>Toro<\/td>\n<\/tr>\n<tr>\n<th>Trauben<\/th>\n<td>Tempranillo<\/td>\n<\/tr>\n<tr>\n<th>Inhalt<\/th>\n<td>75cl<\/td>\n<\/tr>\n<tr>\n<th>Jahrgang<\/th>\n<td>2021<\/td>\n<\/tr>\n<tr>\n<th>Volumen<\/th>\n<td>14.50<\/td>\n<\/tr>\n<tr class=\"vino-product-specs-desc\">\n<td colspan=\"2\">Der Ausbau in Whiskyf\u00e4ssern sorgt f\u00fcr eine sanfte Mikrooxidation und reduziert die Tannine. So entstehen dezente Vanillenoten und eine runde, cremige Textur. Feine, zur\u00fcckhaltende Whisky Ankl\u00e4nge aus dem Holz bringen zus\u00e4tzliche Komplexit\u00e4t.<\/p>\n<p>In der Nase sehr aromatisch mit reifen dunklen Fr\u00fcchten, Gew\u00fcrzen, Schokolade und ger\u00f6steten Noten mit einem Hauch Rauch. Am Gaumen strukturiert und zugleich weich, mit s\u00fcssen Tanninen, viel Volumen und einem angenehmen Abgang.<\/td>\n<\/tr>\n<\/tbody>\n<\/table>\n","protected":false},"excerpt":{"rendered":"<p>Produzent Rodriguez &#038; Sanzo Land Spanien Region Toro Trauben Tempranillo Inhalt 75cl Jahrgang 2021 Volumen 14.50 Der Ausbau in Whiskyf\u00e4ssern sorgt f\u00fcr eine sanfte Mikrooxidation und reduziert die Tannine. So entstehen dezente Vanillenoten und eine runde, cremige Textur. Feine, zur\u00fcckhaltende Whisky Ankl\u00e4nge aus dem Holz [&hellip;]<\/p>\n","protected":false},"featured_media":24126,"template":"","meta":[],"product_brand":[1321],"product_cat":[963,960,1027],"product_tag":[],"class_list":{"0":"post-25065","1":"product","2":"type-product","3":"status-publish","4":"has-post-thumbnail","6":"product_brand-rodriguez-sanzo","7":"product_cat-rotwein","8":"product_cat-spanien","9":"product_cat-toro","11":"first","12":"instock","13":"purchasable","14":"product-type-simple"},"_links":{"self":[{"href":"https:\/\/vinothek-schmidli.ch\/index.php?rest_route=\/wp\/v2\/product\/25065","targetHints":{"allow":["GET"]}}],"collection":[{"href":"https:\/\/vinothek-schmidli.ch\/index.php?rest_route=\/wp\/v2\/product"}],"about":[{"href":"https:\/\/vinothek-schmidli.ch\/index.php?rest_route=\/wp\/v2\/types\/product"}],"wp:featuredmedia":[{"embeddable":true,"href":"https:\/\/vinothek-schmidli.ch\/index.php?rest_route=\/wp\/v2\/media\/24126"}],"wp:attachment":[{"href":"https:\/\/vinothek-schmidli.ch\/index.php?rest_route=%2Fwp%2Fv2%2Fmedia&parent=25065"}],"wp:term":[{"taxonomy":"product_brand","embeddable":true,"href":"https:\/\/vinothek-schmidli.ch\/index.php?rest_route=%2Fwp%2Fv2%2Fproduct_brand&post=25065"},{"taxonomy":"product_cat","embeddable":true,"href":"https:\/\/vinothek-schmidli.ch\/index.php?rest_route=%2Fwp%2Fv2%2Fproduct_cat&post=25065"},{"taxonomy":"product_tag","embeddable":true,"href":"https:\/\/vinothek-schmidli.ch\/index.php?rest_route=%2Fwp%2Fv2%2Fproduct_tag&post=25065"}],"curies":[{"name":"wp","href":"https:\/\/api.w.org\/{rel}","templated":true}]}}