{"id":25067,"date":"2026-04-20T09:25:06","date_gmt":"2026-04-20T08:25:06","guid":{"rendered":"https:\/\/vinothek-schmidli.ch\/?product=primitivo-di-manduria-terra-14-doc-2023"},"modified":"2026-04-20T09:25:10","modified_gmt":"2026-04-20T08:25:10","slug":"primitivo-di-manduria-terra-14-doc-2023","status":"publish","type":"product","link":"https:\/\/vinothek-schmidli.ch\/?product=primitivo-di-manduria-terra-14-doc-2023","title":{"rendered":"Primitivo di Manduria Terra 14 DOC 2023"},"content":{"rendered":"<table class=\"vino-product-specs\">\n<tbody>\n<tr>\n<th>Produzent<\/th>\n<td>Cantina Cantolio<\/td>\n<\/tr>\n<tr>\n<th>Land<\/th>\n<td>Italien<\/td>\n<\/tr>\n<tr>\n<th>Region<\/th>\n<td>Apulien<\/td>\n<\/tr>\n<tr>\n<th>Trauben<\/th>\n<td>Primitivo<\/td>\n<\/tr>\n<tr>\n<th>Inhalt<\/th>\n<td>75cl<\/td>\n<\/tr>\n<tr>\n<th>Jahrgang<\/th>\n<td>2023<\/td>\n<\/tr>\n<tr>\n<th>Volumen<\/th>\n<td>14.00<\/td>\n<\/tr>\n<tr class=\"vino-product-specs-desc\">\n<td colspan=\"2\">Die B\u00f6den im Inland sind entweder rot und reich an Kalium und Eisen oder schwarz und gepr\u00e4gt von Humus und Ton. Die Reben werden strikt in Buschform kultiviert, einer der \u00e4ltesten Anbaumethoden, bei der die Trauben sehr nah am Boden wachsen und von dessen W\u00e4rme, Feuchtigkeit und N\u00e4hrstoffen profitieren. Einige Rebst\u00f6cke sind \u00fcber siebzig Jahre alt und dennoch kr\u00e4ftig und vital. Jede Pflanze ist einzigartig und wird vom Wetter und der Zeit geformt. Aus den Steinen der Felder entstanden zudem kilometerlange Trockenmauern und die typischen Trulli dieser Region.<\/p>\n<p>Im Glas rubinrot, vollmundig mit fruchtigen und floralen Ankl\u00e4ngen. Am Gaumen geschmeidig und frisch, mit feinen Tanninen und guter aromatischer L\u00e4nge.<\/p>\n<p>Passend zu kr\u00e4ftigen ersten G\u00e4ngen, Hartweizenpasta, Wild und K\u00e4se.<\/td>\n<\/tr>\n<\/tbody>\n<\/table>\n","protected":false},"excerpt":{"rendered":"<p>Produzent Cantina Cantolio Land Italien Region Apulien Trauben Primitivo Inhalt 75cl Jahrgang 2023 Volumen 14.00 Die B\u00f6den im Inland sind entweder rot und reich an Kalium und Eisen oder schwarz und gepr\u00e4gt von Humus und Ton. Die Reben werden strikt in Buschform kultiviert, einer der [&hellip;]<\/p>\n","protected":false},"featured_media":23972,"template":"","meta":[],"product_brand":[1108],"product_cat":[988,947,963],"product_tag":[],"class_list":{"0":"post-25067","1":"product","2":"type-product","3":"status-publish","4":"has-post-thumbnail","6":"product_brand-cantina-cantolio","7":"product_cat-apulien","8":"product_cat-italien","9":"product_cat-rotwein","11":"first","12":"instock","13":"purchasable","14":"product-type-simple"},"_links":{"self":[{"href":"https:\/\/vinothek-schmidli.ch\/index.php?rest_route=\/wp\/v2\/product\/25067","targetHints":{"allow":["GET"]}}],"collection":[{"href":"https:\/\/vinothek-schmidli.ch\/index.php?rest_route=\/wp\/v2\/product"}],"about":[{"href":"https:\/\/vinothek-schmidli.ch\/index.php?rest_route=\/wp\/v2\/types\/product"}],"wp:featuredmedia":[{"embeddable":true,"href":"https:\/\/vinothek-schmidli.ch\/index.php?rest_route=\/wp\/v2\/media\/23972"}],"wp:attachment":[{"href":"https:\/\/vinothek-schmidli.ch\/index.php?rest_route=%2Fwp%2Fv2%2Fmedia&parent=25067"}],"wp:term":[{"taxonomy":"product_brand","embeddable":true,"href":"https:\/\/vinothek-schmidli.ch\/index.php?rest_route=%2Fwp%2Fv2%2Fproduct_brand&post=25067"},{"taxonomy":"product_cat","embeddable":true,"href":"https:\/\/vinothek-schmidli.ch\/index.php?rest_route=%2Fwp%2Fv2%2Fproduct_cat&post=25067"},{"taxonomy":"product_tag","embeddable":true,"href":"https:\/\/vinothek-schmidli.ch\/index.php?rest_route=%2Fwp%2Fv2%2Fproduct_tag&post=25067"}],"curies":[{"name":"wp","href":"https:\/\/api.w.org\/{rel}","templated":true}]}}