{"id":25083,"date":"2026-04-20T09:25:12","date_gmt":"2026-04-20T08:25:12","guid":{"rendered":"https:\/\/vinothek-schmidli.ch\/?product=traminer-loch-aoc-2023"},"modified":"2026-04-20T09:25:15","modified_gmt":"2026-04-20T08:25:15","slug":"traminer-loch-aoc-2023","status":"publish","type":"product","link":"https:\/\/vinothek-schmidli.ch\/?product=traminer-loch-aoc-2023","title":{"rendered":"Traminer Loch AOC 2023"},"content":{"rendered":"<table class=\"vino-product-specs\">\n<tbody>\n<tr>\n<th>Produzent<\/th>\n<td>Baumgarnter Weinbau<\/td>\n<\/tr>\n<tr>\n<th>Land<\/th>\n<td>Schweiz<\/td>\n<\/tr>\n<tr>\n<th>Region<\/th>\n<td>Aargau<\/td>\n<\/tr>\n<tr>\n<th>Trauben<\/th>\n<td>Roter Traminer (Savagnin rose)<\/td>\n<\/tr>\n<tr>\n<th>Inhalt<\/th>\n<td>75cl<\/td>\n<\/tr>\n<tr>\n<th>Jahrgang<\/th>\n<td>2023<\/td>\n<\/tr>\n<tr>\n<th>Volumen<\/th>\n<td>13.50<\/td>\n<\/tr>\n<tr class=\"vino-product-specs-desc\">\n<td colspan=\"2\">Der Traminer ist die Stammsorte, aus welcher der Gew\u00fcrztraminer durch nat\u00fcrliche Mutation entstand. Die Spielart des Roten Traminers mit seinen typischen kleinen, rosafarbigen Trauben ergibt einen sehr fruchtigen und kraftvollen, goldgelben Weisswein mit ausgepr\u00e4gten Aromen nach Rosen und Litchi. Die kr\u00e4ftige S\u00e4ure wirkt sehr frisch und belebend. Passt hervorragend zu gebeiztem Lachs mit Meerrettich und falschen Kapern.<\/td>\n<\/tr>\n<\/tbody>\n<\/table>\n","protected":false},"excerpt":{"rendered":"<p>Produzent Baumgarnter Weinbau Land Schweiz Region Aargau Trauben Roter Traminer (Savagnin rose) Inhalt 75cl Jahrgang 2023 Volumen 13.50 Der Traminer ist die Stammsorte, aus welcher der Gew\u00fcrztraminer durch nat\u00fcrliche Mutation entstand. Die Spielart des Roten Traminers mit seinen typischen kleinen, rosafarbigen Trauben ergibt einen sehr [&hellip;]<\/p>\n","protected":false},"featured_media":24227,"template":"","meta":[],"product_brand":[1331],"product_cat":[1007,950,993],"product_tag":[],"class_list":{"0":"post-25083","1":"product","2":"type-product","3":"status-publish","4":"has-post-thumbnail","6":"product_brand-baumgarnter-weinbau","7":"product_cat-aargau","8":"product_cat-schweiz","9":"product_cat-weisswein","11":"first","12":"instock","13":"purchasable","14":"product-type-simple"},"_links":{"self":[{"href":"https:\/\/vinothek-schmidli.ch\/index.php?rest_route=\/wp\/v2\/product\/25083","targetHints":{"allow":["GET"]}}],"collection":[{"href":"https:\/\/vinothek-schmidli.ch\/index.php?rest_route=\/wp\/v2\/product"}],"about":[{"href":"https:\/\/vinothek-schmidli.ch\/index.php?rest_route=\/wp\/v2\/types\/product"}],"wp:featuredmedia":[{"embeddable":true,"href":"https:\/\/vinothek-schmidli.ch\/index.php?rest_route=\/wp\/v2\/media\/24227"}],"wp:attachment":[{"href":"https:\/\/vinothek-schmidli.ch\/index.php?rest_route=%2Fwp%2Fv2%2Fmedia&parent=25083"}],"wp:term":[{"taxonomy":"product_brand","embeddable":true,"href":"https:\/\/vinothek-schmidli.ch\/index.php?rest_route=%2Fwp%2Fv2%2Fproduct_brand&post=25083"},{"taxonomy":"product_cat","embeddable":true,"href":"https:\/\/vinothek-schmidli.ch\/index.php?rest_route=%2Fwp%2Fv2%2Fproduct_cat&post=25083"},{"taxonomy":"product_tag","embeddable":true,"href":"https:\/\/vinothek-schmidli.ch\/index.php?rest_route=%2Fwp%2Fv2%2Fproduct_tag&post=25083"}],"curies":[{"name":"wp","href":"https:\/\/api.w.org\/{rel}","templated":true}]}}