{"id":25095,"date":"2026-04-20T09:25:19","date_gmt":"2026-04-20T08:25:19","guid":{"rendered":"https:\/\/vinothek-schmidli.ch\/?product=la-casa-de-las-locas-albarino-do-2022"},"modified":"2026-04-20T09:25:20","modified_gmt":"2026-04-20T08:25:20","slug":"la-casa-de-las-locas-albarino-do-2022","status":"publish","type":"product","link":"https:\/\/vinothek-schmidli.ch\/?product=la-casa-de-las-locas-albarino-do-2022","title":{"rendered":"La Casa de Las Locas Albari\u00f1o DO 2022"},"content":{"rendered":"<table class=\"vino-product-specs\">\n<tbody>\n<tr>\n<th>Produzent<\/th>\n<td>Bodegas Pe\u00f1afiel<\/td>\n<\/tr>\n<tr>\n<th>Land<\/th>\n<td>Spanien<\/td>\n<\/tr>\n<tr>\n<th>Region<\/th>\n<td>Rias Baixas<\/td>\n<\/tr>\n<tr>\n<th>Trauben<\/th>\n<td>Albari\u00f1o<\/td>\n<\/tr>\n<tr>\n<th>Inhalt<\/th>\n<td>75cl<\/td>\n<\/tr>\n<tr>\n<th>Jahrgang<\/th>\n<td>2022<\/td>\n<\/tr>\n<tr>\n<th>Volumen<\/th>\n<td>12.50<\/td>\n<\/tr>\n<tr class=\"vino-product-specs-desc\">\n<td colspan=\"2\">Die Rebsorte Albari\u00f1o ist vielschichtig, kann von leichten spritzigen bis hin zu sehr komplexen und gut reifenden Weinen so ziemlich das ganze Spektrum abbilden. Der Charakter ist super eigenst\u00e4ndig und die Weine sind einfach vielseitig und super einsetzbar.<\/p>\n<p>\nLa Casa de las Locas geh\u00f6rt zum Top Weingut Penafiel aus Ribera del Duero, entsprechend hoch ist auch der Anspruch an den Wein. <\/p>\n<p>\nSchon in der Nase merkt man, dass hier ein sehr erwachsener Wein im Glas darauf wartet verkostet zu werden. <\/p>\n<p>\nSehr viel helle Frucht wie Birne oder wei\u00dfer Pfirsich, dazu Ankl\u00e4nge von Zitrusfr\u00fcchten. Am Gaumen dann richtig druckvoll, sehr rassige, spritzige S\u00e4ure, die sofort das Wasser im Mund zusammenlaufen l\u00e4sst. Ein Hauch Mandarine, etwas steinige Mineralik &#8211; oh ja das ist schon recht komplex, dennoch sehr viel Trinkspass. <\/p>\n<p>\nHerkunft verpflichtet &#8211; ein Wein der super zu Meeresfr\u00fcchten, oder Reisgerichten mit Fisch und Meeresfr\u00fcchten, also Paella passt, besser geht eigentlich nicht.<\/td>\n<\/tr>\n<\/tbody>\n<\/table>\n","protected":false},"excerpt":{"rendered":"<p>Produzent Bodegas Pe\u00f1afiel Land Spanien Region Rias Baixas Trauben Albari\u00f1o Inhalt 75cl Jahrgang 2022 Volumen 12.50 Die Rebsorte Albari\u00f1o ist vielschichtig, kann von leichten spritzigen bis hin zu sehr komplexen und gut reifenden Weinen so ziemlich das ganze Spektrum abbilden. Der Charakter ist super eigenst\u00e4ndig [&hellip;]<\/p>\n","protected":false},"featured_media":24028,"template":"","meta":[],"product_brand":[1264],"product_cat":[1015,960,993],"product_tag":[],"class_list":{"0":"post-25095","1":"product","2":"type-product","3":"status-publish","4":"has-post-thumbnail","6":"product_brand-bodegas-penafiel","7":"product_cat-rias-baixas","8":"product_cat-spanien","9":"product_cat-weisswein","11":"first","12":"instock","13":"purchasable","14":"product-type-simple"},"_links":{"self":[{"href":"https:\/\/vinothek-schmidli.ch\/index.php?rest_route=\/wp\/v2\/product\/25095","targetHints":{"allow":["GET"]}}],"collection":[{"href":"https:\/\/vinothek-schmidli.ch\/index.php?rest_route=\/wp\/v2\/product"}],"about":[{"href":"https:\/\/vinothek-schmidli.ch\/index.php?rest_route=\/wp\/v2\/types\/product"}],"wp:featuredmedia":[{"embeddable":true,"href":"https:\/\/vinothek-schmidli.ch\/index.php?rest_route=\/wp\/v2\/media\/24028"}],"wp:attachment":[{"href":"https:\/\/vinothek-schmidli.ch\/index.php?rest_route=%2Fwp%2Fv2%2Fmedia&parent=25095"}],"wp:term":[{"taxonomy":"product_brand","embeddable":true,"href":"https:\/\/vinothek-schmidli.ch\/index.php?rest_route=%2Fwp%2Fv2%2Fproduct_brand&post=25095"},{"taxonomy":"product_cat","embeddable":true,"href":"https:\/\/vinothek-schmidli.ch\/index.php?rest_route=%2Fwp%2Fv2%2Fproduct_cat&post=25095"},{"taxonomy":"product_tag","embeddable":true,"href":"https:\/\/vinothek-schmidli.ch\/index.php?rest_route=%2Fwp%2Fv2%2Fproduct_tag&post=25095"}],"curies":[{"name":"wp","href":"https:\/\/api.w.org\/{rel}","templated":true}]}}