{"id":25106,"date":"2026-04-20T09:25:19","date_gmt":"2026-04-20T08:25:19","guid":{"rendered":"https:\/\/vinothek-schmidli.ch\/?product=villa-donoratico-bolgheri-rosso-doc-2022"},"modified":"2026-04-20T09:25:22","modified_gmt":"2026-04-20T08:25:22","slug":"villa-donoratico-bolgheri-rosso-doc-2022","status":"publish","type":"product","link":"https:\/\/vinothek-schmidli.ch\/?product=villa-donoratico-bolgheri-rosso-doc-2022","title":{"rendered":"Villa Donoratico Bolgheri Rosso DOC 2022"},"content":{"rendered":"<table class=\"vino-product-specs\">\n<tbody>\n<tr>\n<th>Produzent<\/th>\n<td>Argentiera<\/td>\n<\/tr>\n<tr>\n<th>Land<\/th>\n<td>Italien<\/td>\n<\/tr>\n<tr>\n<th>Region<\/th>\n<td>Toskana<\/td>\n<\/tr>\n<tr>\n<th>Trauben<\/th>\n<td>Cabernet Sauvignon 45%, Merlot 30%, Cabernet Franc 15%, Petit Verdot 10%<\/td>\n<\/tr>\n<tr>\n<th>Inhalt<\/th>\n<td>75cl<\/td>\n<\/tr>\n<tr>\n<th>Jahrgang<\/th>\n<td>2022<\/td>\n<\/tr>\n<tr>\n<th>Volumen<\/th>\n<td>14.50<\/td>\n<\/tr>\n<tr class=\"vino-product-specs-desc\">\n<td colspan=\"2\">Intensiv leuchtendes Rubinrot. Im Bouquet besticht Villa Donoratico durch Aromen von roten Beeren wie rote Johannisbeere, Himbeere und Kirsche. Es kommen s\u00fcsse Noten auf, die an exotische D\u00fcfte sowie w\u00fcrzige und \u00e4therische Noten wie Lakritze und Eukalyptus erinnern, mit einem Abgang von Lorbeer und Salbei. Am Gaumen elegant, zeigt sich der Villa Donoratico mit seidigen und vollmundigen Tanninen, die gut pr\u00e4sent sind. Man findet die Aromen des Bouquets wieder, welche dann mit angenehm fruchtigen Noten enden. Langanhaltender Nachgeschmack mit intensiven Aromen und im Abgang sch\u00f6n frisch und mineralisch.<\/td>\n<\/tr>\n<\/tbody>\n<\/table>\n","protected":false},"excerpt":{"rendered":"<p>Produzent Argentiera Land Italien Region Toskana Trauben Cabernet Sauvignon 45%, Merlot 30%, Cabernet Franc 15%, Petit Verdot 10% Inhalt 75cl Jahrgang 2022 Volumen 14.50 Intensiv leuchtendes Rubinrot. Im Bouquet besticht Villa Donoratico durch Aromen von roten Beeren wie rote Johannisbeere, Himbeere und Kirsche. Es kommen [&hellip;]<\/p>\n","protected":false},"featured_media":24189,"template":"","meta":[],"product_brand":[1340],"product_cat":[947,963,981],"product_tag":[],"class_list":{"0":"post-25106","1":"product","2":"type-product","3":"status-publish","4":"has-post-thumbnail","6":"product_brand-argentiera","7":"product_cat-italien","8":"product_cat-rotwein","9":"product_cat-toskana","11":"first","12":"instock","13":"purchasable","14":"product-type-simple"},"_links":{"self":[{"href":"https:\/\/vinothek-schmidli.ch\/index.php?rest_route=\/wp\/v2\/product\/25106","targetHints":{"allow":["GET"]}}],"collection":[{"href":"https:\/\/vinothek-schmidli.ch\/index.php?rest_route=\/wp\/v2\/product"}],"about":[{"href":"https:\/\/vinothek-schmidli.ch\/index.php?rest_route=\/wp\/v2\/types\/product"}],"wp:featuredmedia":[{"embeddable":true,"href":"https:\/\/vinothek-schmidli.ch\/index.php?rest_route=\/wp\/v2\/media\/24189"}],"wp:attachment":[{"href":"https:\/\/vinothek-schmidli.ch\/index.php?rest_route=%2Fwp%2Fv2%2Fmedia&parent=25106"}],"wp:term":[{"taxonomy":"product_brand","embeddable":true,"href":"https:\/\/vinothek-schmidli.ch\/index.php?rest_route=%2Fwp%2Fv2%2Fproduct_brand&post=25106"},{"taxonomy":"product_cat","embeddable":true,"href":"https:\/\/vinothek-schmidli.ch\/index.php?rest_route=%2Fwp%2Fv2%2Fproduct_cat&post=25106"},{"taxonomy":"product_tag","embeddable":true,"href":"https:\/\/vinothek-schmidli.ch\/index.php?rest_route=%2Fwp%2Fv2%2Fproduct_tag&post=25106"}],"curies":[{"name":"wp","href":"https:\/\/api.w.org\/{rel}","templated":true}]}}