{"id":25112,"date":"2026-04-20T09:25:25","date_gmt":"2026-04-20T08:25:25","guid":{"rendered":"https:\/\/vinothek-schmidli.ch\/?product=alaya-tierra-dop-2021"},"modified":"2026-04-20T09:25:26","modified_gmt":"2026-04-20T08:25:26","slug":"alaya-tierra-dop-2021","status":"publish","type":"product","link":"https:\/\/vinothek-schmidli.ch\/?product=alaya-tierra-dop-2021","title":{"rendered":"Alaya Tierra DOP 2021"},"content":{"rendered":"<table class=\"vino-product-specs\">\n<tbody>\n<tr>\n<th>Produzent<\/th>\n<td>Bodegas Atalaya<\/td>\n<\/tr>\n<tr>\n<th>Land<\/th>\n<td>Spanien<\/td>\n<\/tr>\n<tr>\n<th>Region<\/th>\n<td>Almansa<\/td>\n<\/tr>\n<tr>\n<th>Trauben<\/th>\n<td>Garnacha Tintorera<\/td>\n<\/tr>\n<tr>\n<th>Inhalt<\/th>\n<td>75cl<\/td>\n<\/tr>\n<tr>\n<th>Jahrgang<\/th>\n<td>2021<\/td>\n<\/tr>\n<tr>\n<th>Volumen<\/th>\n<td>16.00<\/td>\n<\/tr>\n<tr class=\"vino-product-specs-desc\">\n<td colspan=\"2\">Mit seinem Alkohlolgehalt von 16% Vol. ein gewaltiger, aber eleganter und raffinierter Rotwein aus 100% Garnacha Tintorera aus H\u00f6henlagen von etwa 1000 Meter in der kommenden Weinregion Almansa.<\/p>\n<p>Die Garnacha Tintorera ist eine der seltenen Erscheinung bei den roten Trauben, sie hat n\u00e4mlich rotes Fruchtfleisch! <\/p>\n<p>\nDie sehr alten Reben werden in der typischen, sehr extensiven Busch-Erziehung auf sehr kalkhaltigen B\u00f6den kultiviert.<\/p>\n<p>\nAusbau:<br \/>\n15 Monate in neuer franz\u00f6sicher und amerikanischer Eiche ausgebaut.<\/p>\n<p>\nDegunotiz<br \/>\nWohl fast n\u00e4her an einem Vintage Port als an einem Wein! Schwarze Farbe, schwarze Frucht, Rauch und Tabak im Duft.M\u00e4chtige Struktur mit viel S\u00fcsse, cremig und zugleich noch recht astringierend dank enormer Gerbstoffladung, w\u00e4rmender Alkohol. Viel Fruchtextrakt, Noten von Tabak, Holz. Ein Wein nicht nur f\u00fcr kalte Wintern\u00e4chte!<\/td>\n<\/tr>\n<\/tbody>\n<\/table>\n","protected":false},"excerpt":{"rendered":"<p>Produzent Bodegas Atalaya Land Spanien Region Almansa Trauben Garnacha Tintorera Inhalt 75cl Jahrgang 2021 Volumen 16.00 Mit seinem Alkohlolgehalt von 16% Vol. ein gewaltiger, aber eleganter und raffinierter Rotwein aus 100% Garnacha Tintorera aus H\u00f6henlagen von etwa 1000 Meter in der kommenden Weinregion Almansa. Die [&hellip;]<\/p>\n","protected":false},"featured_media":24067,"template":"","meta":[],"product_brand":[1219],"product_cat":[1025,963,960],"product_tag":[],"class_list":{"0":"post-25112","1":"product","2":"type-product","3":"status-publish","4":"has-post-thumbnail","6":"product_brand-bodegas-atalaya","7":"product_cat-almansa","8":"product_cat-rotwein","9":"product_cat-spanien","11":"first","12":"instock","13":"purchasable","14":"product-type-simple"},"_links":{"self":[{"href":"https:\/\/vinothek-schmidli.ch\/index.php?rest_route=\/wp\/v2\/product\/25112","targetHints":{"allow":["GET"]}}],"collection":[{"href":"https:\/\/vinothek-schmidli.ch\/index.php?rest_route=\/wp\/v2\/product"}],"about":[{"href":"https:\/\/vinothek-schmidli.ch\/index.php?rest_route=\/wp\/v2\/types\/product"}],"wp:featuredmedia":[{"embeddable":true,"href":"https:\/\/vinothek-schmidli.ch\/index.php?rest_route=\/wp\/v2\/media\/24067"}],"wp:attachment":[{"href":"https:\/\/vinothek-schmidli.ch\/index.php?rest_route=%2Fwp%2Fv2%2Fmedia&parent=25112"}],"wp:term":[{"taxonomy":"product_brand","embeddable":true,"href":"https:\/\/vinothek-schmidli.ch\/index.php?rest_route=%2Fwp%2Fv2%2Fproduct_brand&post=25112"},{"taxonomy":"product_cat","embeddable":true,"href":"https:\/\/vinothek-schmidli.ch\/index.php?rest_route=%2Fwp%2Fv2%2Fproduct_cat&post=25112"},{"taxonomy":"product_tag","embeddable":true,"href":"https:\/\/vinothek-schmidli.ch\/index.php?rest_route=%2Fwp%2Fv2%2Fproduct_tag&post=25112"}],"curies":[{"name":"wp","href":"https:\/\/api.w.org\/{rel}","templated":true}]}}