{"id":25113,"date":"2026-04-20T09:25:25","date_gmt":"2026-04-20T08:25:25","guid":{"rendered":"https:\/\/vinothek-schmidli.ch\/?product=gran-veran-do-2021"},"modified":"2026-04-20T09:25:26","modified_gmt":"2026-04-20T08:25:26","slug":"gran-veran-do-2021","status":"publish","type":"product","link":"https:\/\/vinothek-schmidli.ch\/?product=gran-veran-do-2021","title":{"rendered":"Gran V\u00e9ran DO 2021"},"content":{"rendered":"<table class=\"vino-product-specs\">\n<tbody>\n<tr>\n<th>Produzent<\/th>\n<td>Finca Biniagual<\/td>\n<\/tr>\n<tr>\n<th>Land<\/th>\n<td>Spanien<\/td>\n<\/tr>\n<tr>\n<th>Region<\/th>\n<td>Mallorca<\/td>\n<\/tr>\n<tr>\n<th>Trauben<\/th>\n<td>Shiraz, Manto Negro<\/td>\n<\/tr>\n<tr>\n<th>Inhalt<\/th>\n<td>75 cl<\/td>\n<\/tr>\n<tr>\n<th>Jahrgang<\/th>\n<td>2021<\/td>\n<\/tr>\n<tr>\n<th>Volumen<\/th>\n<td>14.50<\/td>\n<\/tr>\n<tr class=\"vino-product-specs-desc\">\n<td colspan=\"2\">Komplexes, tiefgr\u00fcndiges Bouquet. Noten von Blaubeeren, getrockneten<br \/>\nFr\u00fcchten, Holz und Vanille. Im Gaumen m\u00e4chtig mit viel<br \/>\nExtrakt und einigem Tannin.<\/td>\n<\/tr>\n<\/tbody>\n<\/table>\n","protected":false},"excerpt":{"rendered":"<p>Produzent Finca Biniagual Land Spanien Region Mallorca Trauben Shiraz, Manto Negro Inhalt 75 cl Jahrgang 2021 Volumen 14.50 Komplexes, tiefgr\u00fcndiges Bouquet. Noten von Blaubeeren, getrockneten Fr\u00fcchten, Holz und Vanille. Im Gaumen m\u00e4chtig mit viel Extrakt und einigem Tannin.<\/p>\n","protected":false},"featured_media":24103,"template":"","meta":[],"product_brand":[1072],"product_cat":[968,963,960],"product_tag":[],"class_list":{"0":"post-25113","1":"product","2":"type-product","3":"status-publish","4":"has-post-thumbnail","6":"product_brand-finca-biniagual","7":"product_cat-mallorca","8":"product_cat-rotwein","9":"product_cat-spanien","11":"first","12":"instock","13":"purchasable","14":"product-type-simple"},"_links":{"self":[{"href":"https:\/\/vinothek-schmidli.ch\/index.php?rest_route=\/wp\/v2\/product\/25113","targetHints":{"allow":["GET"]}}],"collection":[{"href":"https:\/\/vinothek-schmidli.ch\/index.php?rest_route=\/wp\/v2\/product"}],"about":[{"href":"https:\/\/vinothek-schmidli.ch\/index.php?rest_route=\/wp\/v2\/types\/product"}],"wp:featuredmedia":[{"embeddable":true,"href":"https:\/\/vinothek-schmidli.ch\/index.php?rest_route=\/wp\/v2\/media\/24103"}],"wp:attachment":[{"href":"https:\/\/vinothek-schmidli.ch\/index.php?rest_route=%2Fwp%2Fv2%2Fmedia&parent=25113"}],"wp:term":[{"taxonomy":"product_brand","embeddable":true,"href":"https:\/\/vinothek-schmidli.ch\/index.php?rest_route=%2Fwp%2Fv2%2Fproduct_brand&post=25113"},{"taxonomy":"product_cat","embeddable":true,"href":"https:\/\/vinothek-schmidli.ch\/index.php?rest_route=%2Fwp%2Fv2%2Fproduct_cat&post=25113"},{"taxonomy":"product_tag","embeddable":true,"href":"https:\/\/vinothek-schmidli.ch\/index.php?rest_route=%2Fwp%2Fv2%2Fproduct_tag&post=25113"}],"curies":[{"name":"wp","href":"https:\/\/api.w.org\/{rel}","templated":true}]}}