{"id":25118,"date":"2026-04-20T09:25:25","date_gmt":"2026-04-20T08:25:25","guid":{"rendered":"https:\/\/vinothek-schmidli.ch\/?product=yotuel%c2%92-seleccion-do-2021"},"modified":"2026-04-20T09:25:27","modified_gmt":"2026-04-20T08:25:27","slug":"yotuel%c2%92-seleccion-do-2021","status":"publish","type":"product","link":"https:\/\/vinothek-schmidli.ch\/?product=yotuel%c2%92-seleccion-do-2021","title":{"rendered":"Yotuel\u0092 Selecc\u00edon DO 2021"},"content":{"rendered":"<table class=\"vino-product-specs\">\n<tbody>\n<tr>\n<th>Produzent<\/th>\n<td>Bodegas Gallego Zapatero<\/td>\n<\/tr>\n<tr>\n<th>Land<\/th>\n<td>Spanien<\/td>\n<\/tr>\n<tr>\n<th>Region<\/th>\n<td>Ribera del Duero<\/td>\n<\/tr>\n<tr>\n<th>Trauben<\/th>\n<td>100% Tinta del Pa\u00eds<\/td>\n<\/tr>\n<tr>\n<th>Inhalt<\/th>\n<td>75cl<\/td>\n<\/tr>\n<tr>\n<th>Jahrgang<\/th>\n<td>2021<\/td>\n<\/tr>\n<tr>\n<th>Volumen<\/th>\n<td>15.00<\/td>\n<\/tr>\n<tr class=\"vino-product-specs-desc\">\n<td colspan=\"2\">Die Avantgarde der Ribera! Mediterrane Pracht im edlen Bouquet, das nicht vom Holz dominiert wird sondern von einer warmen \u00fcppigen Beerenfrucht. Im Mundgef\u00fchl setzt die Seleccion mehr auf Dichte und Finesse, als auf vordergr\u00fcndige Wirkung. Trotzdem entfaltet sich enorme Kraft im Mund, die mit bezaubernder Gerbstoffqualit\u00e4t die Zunge wie Kaschmir streichelt. Markant mineralisch klingt dieser Bolide am Gaumen nach, ungew\u00f6hnlich persistent und mit einer Strahlkraft, die nur gro\u00dfen Weinen vorbehalten ist.<\/p>\n<p>Barriquefass Ausbau f\u00fcr 14 Monate in franz\u00f6sischer Eiche.<\/td>\n<\/tr>\n<\/tbody>\n<\/table>\n","protected":false},"excerpt":{"rendered":"<p>Produzent Bodegas Gallego Zapatero Land Spanien Region Ribera del Duero Trauben 100% Tinta del Pa\u00eds Inhalt 75cl Jahrgang 2021 Volumen 15.00 Die Avantgarde der Ribera! Mediterrane Pracht im edlen Bouquet, das nicht vom Holz dominiert wird sondern von einer warmen \u00fcppigen Beerenfrucht. Im Mundgef\u00fchl setzt [&hellip;]<\/p>\n","protected":false},"featured_media":24102,"template":"","meta":[],"product_brand":[1356],"product_cat":[1012,963,960],"product_tag":[],"class_list":{"0":"post-25118","1":"product","2":"type-product","3":"status-publish","4":"has-post-thumbnail","6":"product_brand-bodegas-gallego-zapatero","7":"product_cat-ribera-del-duero","8":"product_cat-rotwein","9":"product_cat-spanien","11":"first","12":"instock","13":"purchasable","14":"product-type-simple"},"_links":{"self":[{"href":"https:\/\/vinothek-schmidli.ch\/index.php?rest_route=\/wp\/v2\/product\/25118","targetHints":{"allow":["GET"]}}],"collection":[{"href":"https:\/\/vinothek-schmidli.ch\/index.php?rest_route=\/wp\/v2\/product"}],"about":[{"href":"https:\/\/vinothek-schmidli.ch\/index.php?rest_route=\/wp\/v2\/types\/product"}],"wp:featuredmedia":[{"embeddable":true,"href":"https:\/\/vinothek-schmidli.ch\/index.php?rest_route=\/wp\/v2\/media\/24102"}],"wp:attachment":[{"href":"https:\/\/vinothek-schmidli.ch\/index.php?rest_route=%2Fwp%2Fv2%2Fmedia&parent=25118"}],"wp:term":[{"taxonomy":"product_brand","embeddable":true,"href":"https:\/\/vinothek-schmidli.ch\/index.php?rest_route=%2Fwp%2Fv2%2Fproduct_brand&post=25118"},{"taxonomy":"product_cat","embeddable":true,"href":"https:\/\/vinothek-schmidli.ch\/index.php?rest_route=%2Fwp%2Fv2%2Fproduct_cat&post=25118"},{"taxonomy":"product_tag","embeddable":true,"href":"https:\/\/vinothek-schmidli.ch\/index.php?rest_route=%2Fwp%2Fv2%2Fproduct_tag&post=25118"}],"curies":[{"name":"wp","href":"https:\/\/api.w.org\/{rel}","templated":true}]}}