{"id":25122,"date":"2026-04-20T09:25:25","date_gmt":"2026-04-20T08:25:25","guid":{"rendered":"https:\/\/vinothek-schmidli.ch\/?product=nicolon-barbera-dalba-doc-2023"},"modified":"2026-04-20T09:25:28","modified_gmt":"2026-04-20T08:25:28","slug":"nicolon-barbera-dalba-doc-2023","status":"publish","type":"product","link":"https:\/\/vinothek-schmidli.ch\/?product=nicolon-barbera-dalba-doc-2023","title":{"rendered":"Nicolon Barbera d&#8217;Alba DOC 2023"},"content":{"rendered":"<table class=\"vino-product-specs\">\n<tbody>\n<tr>\n<th>Produzent<\/th>\n<td>Negro Angelo &#038; Figli<\/td>\n<\/tr>\n<tr>\n<th>Land<\/th>\n<td>Italien<\/td>\n<\/tr>\n<tr>\n<th>Region<\/th>\n<td>Piemont<\/td>\n<\/tr>\n<tr>\n<th>Trauben<\/th>\n<td>Barbera<\/td>\n<\/tr>\n<tr>\n<th>Inhalt<\/th>\n<td>75 cl<\/td>\n<\/tr>\n<tr>\n<th>Jahrgang<\/th>\n<td>2023<\/td>\n<\/tr>\n<tr>\n<th>Volumen<\/th>\n<td>14.50<\/td>\n<\/tr>\n<tr class=\"vino-product-specs-desc\">\n<td colspan=\"2\">In der Nase Noten von Kirschen, Brombeeren und erdige Ankl\u00e4nge.<br \/>\nDer Geschmack ist vollmundig mit einer gef\u00e4lligen S\u00e4ure. Gute Struktur,<br \/>\ndie die fruchtigen Noten und Ankl\u00e4nge an Vanille unterstreicht.<\/td>\n<\/tr>\n<\/tbody>\n<\/table>\n","protected":false},"excerpt":{"rendered":"<p>Produzent Negro Angelo &#038; Figli Land Italien Region Piemont Trauben Barbera Inhalt 75 cl Jahrgang 2023 Volumen 14.50 In der Nase Noten von Kirschen, Brombeeren und erdige Ankl\u00e4nge. Der Geschmack ist vollmundig mit einer gef\u00e4lligen S\u00e4ure. Gute Struktur, die die fruchtigen Noten und Ankl\u00e4nge an [&hellip;]<\/p>\n","protected":false},"featured_media":24022,"template":"","meta":[],"product_brand":[1069],"product_cat":[947,949,963],"product_tag":[],"class_list":{"0":"post-25122","1":"product","2":"type-product","3":"status-publish","4":"has-post-thumbnail","6":"product_brand-negro-angelo-figli","7":"product_cat-italien","8":"product_cat-piemont","9":"product_cat-rotwein","11":"first","12":"instock","13":"purchasable","14":"product-type-simple"},"_links":{"self":[{"href":"https:\/\/vinothek-schmidli.ch\/index.php?rest_route=\/wp\/v2\/product\/25122","targetHints":{"allow":["GET"]}}],"collection":[{"href":"https:\/\/vinothek-schmidli.ch\/index.php?rest_route=\/wp\/v2\/product"}],"about":[{"href":"https:\/\/vinothek-schmidli.ch\/index.php?rest_route=\/wp\/v2\/types\/product"}],"wp:featuredmedia":[{"embeddable":true,"href":"https:\/\/vinothek-schmidli.ch\/index.php?rest_route=\/wp\/v2\/media\/24022"}],"wp:attachment":[{"href":"https:\/\/vinothek-schmidli.ch\/index.php?rest_route=%2Fwp%2Fv2%2Fmedia&parent=25122"}],"wp:term":[{"taxonomy":"product_brand","embeddable":true,"href":"https:\/\/vinothek-schmidli.ch\/index.php?rest_route=%2Fwp%2Fv2%2Fproduct_brand&post=25122"},{"taxonomy":"product_cat","embeddable":true,"href":"https:\/\/vinothek-schmidli.ch\/index.php?rest_route=%2Fwp%2Fv2%2Fproduct_cat&post=25122"},{"taxonomy":"product_tag","embeddable":true,"href":"https:\/\/vinothek-schmidli.ch\/index.php?rest_route=%2Fwp%2Fv2%2Fproduct_tag&post=25122"}],"curies":[{"name":"wp","href":"https:\/\/api.w.org\/{rel}","templated":true}]}}