{"id":25127,"date":"2026-04-20T09:25:25","date_gmt":"2026-04-20T08:25:25","guid":{"rendered":"https:\/\/vinothek-schmidli.ch\/?product=bodegas-win-tempranillo-0"},"modified":"2026-04-20T09:25:29","modified_gmt":"2026-04-20T08:25:29","slug":"bodegas-win-tempranillo-0","status":"publish","type":"product","link":"https:\/\/vinothek-schmidli.ch\/?product=bodegas-win-tempranillo-0","title":{"rendered":"Bodegas WIN Tempranillo 0%"},"content":{"rendered":"<table class=\"vino-product-specs\">\n<tbody>\n<tr>\n<th>Produzent<\/th>\n<td>Bodegas WIN<\/td>\n<\/tr>\n<tr>\n<th>Land<\/th>\n<td>Spanien<\/td>\n<\/tr>\n<tr>\n<th>Region<\/th>\n<td><\/td>\n<\/tr>\n<tr>\n<th>Trauben<\/th>\n<td>Tempranillo<\/td>\n<\/tr>\n<tr>\n<th>Inhalt<\/th>\n<td>75cl<\/td>\n<\/tr>\n<tr>\n<th>Jahrgang<\/th>\n<td><\/td>\n<\/tr>\n<tr>\n<th>Volumen<\/th>\n<td>0.00<\/td>\n<\/tr>\n<tr class=\"vino-product-specs-desc\">\n<td colspan=\"2\">Der erste alkoholfreie Rotwein der uns \u00fcberzeugen konnte. Bestimmt auch dank einem 12monatigem Fassausbau.<\/p>\n<p>Die Bodega WIN ist die alkoholfreie Linie des renommierten spanischen Weinguts Matarromera und vereint h\u00f6chste Weintradition mit moderner Genusskultur. Ihre Mission ist, alkoholfreie Weine zu schaffen, welche so aromatisch wie die Originale schmecken und dabei Stil, Eleganz und Nat\u00fcrlichkeit verk\u00f6rpert.<\/p>\n<p>Basis bildet die Tempranillo-Traube, welche auf kalkhaltigen B\u00f6den im Herzen von Castilla y Leon wachsen. Das kontinentale Klima sorgt f\u00fcr intensive Fruchtaromen und eine nat\u00fcrliche Farbe. <\/p>\n<p>Der Alkohol wird besonders schonend entfernt &#8211; mittels der Spinning Cone Column-Technologie. Bei niedrigen Temperaturen bleibt so die gesamte Aromatik und Struktur des Weins erhalten. <\/p>\n<p>Das Ergebnis ist ein alkoholfreier Wein mit unter 0.5% Restalkohol und vollem Charakter.<\/td>\n<\/tr>\n<\/tbody>\n<\/table>\n","protected":false},"excerpt":{"rendered":"<p>Produzent Bodegas WIN Land Spanien Region Trauben Tempranillo Inhalt 75cl Jahrgang Volumen 0.00 Der erste alkoholfreie Rotwein der uns \u00fcberzeugen konnte. Bestimmt auch dank einem 12monatigem Fassausbau. Die Bodega WIN ist die alkoholfreie Linie des renommierten spanischen Weinguts Matarromera und vereint h\u00f6chste Weintradition mit moderner [&hellip;]<\/p>\n","protected":false},"featured_media":24465,"template":"","meta":[],"product_brand":[1371],"product_cat":[1346,960],"product_tag":[],"class_list":{"0":"post-25127","1":"product","2":"type-product","3":"status-publish","4":"has-post-thumbnail","6":"product_brand-bodegas-win","7":"product_cat-alkoholfrei","8":"product_cat-spanien","10":"first","11":"instock","12":"purchasable","13":"product-type-simple"},"_links":{"self":[{"href":"https:\/\/vinothek-schmidli.ch\/index.php?rest_route=\/wp\/v2\/product\/25127","targetHints":{"allow":["GET"]}}],"collection":[{"href":"https:\/\/vinothek-schmidli.ch\/index.php?rest_route=\/wp\/v2\/product"}],"about":[{"href":"https:\/\/vinothek-schmidli.ch\/index.php?rest_route=\/wp\/v2\/types\/product"}],"wp:featuredmedia":[{"embeddable":true,"href":"https:\/\/vinothek-schmidli.ch\/index.php?rest_route=\/wp\/v2\/media\/24465"}],"wp:attachment":[{"href":"https:\/\/vinothek-schmidli.ch\/index.php?rest_route=%2Fwp%2Fv2%2Fmedia&parent=25127"}],"wp:term":[{"taxonomy":"product_brand","embeddable":true,"href":"https:\/\/vinothek-schmidli.ch\/index.php?rest_route=%2Fwp%2Fv2%2Fproduct_brand&post=25127"},{"taxonomy":"product_cat","embeddable":true,"href":"https:\/\/vinothek-schmidli.ch\/index.php?rest_route=%2Fwp%2Fv2%2Fproduct_cat&post=25127"},{"taxonomy":"product_tag","embeddable":true,"href":"https:\/\/vinothek-schmidli.ch\/index.php?rest_route=%2Fwp%2Fv2%2Fproduct_tag&post=25127"}],"curies":[{"name":"wp","href":"https:\/\/api.w.org\/{rel}","templated":true}]}}